{"id":6255,"date":"2024-02-16T14:59:15","date_gmt":"2024-02-16T13:59:15","guid":{"rendered":"https:\/\/new.the-house-shop.com\/?page_id=5099"},"modified":"2026-02-03T10:58:48","modified_gmt":"2026-02-03T09:58:48","slug":"home","status":"publish","type":"page","link":"https:\/\/the-bath-shop.com\/","title":{"rendered":"Home"},"content":{"rendered":"<div id=\"div_block-67-6284\" class=\"ct-div-block\" ><\/div><div id=\"div_block-10-5101\" class=\"ct-div-block\" ><link rel='stylesheet' id='oxygen-unslider-css'  href='https:\/\/the-bath-shop.com\/wp-content\/plugins\/oxygen\/component-framework\/vendor\/unslider\/unslider.css' type='text\/css' media='all'\/><div id=\"slider-17-6284\" class=\"ct-slider ct_unique_slider_7233\" ><div class=\"oxygen-unslider-container\"><ul><li><div id=\"slide-18-6284\" class=\"ct-slide\" ><a id=\"link-80-6284\" class=\"ct-link\" href=\"https:\/\/the-bath-shop.com\/kollektion\/sinclair\/\"   ><div id=\"div_block-60-6284\" class=\"ct-div-block\" ><img decoding=\"async\"  id=\"image-61-6284\" alt=\"\" src=\"https:\/\/the-bath-shop.com\/wp-content\/uploads\/2026\/02\/the-bath-shop-sinclair-mobile.jpg\" class=\"ct-image\"\/><img decoding=\"async\"  id=\"image-66-6284\" alt=\"\" src=\"https:\/\/the-bath-shop.com\/wp-content\/uploads\/2026\/02\/the-bath-shop-sinclair-scaled.jpg\" class=\"ct-image\"\/><section id=\"section-70-6284\" class=\" ct-section\" ><div class=\"ct-section-inner-wrap\"><h2 id=\"headline-87-6284\" class=\"ct-headline\">Die neue Armaturen-Kollektion<\/h2><\/div><\/section><\/div><\/a><\/div><\/li><li><div id=\"slide-20-6284\" class=\"ct-slide\" ><a id=\"link-84-6284\" class=\"ct-link\" href=\"https:\/\/the-bath-shop.com\/kollektionen\/\"   ><div id=\"div_block-56-6284\" class=\"ct-div-block\" ><img decoding=\"async\"  id=\"image-11-5101\" alt=\"The Bath Shop Hero Image\" src=\"https:\/\/the-bath-shop.com\/wp-content\/uploads\/2024\/03\/the-bath-shop-hero.jpg\" class=\"ct-image\"\/><section id=\"section-48-6284\" class=\" ct-section\" ><div class=\"ct-section-inner-wrap\"><h1 id=\"headline-49-6284\" class=\"ct-headline\">THE BATH SHOP - Klassiker fu\u0308rs Badezimmer seit 1996<br><\/h1><\/div><\/section><\/div><\/a><\/div><\/li><\/ul><\/div><\/div><script class=\"ct-slider-script\">jQuery(document).ready(function($){$('#slider-17-6284.ct_unique_slider_7233 .oxygen-unslider-container:not(.unslider-horizontal,.unslider-fade)').unslider({autoplay: false, delay: 3000, animation: 'horizontal', speed : 750, arrows: true, nav: false, infinite: true})});<\/script><\/div>\n\n<section id=\"section-2-5132\" class=\" ct-section\" ><div class=\"ct-section-inner-wrap\"><h2 id=\"headline-3-5132\" class=\"ct-headline\">Produktkategorien<\/h2><div id=\"new_columns-18-5132\" class=\"ct-new-columns\" ><div id=\"div_block-19-5132\" class=\"ct-div-block\" ><a id=\"link-46-5132\" class=\"ct-link category-link-wrapper\" href=\"https:\/\/the-bath-shop.com\/produkt-kategorie\/lavabos\/\"   ><img decoding=\"async\"  id=\"image-14-5132\" alt=\"\" src=\"https:\/\/the-bath-shop.com\/wp-content\/uploads\/2025\/01\/lavabos-thumb.jpg\" class=\"ct-image category-image\" srcset-disabled=\"https:\/\/the-bath-shop.com\/wp-content\/uploads\/2025\/01\/lavabos-thumb.jpg 1000w, https:\/\/the-bath-shop.com\/wp-content\/uploads\/2025\/01\/lavabos-thumb-300x300.jpg 300w, https:\/\/the-bath-shop.com\/wp-content\/uploads\/2025\/01\/lavabos-thumb-150x150.jpg 150w, https:\/\/the-bath-shop.com\/wp-content\/uploads\/2025\/01\/lavabos-thumb-768x768.jpg 768w, https:\/\/the-bath-shop.com\/wp-content\/uploads\/2025\/01\/lavabos-thumb-12x12.jpg 12w, https:\/\/the-bath-shop.com\/wp-content\/uploads\/2025\/01\/lavabos-thumb-800x800.jpg 800w\" sizes=\"(max-width: 1000px) 100vw, 1000px\" \/><h3 id=\"headline-32-5132\" class=\"ct-headline custom-category-heading\">Lavabos<\/h3><\/a><\/div><div id=\"div_block-20-5132\" class=\"ct-div-block\" ><a id=\"link-57-5132\" class=\"ct-link category-link-wrapper\" href=\"https:\/\/the-bath-shop.com\/produkt-kategorie\/klosetts\/\"   ><img decoding=\"async\"  id=\"image-16-5132\" alt=\"\" src=\"https:\/\/the-bath-shop.com\/wp-content\/uploads\/2025\/01\/klosett-thumb.jpg\" class=\"ct-image category-image\" srcset-disabled=\"https:\/\/the-bath-shop.com\/wp-content\/uploads\/2025\/01\/klosett-thumb.jpg 1000w, https:\/\/the-bath-shop.com\/wp-content\/uploads\/2025\/01\/klosett-thumb-300x300.jpg 300w, https:\/\/the-bath-shop.com\/wp-content\/uploads\/2025\/01\/klosett-thumb-150x150.jpg 150w, https:\/\/the-bath-shop.com\/wp-content\/uploads\/2025\/01\/klosett-thumb-768x768.jpg 768w, https:\/\/the-bath-shop.com\/wp-content\/uploads\/2025\/01\/klosett-thumb-12x12.jpg 12w, https:\/\/the-bath-shop.com\/wp-content\/uploads\/2025\/01\/klosett-thumb-800x800.jpg 800w\" sizes=\"(max-width: 1000px) 100vw, 1000px\" \/><h3 id=\"headline-61-5132\" class=\"ct-headline custom-category-heading\">Klosetts<\/h3><\/a><\/div><\/div><div id=\"new_columns-77-6287\" class=\"ct-new-columns\" ><div id=\"div_block-78-6287\" class=\"ct-div-block\" ><a id=\"link-79-6287\" class=\"ct-link category-link-wrapper\" href=\"https:\/\/the-bath-shop.com\/produkt-kategorie\/badewannen\/\"   ><img decoding=\"async\"  id=\"image-80-6287\" alt=\"Bathtub Square\" src=\"https:\/\/the-bath-shop.com\/wp-content\/uploads\/2024\/03\/bathtub-square.jpg\" class=\"ct-image category-image\" srcset-disabled=\"https:\/\/the-bath-shop.com\/wp-content\/uploads\/2024\/03\/bathtub-square.jpg 1000w, https:\/\/the-bath-shop.com\/wp-content\/uploads\/2024\/03\/bathtub-square-300x300.jpg 300w, https:\/\/the-bath-shop.com\/wp-content\/uploads\/2024\/03\/bathtub-square-800x800.jpg 800w, https:\/\/the-bath-shop.com\/wp-content\/uploads\/2024\/03\/bathtub-square-150x150.jpg 150w, https:\/\/the-bath-shop.com\/wp-content\/uploads\/2024\/03\/bathtub-square-768x768.jpg 768w, https:\/\/the-bath-shop.com\/wp-content\/uploads\/2024\/03\/bathtub-square-12x12.jpg 12w\" sizes=\"(max-width: 1000px) 100vw, 1000px\" \/><h3 id=\"headline-81-6287\" class=\"ct-headline custom-category-heading\">Badewannen<\/h3><\/a><\/div><div id=\"div_block-82-6287\" class=\"ct-div-block\" ><a id=\"link-83-6287\" class=\"ct-link category-link-wrapper\" href=\"https:\/\/the-bath-shop.com\/produkt-kategorie\/armaturen\/\"   ><img decoding=\"async\"  id=\"image-84-6287\" alt=\"The Bath Shop Armaturen\" src=\"https:\/\/the-bath-shop.com\/wp-content\/uploads\/2024\/03\/armaturen-tbs-square.jpg\" class=\"ct-image category-image\" srcset-disabled=\"https:\/\/the-bath-shop.com\/wp-content\/uploads\/2024\/03\/armaturen-tbs-square.jpg 1000w, https:\/\/the-bath-shop.com\/wp-content\/uploads\/2024\/03\/armaturen-tbs-square-300x300.jpg 300w, https:\/\/the-bath-shop.com\/wp-content\/uploads\/2024\/03\/armaturen-tbs-square-800x800.jpg 800w, https:\/\/the-bath-shop.com\/wp-content\/uploads\/2024\/03\/armaturen-tbs-square-150x150.jpg 150w, https:\/\/the-bath-shop.com\/wp-content\/uploads\/2024\/03\/armaturen-tbs-square-768x768.jpg 768w, https:\/\/the-bath-shop.com\/wp-content\/uploads\/2024\/03\/armaturen-tbs-square-12x12.jpg 12w\" sizes=\"(max-width: 1000px) 100vw, 1000px\" \/><h3 id=\"headline-85-6287\" class=\"ct-headline custom-category-heading\">Armaturen<\/h3><\/a><\/div><\/div><div id=\"new_columns-62-5132\" class=\"ct-new-columns\" ><div id=\"div_block-63-5132\" class=\"ct-div-block\" ><a id=\"link-64-5132\" class=\"ct-link category-link-wrapper\" href=\"https:\/\/the-bath-shop.com\/produkt-kategorie\/accessoires\/\"   ><img decoding=\"async\"  id=\"image-65-5132\" alt=\"Accessoires Square\" src=\"https:\/\/the-bath-shop.com\/wp-content\/uploads\/2024\/03\/accessoires-square.jpg\" class=\"ct-image category-image\" srcset-disabled=\"https:\/\/the-bath-shop.com\/wp-content\/uploads\/2024\/03\/accessoires-square.jpg 1000w, https:\/\/the-bath-shop.com\/wp-content\/uploads\/2024\/03\/accessoires-square-300x300.jpg 300w, https:\/\/the-bath-shop.com\/wp-content\/uploads\/2024\/03\/accessoires-square-800x800.jpg 800w, https:\/\/the-bath-shop.com\/wp-content\/uploads\/2024\/03\/accessoires-square-150x150.jpg 150w, https:\/\/the-bath-shop.com\/wp-content\/uploads\/2024\/03\/accessoires-square-768x768.jpg 768w, https:\/\/the-bath-shop.com\/wp-content\/uploads\/2024\/03\/accessoires-square-12x12.jpg 12w\" sizes=\"(max-width: 1000px) 100vw, 1000px\" \/><h3 id=\"headline-66-5132\" class=\"ct-headline custom-category-heading\">Accessoires<\/h3><\/a><a id=\"link-67-5132\" class=\"ct-link category-link-wrapper\" href=\"https:\/\/the-bath-shop.com\/produkt-kategorie\/handtuchwaermer\/\"   ><img decoding=\"async\"  id=\"image-68-5132\" alt=\"Handtuchw\u00e4rmer Square\" src=\"https:\/\/the-bath-shop.com\/wp-content\/uploads\/2024\/03\/towel-warmer-square.jpg\" class=\"ct-image category-image\" srcset-disabled=\"https:\/\/the-bath-shop.com\/wp-content\/uploads\/2024\/03\/towel-warmer-square.jpg 1000w, https:\/\/the-bath-shop.com\/wp-content\/uploads\/2024\/03\/towel-warmer-square-300x300.jpg 300w, https:\/\/the-bath-shop.com\/wp-content\/uploads\/2024\/03\/towel-warmer-square-800x800.jpg 800w, https:\/\/the-bath-shop.com\/wp-content\/uploads\/2024\/03\/towel-warmer-square-150x150.jpg 150w, https:\/\/the-bath-shop.com\/wp-content\/uploads\/2024\/03\/towel-warmer-square-768x768.jpg 768w, https:\/\/the-bath-shop.com\/wp-content\/uploads\/2024\/03\/towel-warmer-square-12x12.jpg 12w\" sizes=\"(max-width: 1000px) 100vw, 1000px\" \/><h3 id=\"headline-69-5132\" class=\"ct-headline custom-category-heading\">Handtuchw.<br><\/h3><\/a><\/div><div id=\"div_block-70-5132\" class=\"ct-div-block\" ><a id=\"link-71-5132\" class=\"ct-link category-link-wrapper\" href=\"https:\/\/the-bath-shop.com\/produkt-kategorie\/accessoires\/leuchten\"   ><img decoding=\"async\"  id=\"image-72-5132\" alt=\"\" src=\"https:\/\/the-bath-shop.com\/wp-content\/uploads\/2025\/01\/leuchten-thumb.jpg\" class=\"ct-image category-image\" srcset-disabled=\"https:\/\/the-bath-shop.com\/wp-content\/uploads\/2025\/01\/leuchten-thumb.jpg 1000w, https:\/\/the-bath-shop.com\/wp-content\/uploads\/2025\/01\/leuchten-thumb-300x300.jpg 300w, https:\/\/the-bath-shop.com\/wp-content\/uploads\/2025\/01\/leuchten-thumb-150x150.jpg 150w, https:\/\/the-bath-shop.com\/wp-content\/uploads\/2025\/01\/leuchten-thumb-768x768.jpg 768w, https:\/\/the-bath-shop.com\/wp-content\/uploads\/2025\/01\/leuchten-thumb-12x12.jpg 12w, https:\/\/the-bath-shop.com\/wp-content\/uploads\/2025\/01\/leuchten-thumb-800x800.jpg 800w\" sizes=\"(max-width: 1000px) 100vw, 1000px\" \/><h3 id=\"headline-73-5132\" class=\"ct-headline custom-category-heading\">Leuchten<br><\/h3><\/a><a id=\"link-74-5132\" class=\"ct-link category-link-wrapper\" href=\"https:\/\/the-bath-shop.com\/produkt-kategorie\/accessoires\/klosettdeckel\/\"   ><img decoding=\"async\"  id=\"image-75-5132\" alt=\"\" src=\"https:\/\/the-bath-shop.com\/wp-content\/uploads\/2025\/04\/klosettdeckel-square.jpg\" class=\"ct-image category-image\" srcset-disabled=\"https:\/\/the-bath-shop.com\/wp-content\/uploads\/2025\/04\/klosettdeckel-square.jpg 1200w, https:\/\/the-bath-shop.com\/wp-content\/uploads\/2025\/04\/klosettdeckel-square-300x300.jpg 300w, https:\/\/the-bath-shop.com\/wp-content\/uploads\/2025\/04\/klosettdeckel-square-1024x1024.jpg 1024w, https:\/\/the-bath-shop.com\/wp-content\/uploads\/2025\/04\/klosettdeckel-square-150x150.jpg 150w, https:\/\/the-bath-shop.com\/wp-content\/uploads\/2025\/04\/klosettdeckel-square-768x768.jpg 768w, https:\/\/the-bath-shop.com\/wp-content\/uploads\/2025\/04\/klosettdeckel-square-12x12.jpg 12w, https:\/\/the-bath-shop.com\/wp-content\/uploads\/2025\/04\/klosettdeckel-square-800x800.jpg 800w\" sizes=\"(max-width: 1200px) 100vw, 1200px\" \/><h3 id=\"headline-76-5132\" class=\"ct-headline custom-category-heading\">Klosettdeckel<\/h3><\/a><\/div><\/div><\/div><\/section>\n\n<section id=\"section-32-5127\" class=\" ct-section\" ><div class=\"ct-section-inner-wrap\"><div id=\"new_columns-2-5127\" class=\"ct-new-columns\" ><div id=\"div_block-3-5127\" class=\"ct-div-block\" ><a id=\"link-46-5127\" class=\"ct-link focus-page-link-wrapper\" href=\"https:\/\/the-bath-shop.com\/farben-und-oberflaechen\/\"   ><img decoding=\"async\"  id=\"image-7-5127\" alt=\"\" src=\"https:\/\/the-bath-shop.com\/wp-content\/uploads\/2025\/04\/Colors_Icon.jpeg\" class=\"ct-image focus-page-image\" srcset-disabled=\"https:\/\/the-bath-shop.com\/wp-content\/uploads\/2025\/04\/Colors_Icon.jpeg 960w, https:\/\/the-bath-shop.com\/wp-content\/uploads\/2025\/04\/Colors_Icon-300x300.jpeg 300w, https:\/\/the-bath-shop.com\/wp-content\/uploads\/2025\/04\/Colors_Icon-150x150.jpeg 150w, https:\/\/the-bath-shop.com\/wp-content\/uploads\/2025\/04\/Colors_Icon-768x768.jpeg 768w, https:\/\/the-bath-shop.com\/wp-content\/uploads\/2025\/04\/Colors_Icon-12x12.jpeg 12w, https:\/\/the-bath-shop.com\/wp-content\/uploads\/2025\/04\/Colors_Icon-800x800.jpeg 800w\" sizes=\"(max-width: 960px) 100vw, 960px\" \/><div id=\"div_block-52-6285\" class=\"ct-div-block focus-page-text\" ><h2 id=\"headline-8-5127\" class=\"ct-headline\">Farben &amp; Oberfl\u00e4chen<\/h2><div id=\"text_block-10-5127\" class=\"ct-text-block\" >Mehr Informationen zu unseren Farben und Oberfl\u00e4chen.<br><\/div><\/div><\/a><\/div><div id=\"div_block-5-5127\" class=\"ct-div-block\" ><a id=\"link-39-5127\" class=\"ct-link focus-page-link-wrapper\" href=\"https:\/\/the-bath-shop.com\/showroom\"   ><img decoding=\"async\"  id=\"image-26-5127\" alt=\"\" src=\"https:\/\/the-bath-shop.com\/wp-content\/uploads\/2024\/03\/the-bath-shop-store-square.jpg\" class=\"ct-image focus-page-image\" srcset-disabled=\"https:\/\/the-bath-shop.com\/wp-content\/uploads\/2024\/03\/the-bath-shop-store-square.jpg 1000w, https:\/\/the-bath-shop.com\/wp-content\/uploads\/2024\/03\/the-bath-shop-store-square-300x300.jpg 300w, https:\/\/the-bath-shop.com\/wp-content\/uploads\/2024\/03\/the-bath-shop-store-square-800x800.jpg 800w, https:\/\/the-bath-shop.com\/wp-content\/uploads\/2024\/03\/the-bath-shop-store-square-150x150.jpg 150w, https:\/\/the-bath-shop.com\/wp-content\/uploads\/2024\/03\/the-bath-shop-store-square-768x768.jpg 768w, https:\/\/the-bath-shop.com\/wp-content\/uploads\/2024\/03\/the-bath-shop-store-square-12x12.jpg 12w\" sizes=\"(max-width: 1000px) 100vw, 1000px\" \/><div id=\"div_block-56-6285\" class=\"ct-div-block focus-page-text\" ><h2 id=\"headline-27-5127\" class=\"ct-headline\">Showroom<\/h2><div id=\"text_block-28-5127\" class=\"ct-text-block\" ><div align=\"left\">Keine Trends. Nur Klassiker.\nEntdecken Sie unsere Ausstellung f\u00fcr Badezimmerklassiker in der Z\u00fcrcher Altstadt.&nbsp;<\/div><\/div><\/div><\/a><\/div><div id=\"div_block-47-5127\" class=\"ct-div-block\" ><a id=\"link-48-5127\" class=\"ct-link focus-page-link-wrapper\" href=\"https:\/\/the-house-shop.com\/\" target=\"_blank\" rel=\"noopener\"><img decoding=\"async\"  id=\"image-49-5127\" alt=\"The House Shop Store\" src=\"https:\/\/the-bath-shop.com\/wp-content\/uploads\/2024\/03\/the-house-shop-store.jpg\" class=\"ct-image focus-page-image\" srcset-disabled=\"https:\/\/the-bath-shop.com\/wp-content\/uploads\/2024\/03\/the-house-shop-store.jpg 1000w, https:\/\/the-bath-shop.com\/wp-content\/uploads\/2024\/03\/the-house-shop-store-500x500.jpg 500w, https:\/\/the-bath-shop.com\/wp-content\/uploads\/2024\/03\/the-house-shop-store-300x300.jpg 300w, https:\/\/the-bath-shop.com\/wp-content\/uploads\/2024\/03\/the-house-shop-store-800x800.jpg 800w, https:\/\/the-bath-shop.com\/wp-content\/uploads\/2024\/03\/the-house-shop-store-150x150.jpg 150w, https:\/\/the-bath-shop.com\/wp-content\/uploads\/2024\/03\/the-house-shop-store-768x768.jpg 768w, https:\/\/the-bath-shop.com\/wp-content\/uploads\/2024\/03\/the-house-shop-store-12x12.jpg 12w\" sizes=\"(max-width: 1000px) 100vw, 1000px\" \/><div id=\"div_block-62-6285\" class=\"ct-div-block focus-page-text\" ><h2 id=\"headline-50-5127\" class=\"ct-headline\">THE HOUSE SHOP<br><\/h2><div id=\"text_block-51-5127\" class=\"ct-text-block\" >Wir f\u00fchren ein zweites Gesch\u00e4ft mit umfangreichem Sortiment f\u00fcr die K\u00fcche sowie den franz\u00f6sischen Klassikern von LACANCHE.<\/div><\/div><\/a><\/div><\/div><\/div><\/section>\n\n<section id=\"section-24-5129\" class=\" ct-section\" ><div class=\"ct-section-inner-wrap\"><h2 id=\"headline-26-5129\" class=\"ct-headline\">\u00dcber&nbsp; uns<br><\/h2><a id=\"link-61-5129\" class=\"ct-link\" href=\"https:\/\/the-bath-shop.com\/ueber-uns\/\"><img decoding=\"async\"  id=\"image-28-5129\" alt=\"The Bath Shop Store\" src=\"https:\/\/the-bath-shop.com\/wp-content\/uploads\/2024\/03\/tbs-store.jpg\" class=\"ct-image\" srcset-disabled=\"https:\/\/the-bath-shop.com\/wp-content\/uploads\/2024\/03\/tbs-store.jpg 2560w, https:\/\/the-bath-shop.com\/wp-content\/uploads\/2024\/03\/tbs-store-800x333.jpg 800w, https:\/\/the-bath-shop.com\/wp-content\/uploads\/2024\/03\/tbs-store-300x125.jpg 300w, https:\/\/the-bath-shop.com\/wp-content\/uploads\/2024\/03\/tbs-store-1024x427.jpg 1024w, https:\/\/the-bath-shop.com\/wp-content\/uploads\/2024\/03\/tbs-store-768x320.jpg 768w, https:\/\/the-bath-shop.com\/wp-content\/uploads\/2024\/03\/tbs-store-1536x640.jpg 1536w, https:\/\/the-bath-shop.com\/wp-content\/uploads\/2024\/03\/tbs-store-2048x854.jpg 2048w, https:\/\/the-bath-shop.com\/wp-content\/uploads\/2024\/03\/tbs-store-18x8.jpg 18w\" sizes=\"(max-width: 2560px) 100vw, 2560px\" \/><div id=\"text_block-67-5129\" class=\"ct-text-block\" >Mehr \u00fcber uns<br><\/div><\/a><\/div><\/section><section id=\"section-2-5129\" class=\" ct-section\" ><div class=\"ct-section-inner-wrap\"><div id=\"new_columns-3-5129\" class=\"ct-new-columns\" ><div id=\"div_block-7-5129\" class=\"ct-div-block\" ><h3 id=\"headline-37-5129\" class=\"ct-headline\">25+<\/h3><div id=\"div_block-41-5129\" class=\"ct-div-block\" ><\/div><h3 id=\"headline-40-5129\" class=\"ct-headline\">Jahre<br><\/h3><div id=\"text_block-35-5129\" class=\"ct-text-block\" >Seit u\u0308ber 25 Jahren spezialisieren wir\nuns auf Klassiker fu\u0308r das Bad und die Ku\u0308che.<\/div><\/div><div id=\"div_block-42-5129\" class=\"ct-div-block\" ><h3 id=\"headline-43-5129\" class=\"ct-headline\">2<br><\/h3><div id=\"div_block-44-5129\" class=\"ct-div-block\" ><\/div><h3 id=\"headline-45-5129\" class=\"ct-headline\">Generationen<\/h3><div id=\"text_block-46-5129\" class=\"ct-text-block\" >Wir sind ein kleiner Familienbetrieb in zweiter Generation.<\/div><\/div><div id=\"div_block-47-5129\" class=\"ct-div-block\" ><h3 id=\"headline-48-5129\" class=\"ct-headline\">8<\/h3><div id=\"div_block-49-5129\" class=\"ct-div-block\" ><\/div><h3 id=\"headline-50-5129\" class=\"ct-headline\">L\u00e4nder<br><\/h3><div id=\"text_block-51-5129\" class=\"ct-text-block\" >Unsere hochwertigen Produkte werden in traditionellen Betrieben Westeuropas hergestellt.<\/div><\/div><div id=\"div_block-52-5129\" class=\"ct-div-block\" ><h3 id=\"headline-53-5129\" class=\"ct-headline\">2<br><\/h3><div id=\"div_block-54-5129\" class=\"ct-div-block\" ><\/div><h3 id=\"headline-55-5129\" class=\"ct-headline\">Showrooms<br><\/h3><div id=\"text_block-56-5129\" class=\"ct-text-block\" >Wir haben zwei Ausstellungen direkt nebeneinander, nur f\u00fcnf Gehminuten vom Hauptbahnhof entfernt. <\/div><\/div><\/div><\/div><\/section>\n\n<section id=\"section-3-5135\" class=\" ct-section\" ><div class=\"ct-section-inner-wrap\"><h2 id=\"headline-6-5135\" class=\"ct-headline\">Referenzen<\/h2>\n\t\t<div id=\"-wpgb-grid-2-5135\" class=\"oxy-wpgb-grid \" ><!-- Gridbuilder \u1d42\u1d3e Plugin (https:\/\/wpgridbuilder.com) -->\n<div class=\"wp-grid-builder wpgb-grid-7 projects-carousel\" data-options=\"{&quot;id&quot;:7,&quot;type&quot;:&quot;metro&quot;,&quot;source&quot;:&quot;post_type&quot;,&quot;loader&quot;:0,&quot;layout&quot;:&quot;horizontal&quot;,&quot;reveal&quot;:0,&quot;isMainQuery&quot;:false,&quot;lazyLoad&quot;:0,&quot;cardSizes&quot;:{&quot;9999&quot;:{&quot;columns&quot;:2,&quot;height&quot;:240,&quot;gutter&quot;:16,&quot;ratio&quot;:&quot;1.33333&quot;},&quot;1200&quot;:{&quot;columns&quot;:2,&quot;height&quot;:240,&quot;gutter&quot;:16,&quot;ratio&quot;:&quot;1.33333&quot;},&quot;992&quot;:{&quot;columns&quot;:2,&quot;height&quot;:220,&quot;gutter&quot;:16,&quot;ratio&quot;:&quot;1.33333&quot;},&quot;768&quot;:{&quot;columns&quot;:1,&quot;height&quot;:220,&quot;gutter&quot;:16,&quot;ratio&quot;:&quot;1.33333&quot;},&quot;576&quot;:{&quot;columns&quot;:1,&quot;height&quot;:200,&quot;gutter&quot;:16,&quot;ratio&quot;:&quot;1.33333&quot;},&quot;320&quot;:{&quot;columns&quot;:1,&quot;height&quot;:200,&quot;gutter&quot;:16,&quot;ratio&quot;:&quot;1.33333&quot;}},&quot;fitRows&quot;:0,&quot;equalRows&quot;:0,&quot;equalColumns&quot;:0,&quot;fillLastRow&quot;:0,&quot;centerLastRow&quot;:0,&quot;horizontalOrder&quot;:0,&quot;fullWidth&quot;:0,&quot;transitionDelay&quot;:100,&quot;gallerySlideshow&quot;:0,&quot;rowsNumber&quot;:1,&quot;slideAlign&quot;:&quot;left&quot;,&quot;groupCells&quot;:1,&quot;draggable&quot;:1,&quot;initialIndex&quot;:0,&quot;contain&quot;:0,&quot;freeScroll&quot;:0,&quot;freeFriction&quot;:&quot;0.075&quot;,&quot;friction&quot;:&quot;0.285&quot;,&quot;attraction&quot;:&quot;0.025&quot;,&quot;autoPlay&quot;:0,&quot;pageDotAriaLabel&quot;:&quot;Page dot %d&quot;,&quot;isPreview&quot;:false,&quot;isGutenberg&quot;:false,&quot;rightToLeft&quot;:false}\"><div class=\"wpgb-svg-icons\" hidden>\n\t<svg viewBox=\"0 0 120 24\" width=\"0\" height=\"0\">\n\t<defs>\n        <polygon id=\"wpgb-star-svg\" points=\"12 2.5 15.1 8.8 22 9.8 17 14.6 18.2 21.5 12 18.3 5.8 21.5 7 14.6 2 9.8 8.9 8.8\"><\/polygon>\n    <\/defs>\n    <symbol id=\"wpgb-rating-stars-svg\">\n        <use xlink:href=\"#wpgb-star-svg\"><\/use>\n        <use xlink:href=\"#wpgb-star-svg\" x=\"24\"><\/use>\n        <use xlink:href=\"#wpgb-star-svg\" x=\"48\"><\/use>\n        <use xlink:href=\"#wpgb-star-svg\" x=\"72\"><\/use>\n        <use xlink:href=\"#wpgb-star-svg\" x=\"96\"><\/use>\n    <\/symbol>\n<\/svg>\n<\/div>\n<div class=\"wpgb-wrapper\">\n\t<div class=\"wpgb-main\">\n\t<div class=\"wpgb-layout\">\n\t<div class=\"wpgb-viewport\">\n\t\t<div class=\"wpgb-metro\">\n\t\t\t<article class=\"wpgb-card wpgb-card-4 wpgb-post-8416\" data-col=\"1\" data-row=\"1\" data-format=\"standard\"><div class=\"wpgb-card-wrapper\"><div class=\"wpgb-card-inner\" data-action><div class=\"wpgb-card-media wpgb-scheme-light\"><div class=\"wpgb-card-media-thumbnail\"><a href=\"https:\/\/the-bath-shop.com\/wp-content\/uploads\/2025\/04\/Privatobjekt_Seefeld_1-scaled.jpg\" tabindex=\"-1\" class=\"wpgb-handle-lb wpgb-lightbox\" data-type=\"image\" data-rel=\"7\" data-title=\"Privatobjekt_Seefeld_1\" title=\"Enlarge photo\"><div style=\"background-image:url(https:\/\/the-bath-shop.com\/wp-content\/uploads\/2025\/04\/Privatobjekt_Seefeld_1-1536x1024.jpg)\"><\/div><noscript><img loading=\"lazy\" decoding=\"async\" class=\"wpgb-noscript-img\" src=\"https:\/\/the-bath-shop.com\/wp-content\/uploads\/2025\/04\/Privatobjekt_Seefeld_1-1536x1024.jpg\" alt=\"Hochwertiger Design-Badewannenmischer in Chrom mit blau weisser Tapete\" height=\"1024\" width=\"1536\"><\/noscript><\/a><\/div><div class=\"wpgb-card-media-overlay\"><\/div><div class=\"wpgb-card-media-content\"><div class=\"wpgb-card-media-content-bottom\"><h3 class=\"wpgb-block-2\"><a href=\"https:\/\/the-bath-shop.com\/referenz\/privatobjekt-seefeld-zuerich\/\">Privatobjekt Seefeld Z\u00fcrich<\/a><\/h3><\/div><\/div><\/div><a class=\"wpgb-card-layer-link\" href=\"https:\/\/the-bath-shop.com\/referenz\/privatobjekt-seefeld-zuerich\/\"><\/a><\/div><\/div><\/article><article class=\"wpgb-card wpgb-card-4 wpgb-post-8386\" data-col=\"1\" data-row=\"1\" data-format=\"standard\"><div class=\"wpgb-card-wrapper\"><div class=\"wpgb-card-inner\" data-action><div class=\"wpgb-card-media wpgb-scheme-light\"><div class=\"wpgb-card-media-thumbnail\"><a href=\"https:\/\/the-bath-shop.com\/wp-content\/uploads\/2025\/04\/Privatprojekt_Graubuenden_1-scaled.jpg\" tabindex=\"-1\" class=\"wpgb-handle-lb wpgb-lightbox\" data-type=\"image\" data-rel=\"7\" data-title=\"Privatonjekt_Graubuenden_1\" title=\"Enlarge photo\"><div style=\"background-image:url(https:\/\/the-bath-shop.com\/wp-content\/uploads\/2025\/04\/Privatprojekt_Graubuenden_1-1536x1025.jpg)\"><\/div><noscript><img loading=\"lazy\" decoding=\"async\" class=\"wpgb-noscript-img\" src=\"https:\/\/the-bath-shop.com\/wp-content\/uploads\/2025\/04\/Privatprojekt_Graubuenden_1-1536x1025.jpg\" alt=\"Design Wohnk\u00fcche mit Graugr\u00fcner K\u00fcche, franz\u00f6sischem Kochherd und Englischen Armaturen auf Marmorsteinabdeckung\" height=\"1025\" width=\"1536\"><\/noscript><\/a><\/div><div class=\"wpgb-card-media-overlay\"><\/div><div class=\"wpgb-card-media-content\"><div class=\"wpgb-card-media-content-bottom\"><h3 class=\"wpgb-block-2\"><a href=\"https:\/\/the-bath-shop.com\/referenz\/privatobjekt-graubuenden-duplicate-duplicate\/\">Privatobjekt Graub\u00fcnden<\/a><\/h3><\/div><\/div><\/div><a class=\"wpgb-card-layer-link\" href=\"https:\/\/the-bath-shop.com\/referenz\/privatobjekt-graubuenden-duplicate-duplicate\/\"><\/a><\/div><\/div><\/article>\t\t<\/div>\n\t<\/div>\n\t<div class=\"wpgb-area wpgb-area-left\">\n\t<button type=\"button\" class=\"wpgb-prev-button\" aria-label=\"Previous slide\" hidden>\n\t<svg><use xlink:href=\"https:\/\/the-bath-shop.com\/wp-content\/plugins\/wp-grid-builder\/public\/svg\/arrows\/arrow-left.svg#wpgb-icon\"\/><\/svg><\/button>\n<\/div>\n<div class=\"wpgb-area wpgb-area-right\">\n\t<button type=\"button\" class=\"wpgb-next-button\" aria-label=\"Next slide\" hidden>\n\t<svg><use xlink:href=\"https:\/\/the-bath-shop.com\/wp-content\/plugins\/wp-grid-builder\/public\/svg\/arrows\/arrow-right.svg#wpgb-icon\"\/><\/svg><\/button>\n<\/div>\n<\/div>\n\t<\/div>\n\t\t<\/div>\n<\/div>\n<\/div>\n\n\t\t<\/div><\/section>","protected":false},"excerpt":{"rendered":"","protected":false},"author":1,"featured_media":0,"parent":0,"menu_order":0,"comment_status":"closed","ping_status":"closed","template":"","meta":{"_acf_changed":false,"footnotes":""},"class_list":["post-6255","page","type-page","status-publish","hentry"],"acf":[],"_links":{"self":[{"href":"https:\/\/the-bath-shop.com\/\/wp-json\/wp\/v2\/pages\/6255","targetHints":{"allow":["GET"]}}],"collection":[{"href":"https:\/\/the-bath-shop.com\/\/wp-json\/wp\/v2\/pages"}],"about":[{"href":"https:\/\/the-bath-shop.com\/\/wp-json\/wp\/v2\/types\/page"}],"author":[{"embeddable":true,"href":"https:\/\/the-bath-shop.com\/\/wp-json\/wp\/v2\/users\/1"}],"replies":[{"embeddable":true,"href":"https:\/\/the-bath-shop.com\/\/wp-json\/wp\/v2\/comments?post=6255"}],"version-history":[{"count":16,"href":"https:\/\/the-bath-shop.com\/\/wp-json\/wp\/v2\/pages\/6255\/revisions"}],"predecessor-version":[{"id":9262,"href":"https:\/\/the-bath-shop.com\/\/wp-json\/wp\/v2\/pages\/6255\/revisions\/9262"}],"wp:attachment":[{"href":"https:\/\/the-bath-shop.com\/\/wp-json\/wp\/v2\/media?parent=6255"}],"curies":[{"name":"wp","href":"https:\/\/api.w.org\/{rel}","templated":true}]}}