{"id":2134,"date":"2021-09-27T15:07:35","date_gmt":"2021-09-27T13:07:35","guid":{"rendered":"https:\/\/new.the-bath-shop.com\/?post_type=product&#038;p=2134"},"modified":"2026-02-10T18:14:51","modified_gmt":"2026-02-10T17:14:51","slug":"solo-abfalleimer","status":"publish","type":"product","link":"https:\/\/the-bath-shop.com\/produkt\/solo-abfalleimer\/","title":{"rendered":"SOLO Abfalleimer"},"content":{"rendered":"<p>Sehr sch\u00f6n verarbeiteter Eimer aus Metall, innen weiss beschichtet.<\/p>\n<p>H\u00f6he: 26 cm<br \/>\nDurchmesser: \u00f8 19 cm<\/p>\n","protected":false},"excerpt":{"rendered":"<p>Sehr sch\u00f6n verarbeiteter Eimer aus Metall, innen weiss beschichtet. H\u00f6he: 26 cm Durchmesser: \u00f8 19 cm<\/p>\n","protected":false},"featured_media":2135,"menu_order":66,"template":"","meta":{"_acf_changed":false},"kollektion":[385],"product_brand":[],"product_cat":[46,279],"product_tag":[],"class_list":{"0":"post-2134","1":"product","2":"type-product","3":"status-publish","4":"has-post-thumbnail","6":"kollektion-universal","7":"product_cat-accessoires","8":"product_cat-abfalleimer","9":"product_shipping_class-chrom-ab-lager-andere-oberflaechen-auf-anfrage","11":"first","12":"instock","13":"taxable","14":"shipping-taxable","15":"purchasable","16":"product-type-variable"},"acf":{"additional_info_image":"","additional_info_image_label":"","reduced_product":false},"_links":{"self":[{"href":"https:\/\/the-bath-shop.com\/\/wp-json\/wp\/v2\/product\/2134","targetHints":{"allow":["GET"]}}],"collection":[{"href":"https:\/\/the-bath-shop.com\/\/wp-json\/wp\/v2\/product"}],"about":[{"href":"https:\/\/the-bath-shop.com\/\/wp-json\/wp\/v2\/types\/product"}],"wp:featuredmedia":[{"embeddable":true,"href":"https:\/\/the-bath-shop.com\/\/wp-json\/wp\/v2\/media\/2135"}],"wp:attachment":[{"href":"https:\/\/the-bath-shop.com\/\/wp-json\/wp\/v2\/media?parent=2134"}],"wp:term":[{"taxonomy":"kollektion","embeddable":true,"href":"https:\/\/the-bath-shop.com\/\/wp-json\/wp\/v2\/kollektion?post=2134"},{"taxonomy":"product_brand","embeddable":true,"href":"https:\/\/the-bath-shop.com\/\/wp-json\/wp\/v2\/product_brand?post=2134"},{"taxonomy":"product_cat","embeddable":true,"href":"https:\/\/the-bath-shop.com\/\/wp-json\/wp\/v2\/product_cat?post=2134"},{"taxonomy":"product_tag","embeddable":true,"href":"https:\/\/the-bath-shop.com\/\/wp-json\/wp\/v2\/product_tag?post=2134"}],"curies":[{"name":"wp","href":"https:\/\/api.w.org\/{rel}","templated":true}]}}