{"id":2247,"date":"2021-09-30T12:28:57","date_gmt":"2021-09-30T10:28:57","guid":{"rendered":"https:\/\/new.the-bath-shop.com\/?post_type=product&#038;p=2247"},"modified":"2025-06-02T15:25:36","modified_gmt":"2025-06-02T14:25:36","slug":"palazzo-doppellavabo-mit-beinen-81888","status":"publish","type":"product","link":"https:\/\/the-bath-shop.com\/produkt\/palazzo-doppellavabo-mit-beinen-81888\/","title":{"rendered":"PALAZZO Doppellavabo 141 x 56 cm"},"content":{"rendered":"<p>Diese geschwungene Form aus der Zeit von 1900 bis 1920 wird in traditioneller Manier von Hand in Italien hergestellt, in einer Gegend n\u00f6rdlich von Rom, die f\u00fcr ihre jahrhundertealte Keramikfabrikation ber\u00fchmt ist.<\/p>\n<p>Erh\u00e4ltlich mit Ein-Loch- oder mit Drei-Loch-Bohrung f\u00fcr die Armatur.<\/p>\n<p>Erh\u00e4ltlich mit den abgebildeten Keramikbeinen oder mit einem geschwungenem Untergestell welches in der Form des Lavabos folgt.<\/p>\n","protected":false},"excerpt":{"rendered":"<p>Diese geschwungene Form aus der Zeit von 1900 bis 1920 wird in traditioneller Manier von Hand in Italien hergestellt, in einer Gegend n\u00f6rdlich von Rom, die f\u00fcr ihre jahrhundertealte Keramikfabrikation ber\u00fchmt ist. Erh\u00e4ltlich mit Ein-Loch- oder mit Drei-Loch-Bohrung f\u00fcr die Armatur. Erh\u00e4ltlich mit den abgebildeten Keramikbeinen oder mit einem geschwungenem Untergestell welches in der Form [&hellip;]<\/p>\n","protected":false},"featured_media":2251,"menu_order":122,"template":"","meta":{"_acf_changed":false},"kollektion":[376],"product_brand":[],"product_cat":[31,267],"product_tag":[],"class_list":{"0":"post-2247","1":"product","2":"type-product","3":"status-publish","4":"has-post-thumbnail","6":"kollektion-palazzo","7":"product_cat-lavabos","8":"product_cat-lavabos-doppelt","9":"product_shipping_class-ab-lager","11":"first","12":"instock","13":"taxable","14":"shipping-taxable","15":"product-type-grouped"},"acf":{"additional_info_image":"","additional_info_image_label":"","reduced_product":false},"_links":{"self":[{"href":"https:\/\/the-bath-shop.com\/\/wp-json\/wp\/v2\/product\/2247","targetHints":{"allow":["GET"]}}],"collection":[{"href":"https:\/\/the-bath-shop.com\/\/wp-json\/wp\/v2\/product"}],"about":[{"href":"https:\/\/the-bath-shop.com\/\/wp-json\/wp\/v2\/types\/product"}],"wp:featuredmedia":[{"embeddable":true,"href":"https:\/\/the-bath-shop.com\/\/wp-json\/wp\/v2\/media\/2251"}],"wp:attachment":[{"href":"https:\/\/the-bath-shop.com\/\/wp-json\/wp\/v2\/media?parent=2247"}],"wp:term":[{"taxonomy":"kollektion","embeddable":true,"href":"https:\/\/the-bath-shop.com\/\/wp-json\/wp\/v2\/kollektion?post=2247"},{"taxonomy":"product_brand","embeddable":true,"href":"https:\/\/the-bath-shop.com\/\/wp-json\/wp\/v2\/product_brand?post=2247"},{"taxonomy":"product_cat","embeddable":true,"href":"https:\/\/the-bath-shop.com\/\/wp-json\/wp\/v2\/product_cat?post=2247"},{"taxonomy":"product_tag","embeddable":true,"href":"https:\/\/the-bath-shop.com\/\/wp-json\/wp\/v2\/product_tag?post=2247"}],"curies":[{"name":"wp","href":"https:\/\/api.w.org\/{rel}","templated":true}]}}