{"id":2611,"date":"2021-11-24T22:57:27","date_gmt":"2021-11-24T20:57:27","guid":{"rendered":"https:\/\/the-bath-shop.com\/?post_type=product&#038;p=2611"},"modified":"2026-02-20T12:21:56","modified_gmt":"2026-02-20T11:21:56","slug":"universal-drueckerplatte","status":"publish","type":"product","link":"https:\/\/the-bath-shop.com\/produkt\/universal-drueckerplatte\/","title":{"rendered":"UNIVERSAL Dr\u00fcckerplatte"},"content":{"rendered":"<p>Um eine optimale Sp\u00fclleistung zu erhalten, empfehlen wir einen Unterputzsp\u00fclkasten von Geberit. Dieser wird durch den Sanit\u00e4rinstallateur geliefert:<\/p>\n<p>SIGMA 12cm Unterputz-Sp\u00fclkasten 6\/3 Liter<br \/>\nGeberit No. 109.330.00.5 \/ SGVSB No. 364 005<br \/>\nMontageh\u00f6he: +\/- 100 cm (Mitte Dr\u00fcckerplatte)<br \/>\nKompatibel mit den Einbaugestellen GIS, Duofix, Kombifix und Sanbloc.<\/p>\n<p>Wir empfehlen eher die Einmengen-Sp\u00fclung f\u00fcr unsere Klosetts, die traditionelle Bauform unserer Toiletten sp\u00fclt besser mit einer gr\u00f6sseren Wassermenge. Nat\u00fcrlich kann auch die Zweimengen-Sp\u00fclung verbaut werden.<\/p>\n","protected":false},"excerpt":{"rendered":"<p>Um eine optimale Sp\u00fclleistung zu erhalten, empfehlen wir einen Unterputzsp\u00fclkasten von Geberit. Dieser wird durch den Sanit\u00e4rinstallateur geliefert: SIGMA 12cm Unterputz-Sp\u00fclkasten 6\/3 Liter Geberit No. 109.330.00.5 \/ SGVSB No. 364 005 Montageh\u00f6he: +\/- 100 cm (Mitte Dr\u00fcckerplatte) Kompatibel mit den Einbaugestellen GIS, Duofix, Kombifix und Sanbloc. Wir empfehlen eher die Einmengen-Sp\u00fclung f\u00fcr unsere Klosetts, die [&hellip;]<\/p>\n","protected":false},"featured_media":2624,"menu_order":171,"template":"","meta":{"_acf_changed":false},"kollektion":[],"product_brand":[],"product_cat":[325],"product_tag":[],"class_list":{"0":"post-2611","1":"product","2":"type-product","3":"status-publish","4":"has-post-thumbnail","6":"product_cat-zubehoer-klosetts","7":"product_shipping_class-chrom-ab-lager-andere-oberflaechen-auf-anfrage","9":"first","10":"instock","11":"taxable","12":"shipping-taxable","13":"purchasable","14":"product-type-variable"},"acf":{"additional_info_image":null,"additional_info_image_label":"","reduced_product":false},"_links":{"self":[{"href":"https:\/\/the-bath-shop.com\/\/wp-json\/wp\/v2\/product\/2611","targetHints":{"allow":["GET"]}}],"collection":[{"href":"https:\/\/the-bath-shop.com\/\/wp-json\/wp\/v2\/product"}],"about":[{"href":"https:\/\/the-bath-shop.com\/\/wp-json\/wp\/v2\/types\/product"}],"wp:featuredmedia":[{"embeddable":true,"href":"https:\/\/the-bath-shop.com\/\/wp-json\/wp\/v2\/media\/2624"}],"wp:attachment":[{"href":"https:\/\/the-bath-shop.com\/\/wp-json\/wp\/v2\/media?parent=2611"}],"wp:term":[{"taxonomy":"kollektion","embeddable":true,"href":"https:\/\/the-bath-shop.com\/\/wp-json\/wp\/v2\/kollektion?post=2611"},{"taxonomy":"product_brand","embeddable":true,"href":"https:\/\/the-bath-shop.com\/\/wp-json\/wp\/v2\/product_brand?post=2611"},{"taxonomy":"product_cat","embeddable":true,"href":"https:\/\/the-bath-shop.com\/\/wp-json\/wp\/v2\/product_cat?post=2611"},{"taxonomy":"product_tag","embeddable":true,"href":"https:\/\/the-bath-shop.com\/\/wp-json\/wp\/v2\/product_tag?post=2611"}],"curies":[{"name":"wp","href":"https:\/\/api.w.org\/{rel}","templated":true}]}}