{"id":2851,"date":"2021-11-25T00:36:45","date_gmt":"2021-11-24T22:36:45","guid":{"rendered":"https:\/\/the-bath-shop.com\/?post_type=product&#038;p=2851"},"modified":"2025-12-12T14:33:51","modified_gmt":"2025-12-12T13:33:51","slug":"square-lavabo-81540","status":"publish","type":"product","link":"https:\/\/the-bath-shop.com\/produkt\/square-lavabo-81540\/","title":{"rendered":"SQUARE Wandlavabo 45 x 28 cm"},"content":{"rendered":"<p>Dieses kleine Wandlavabos ist trotz der minimalen Gr\u00f6sse ein ideales Handwaschbecken.<\/p>\n<p>Das Lavabo ist nur ohne Armaturen-Bohrl\u00f6cher erh\u00e4ltlich.<\/p>\n<p>Die abgebildete Armatur ist von unserer ROCKWELL Serie. Weiter unten finden Sie die Wandarmatur.<\/p>\n","protected":false},"excerpt":{"rendered":"<p>Dieses kleine Wandlavabos ist trotz der minimalen Gr\u00f6sse ein ideales Handwaschbecken. Das Lavabo ist nur ohne Armaturen-Bohrl\u00f6cher erh\u00e4ltlich. Die abgebildete Armatur ist von unserer ROCKWELL Serie. Weiter unten finden Sie die Wandarmatur.<\/p>\n","protected":false},"featured_media":8624,"menu_order":13,"template":"","meta":{"_acf_changed":false},"kollektion":[383],"product_brand":[],"product_cat":[31,266,326],"product_tag":[],"class_list":{"0":"post-2851","1":"product","2":"type-product","3":"status-publish","4":"has-post-thumbnail","6":"kollektion-square","7":"product_cat-lavabos","8":"product_cat-lavabos-einzeln","9":"product_cat-lavabos-klein","10":"product_shipping_class-ab-lager","12":"first","13":"instock","14":"taxable","15":"shipping-taxable","16":"purchasable","17":"product-type-variable"},"acf":{"additional_info_image":"","additional_info_image_label":"","reduced_product":false},"_links":{"self":[{"href":"https:\/\/the-bath-shop.com\/\/wp-json\/wp\/v2\/product\/2851","targetHints":{"allow":["GET"]}}],"collection":[{"href":"https:\/\/the-bath-shop.com\/\/wp-json\/wp\/v2\/product"}],"about":[{"href":"https:\/\/the-bath-shop.com\/\/wp-json\/wp\/v2\/types\/product"}],"wp:featuredmedia":[{"embeddable":true,"href":"https:\/\/the-bath-shop.com\/\/wp-json\/wp\/v2\/media\/8624"}],"wp:attachment":[{"href":"https:\/\/the-bath-shop.com\/\/wp-json\/wp\/v2\/media?parent=2851"}],"wp:term":[{"taxonomy":"kollektion","embeddable":true,"href":"https:\/\/the-bath-shop.com\/\/wp-json\/wp\/v2\/kollektion?post=2851"},{"taxonomy":"product_brand","embeddable":true,"href":"https:\/\/the-bath-shop.com\/\/wp-json\/wp\/v2\/product_brand?post=2851"},{"taxonomy":"product_cat","embeddable":true,"href":"https:\/\/the-bath-shop.com\/\/wp-json\/wp\/v2\/product_cat?post=2851"},{"taxonomy":"product_tag","embeddable":true,"href":"https:\/\/the-bath-shop.com\/\/wp-json\/wp\/v2\/product_tag?post=2851"}],"curies":[{"name":"wp","href":"https:\/\/api.w.org\/{rel}","templated":true}]}}