{"id":2891,"date":"2021-11-25T15:59:35","date_gmt":"2021-11-25T13:59:35","guid":{"rendered":"https:\/\/the-bath-shop.com\/?post_type=product&#038;p=2891"},"modified":"2025-04-01T15:48:41","modified_gmt":"2025-04-01T14:48:41","slug":"square-lavabo-2-81550_81540","status":"publish","type":"product","link":"https:\/\/the-bath-shop.com\/produkt\/square-lavabo-2-81550_81540\/","title":{"rendered":"SQUARE Wandlavabo 50 x 40 cm"},"content":{"rendered":"<p>Klassische Art-d\u00e9co-Form aus der Zeit um 1930. Hergestellt in Italien.<\/p>\n<p>Dieses kleine Lavabo ist trotz seiner minimalen Gr\u00f6sse ein ideales Handwaschbecken.<\/p>\n<p>Erh\u00e4ltlich mit Ein-Loch- oder mit Drei-Loch-Bohrung f\u00fcr die Armatur, oder auch ohne Bohrungen f\u00fcr eine Wandarmatur.<\/p>\n","protected":false},"excerpt":{"rendered":"<p>Klassische Art-d\u00e9co-Form aus der Zeit um 1930. Hergestellt in Italien. Dieses kleine Lavabo ist trotz seiner minimalen Gr\u00f6sse ein ideales Handwaschbecken. Erh\u00e4ltlich mit Ein-Loch- oder mit Drei-Loch-Bohrung f\u00fcr die Armatur, oder auch ohne Bohrungen f\u00fcr eine Wandarmatur.<\/p>\n","protected":false},"featured_media":2914,"menu_order":124,"template":"","meta":{"_acf_changed":false},"kollektion":[383],"product_brand":[],"product_cat":[31,266],"product_tag":[],"class_list":{"0":"post-2891","1":"product","2":"type-product","3":"status-publish","4":"has-post-thumbnail","6":"kollektion-square","7":"product_cat-lavabos","8":"product_cat-lavabos-einzeln","9":"product_shipping_class-ab-lager","11":"first","12":"instock","13":"taxable","14":"shipping-taxable","15":"purchasable","16":"product-type-variable"},"acf":{"additional_info_image":"","additional_info_image_label":"","reduced_product":false},"_links":{"self":[{"href":"https:\/\/the-bath-shop.com\/\/wp-json\/wp\/v2\/product\/2891","targetHints":{"allow":["GET"]}}],"collection":[{"href":"https:\/\/the-bath-shop.com\/\/wp-json\/wp\/v2\/product"}],"about":[{"href":"https:\/\/the-bath-shop.com\/\/wp-json\/wp\/v2\/types\/product"}],"wp:featuredmedia":[{"embeddable":true,"href":"https:\/\/the-bath-shop.com\/\/wp-json\/wp\/v2\/media\/2914"}],"wp:attachment":[{"href":"https:\/\/the-bath-shop.com\/\/wp-json\/wp\/v2\/media?parent=2891"}],"wp:term":[{"taxonomy":"kollektion","embeddable":true,"href":"https:\/\/the-bath-shop.com\/\/wp-json\/wp\/v2\/kollektion?post=2891"},{"taxonomy":"product_brand","embeddable":true,"href":"https:\/\/the-bath-shop.com\/\/wp-json\/wp\/v2\/product_brand?post=2891"},{"taxonomy":"product_cat","embeddable":true,"href":"https:\/\/the-bath-shop.com\/\/wp-json\/wp\/v2\/product_cat?post=2891"},{"taxonomy":"product_tag","embeddable":true,"href":"https:\/\/the-bath-shop.com\/\/wp-json\/wp\/v2\/product_tag?post=2891"}],"curies":[{"name":"wp","href":"https:\/\/api.w.org\/{rel}","templated":true}]}}