{"id":2978,"date":"2021-11-25T18:32:00","date_gmt":"2021-11-25T16:32:00","guid":{"rendered":"https:\/\/the-bath-shop.com\/?post_type=product&#038;p=2978"},"modified":"2025-01-21T17:10:37","modified_gmt":"2025-01-21T16:10:37","slug":"square-lavabo-mit-untergestell-81570_81508","status":"publish","type":"product","link":"https:\/\/the-bath-shop.com\/produkt\/square-lavabo-mit-untergestell-81570_81508\/","title":{"rendered":"SQUARE Lavabo mit Untergestell 70 x 55 cm"},"content":{"rendered":"<p>Klassische Art-d\u00e9co-Form aus der Zeit um 1930. Hergestellt in Italien.<\/p>\n<p>Erh\u00e4ltlich mit Ein-Loch- oder mit Drei-Loch-Bohrung f\u00fcr die Armatur.<\/p>\n<p>Die Untergestelle aus der Serie QUADRIC sind aus bestem Messing hergestellt, entweder in der Ausf\u00fchrung Chrom oder Nickel glanz. Die F\u00fcsse und die St\u00fctze unter dem Lavabo lassen sich in der H\u00f6he verstellen. Unter jedem Fuss hat es einen 10 mm langen Stift, der zur Verankerung im Boden dient. Er kann bei Bedarf gek\u00fcrzt oder entfernt werden.<\/p>\n","protected":false},"excerpt":{"rendered":"<p>Klassische Art-d\u00e9co-Form aus der Zeit um 1930. Hergestellt in Italien. Erh\u00e4ltlich mit Ein-Loch- oder mit Drei-Loch-Bohrung f\u00fcr die Armatur. Die Untergestelle aus der Serie QUADRIC sind aus bestem Messing hergestellt, entweder in der Ausf\u00fchrung Chrom oder Nickel glanz. Die F\u00fcsse und die St\u00fctze unter dem Lavabo lassen sich in der H\u00f6he verstellen. Unter jedem Fuss [&hellip;]<\/p>\n","protected":false},"featured_media":2988,"menu_order":130,"template":"","meta":{"_acf_changed":false},"kollektion":[383],"product_brand":[],"product_cat":[31,266],"product_tag":[],"class_list":{"0":"post-2978","1":"product","2":"type-product","3":"status-publish","4":"has-post-thumbnail","6":"kollektion-square","7":"product_cat-lavabos","8":"product_cat-lavabos-einzeln","9":"product_shipping_class-keramik-und-chrom-ab-lager-andere-oberflaechen-auf-anfrage","11":"first","12":"instock","13":"taxable","14":"shipping-taxable","15":"product-type-grouped"},"acf":{"additional_info_image":"","additional_info_image_label":"","reduced_product":false},"_links":{"self":[{"href":"https:\/\/the-bath-shop.com\/\/wp-json\/wp\/v2\/product\/2978","targetHints":{"allow":["GET"]}}],"collection":[{"href":"https:\/\/the-bath-shop.com\/\/wp-json\/wp\/v2\/product"}],"about":[{"href":"https:\/\/the-bath-shop.com\/\/wp-json\/wp\/v2\/types\/product"}],"wp:featuredmedia":[{"embeddable":true,"href":"https:\/\/the-bath-shop.com\/\/wp-json\/wp\/v2\/media\/2988"}],"wp:attachment":[{"href":"https:\/\/the-bath-shop.com\/\/wp-json\/wp\/v2\/media?parent=2978"}],"wp:term":[{"taxonomy":"kollektion","embeddable":true,"href":"https:\/\/the-bath-shop.com\/\/wp-json\/wp\/v2\/kollektion?post=2978"},{"taxonomy":"product_brand","embeddable":true,"href":"https:\/\/the-bath-shop.com\/\/wp-json\/wp\/v2\/product_brand?post=2978"},{"taxonomy":"product_cat","embeddable":true,"href":"https:\/\/the-bath-shop.com\/\/wp-json\/wp\/v2\/product_cat?post=2978"},{"taxonomy":"product_tag","embeddable":true,"href":"https:\/\/the-bath-shop.com\/\/wp-json\/wp\/v2\/product_tag?post=2978"}],"curies":[{"name":"wp","href":"https:\/\/api.w.org\/{rel}","templated":true}]}}