{"id":3057,"date":"2021-12-06T16:18:44","date_gmt":"2021-12-06T14:18:44","guid":{"rendered":"https:\/\/the-bath-shop.com\/?post_type=product&#038;p=3057"},"modified":"2026-04-22T14:30:11","modified_gmt":"2026-04-22T13:30:11","slug":"jackson-standklosett-mit-aufgesetztem-spuelkasten-76518_76519","status":"publish","type":"product","link":"https:\/\/the-bath-shop.com\/produkt\/jackson-standklosett-mit-aufgesetztem-spuelkasten-76518_76519\/","title":{"rendered":"JACKSON Standklosett mit aufgesetztem Sp\u00fclkasten"},"content":{"rendered":"<p>Die Standklosetts der Serie JACKSON werden in England nach unseren Entw\u00fcrfen gefertigt.<\/p>\n<p>F\u00fcr eine komplette Anlage braucht es die Artikel A und B sowie wahlweise C oder D, je nach Anschluss. Zus\u00e4tzlich sollte das Anschlussmaterial sowie ein Klosettdeckel nach Wahl bestimmt werden.<\/p>\n<p>Weitere Informationen finden Sie in unter \"Info + Masse\", weiter unten. Informationen zum Lieferumfang der Innengarnituren finden Sie weiter unten unter Spezifikationen.<\/p>\n","protected":false},"excerpt":{"rendered":"<p>Die Standklosetts der Serie JACKSON werden in England nach unseren Entw\u00fcrfen gefertigt. F\u00fcr eine komplette Anlage braucht es die Artikel A und B sowie wahlweise C oder D, je nach Anschluss. Zus\u00e4tzlich sollte das Anschlussmaterial sowie ein Klosettdeckel nach Wahl bestimmt werden. Weitere Informationen finden Sie in unter \"Info + Masse\", weiter unten. Informationen zum [&hellip;]<\/p>\n","protected":false},"featured_media":9341,"menu_order":161,"template":"","meta":{"_acf_changed":false},"kollektion":[374],"product_brand":[],"product_cat":[324,274],"product_tag":[],"class_list":{"0":"post-3057","1":"product","2":"type-product","3":"status-publish","4":"has-post-thumbnail","6":"kollektion-jackson","7":"product_cat-klosetts","8":"product_cat-standklosetts-mit-spuelkasten","9":"product_shipping_class-weiss-ab-lager-farben-auf-anfrage","11":"first","12":"instock","13":"taxable","14":"shipping-taxable","15":"product-type-grouped"},"acf":{"additional_info_image":"","additional_info_image_label":"","reduced_product":false},"_links":{"self":[{"href":"https:\/\/the-bath-shop.com\/\/wp-json\/wp\/v2\/product\/3057","targetHints":{"allow":["GET"]}}],"collection":[{"href":"https:\/\/the-bath-shop.com\/\/wp-json\/wp\/v2\/product"}],"about":[{"href":"https:\/\/the-bath-shop.com\/\/wp-json\/wp\/v2\/types\/product"}],"wp:featuredmedia":[{"embeddable":true,"href":"https:\/\/the-bath-shop.com\/\/wp-json\/wp\/v2\/media\/9341"}],"wp:attachment":[{"href":"https:\/\/the-bath-shop.com\/\/wp-json\/wp\/v2\/media?parent=3057"}],"wp:term":[{"taxonomy":"kollektion","embeddable":true,"href":"https:\/\/the-bath-shop.com\/\/wp-json\/wp\/v2\/kollektion?post=3057"},{"taxonomy":"product_brand","embeddable":true,"href":"https:\/\/the-bath-shop.com\/\/wp-json\/wp\/v2\/product_brand?post=3057"},{"taxonomy":"product_cat","embeddable":true,"href":"https:\/\/the-bath-shop.com\/\/wp-json\/wp\/v2\/product_cat?post=3057"},{"taxonomy":"product_tag","embeddable":true,"href":"https:\/\/the-bath-shop.com\/\/wp-json\/wp\/v2\/product_tag?post=3057"}],"curies":[{"name":"wp","href":"https:\/\/api.w.org\/{rel}","templated":true}]}}