{"id":3200,"date":"2021-12-06T21:54:12","date_gmt":"2021-12-06T19:54:12","guid":{"rendered":"https:\/\/the-bath-shop.com\/?post_type=product&#038;p=3200"},"modified":"2025-04-01T11:22:04","modified_gmt":"2025-04-01T10:22:04","slug":"universal-abgangsrohr-exzentrisch-fuer-standklosett-2","status":"publish","type":"product","link":"https:\/\/the-bath-shop.com\/produkt\/universal-abgangsrohr-exzentrisch-fuer-standklosett-2\/","title":{"rendered":"UNIVERSAL Abgangsrohr exzentrisch f\u00fcr Standklosett"},"content":{"rendered":"<p>Abgangsrohr Kunststoff gerade weiss mit 24 mm Versatz.<\/p>\n<p>Anschluss zur Wand \u00f8 90 mm. (mit Gummimanschette \u00f8 100 mm)<\/p>\n<p>F\u00fcr Toiletten mit \u00f8 100 mm Ausgang.<\/p>\n","protected":false},"excerpt":{"rendered":"<p>Abgangsrohr Kunststoff gerade weiss mit 24 mm Versatz. Anschluss zur Wand \u00f8 90 mm. (mit Gummimanschette \u00f8 100 mm) F\u00fcr Toiletten mit \u00f8 100 mm Ausgang.<\/p>\n","protected":false},"featured_media":3207,"menu_order":189,"template":"","meta":{"_acf_changed":false},"kollektion":[],"product_brand":[],"product_cat":[324,325],"product_tag":[],"class_list":{"0":"post-3200","1":"product","2":"type-product","3":"status-publish","4":"has-post-thumbnail","6":"product_cat-klosetts","7":"product_cat-zubehoer-klosetts","8":"product_shipping_class-ab-lager","10":"first","11":"instock","12":"taxable","13":"shipping-taxable","14":"product-type-grouped"},"acf":{"additional_info_image":"","additional_info_image_label":"","reduced_product":false},"_links":{"self":[{"href":"https:\/\/the-bath-shop.com\/\/wp-json\/wp\/v2\/product\/3200","targetHints":{"allow":["GET"]}}],"collection":[{"href":"https:\/\/the-bath-shop.com\/\/wp-json\/wp\/v2\/product"}],"about":[{"href":"https:\/\/the-bath-shop.com\/\/wp-json\/wp\/v2\/types\/product"}],"wp:featuredmedia":[{"embeddable":true,"href":"https:\/\/the-bath-shop.com\/\/wp-json\/wp\/v2\/media\/3207"}],"wp:attachment":[{"href":"https:\/\/the-bath-shop.com\/\/wp-json\/wp\/v2\/media?parent=3200"}],"wp:term":[{"taxonomy":"kollektion","embeddable":true,"href":"https:\/\/the-bath-shop.com\/\/wp-json\/wp\/v2\/kollektion?post=3200"},{"taxonomy":"product_brand","embeddable":true,"href":"https:\/\/the-bath-shop.com\/\/wp-json\/wp\/v2\/product_brand?post=3200"},{"taxonomy":"product_cat","embeddable":true,"href":"https:\/\/the-bath-shop.com\/\/wp-json\/wp\/v2\/product_cat?post=3200"},{"taxonomy":"product_tag","embeddable":true,"href":"https:\/\/the-bath-shop.com\/\/wp-json\/wp\/v2\/product_tag?post=3200"}],"curies":[{"name":"wp","href":"https:\/\/api.w.org\/{rel}","templated":true}]}}