{"id":3304,"date":"2021-12-07T18:26:18","date_gmt":"2021-12-07T16:26:18","guid":{"rendered":"https:\/\/the-bath-shop.com\/?post_type=product&#038;p=3304"},"modified":"2025-04-02T17:55:49","modified_gmt":"2025-04-02T16:55:49","slug":"jackson-standklosett-76521_89001","status":"publish","type":"product","link":"https:\/\/the-bath-shop.com\/produkt\/jackson-standklosett-76521_89001\/","title":{"rendered":"JACKSON Standklosett"},"content":{"rendered":"<p>Die Standklosetts der Serie JACKSON werden in England nach unseren Entw\u00fcrfen gefertigt.<\/p>\n<p>Es kann ganz gegen die Wand montiert werden, dadurch wird oben die Keramik b\u00fcndig an der Wand anliegen. F\u00fcr den Abgang haben wir eine rostfreie Rosette aus Metall herstellen lassen, welche in verschiedenen Oberfl\u00e4chen erh\u00e4ltlich ist.<\/p>\n<p>Um eine optimale Sp\u00fclleistung zu erhalten, empfehlen wir einen Unterputzsp\u00fclkasten von Geberit: SIGMA 12cm, H\u00f6he +\/- 98.5 cm (Mitte Dr\u00fcckerplatte). Dieser wird durch den Sanit\u00e4rinstallateur geliefert.<\/p>\n<p>Wir empfehlen eher die Einmengen-Sp\u00fclung f\u00fcr unsere Klosetts, die traditionelle Bauform unserer Toiletten sp\u00fclt besser mit einer gr\u00f6sseren Wassermenge. Nat\u00fcrlich kann auch die Zweimengen-Sp\u00fclung verbaut werden.<\/p>\n<p>Die Dr\u00fcckerplatten und weiteres Anschlussmaterial finden Sie auf den entsprechenden Zubeh\u00f6rseiten.<\/p>\n","protected":false},"excerpt":{"rendered":"<p>Die Standklosetts der Serie JACKSON werden in England nach unseren Entw\u00fcrfen gefertigt. Es kann ganz gegen die Wand montiert werden, dadurch wird oben die Keramik b\u00fcndig an der Wand anliegen. F\u00fcr den Abgang haben wir eine rostfreie Rosette aus Metall herstellen lassen, welche in verschiedenen Oberfl\u00e4chen erh\u00e4ltlich ist. Um eine optimale Sp\u00fclleistung zu erhalten, empfehlen [&hellip;]<\/p>\n","protected":false},"featured_media":8334,"menu_order":160,"template":"","meta":{"_acf_changed":false},"kollektion":[374],"product_brand":[],"product_cat":[324,272],"product_tag":[],"class_list":{"0":"post-3304","1":"product","2":"type-product","3":"status-publish","4":"has-post-thumbnail","6":"kollektion-jackson","7":"product_cat-klosetts","8":"product_cat-standklosetts","9":"product_shipping_class-weiss-ab-lager-farben-auf-anfrage","11":"first","12":"instock","13":"taxable","14":"shipping-taxable","15":"product-type-grouped"},"acf":{"additional_info_image":"","additional_info_image_label":"","reduced_product":false},"_links":{"self":[{"href":"https:\/\/the-bath-shop.com\/\/wp-json\/wp\/v2\/product\/3304","targetHints":{"allow":["GET"]}}],"collection":[{"href":"https:\/\/the-bath-shop.com\/\/wp-json\/wp\/v2\/product"}],"about":[{"href":"https:\/\/the-bath-shop.com\/\/wp-json\/wp\/v2\/types\/product"}],"wp:featuredmedia":[{"embeddable":true,"href":"https:\/\/the-bath-shop.com\/\/wp-json\/wp\/v2\/media\/8334"}],"wp:attachment":[{"href":"https:\/\/the-bath-shop.com\/\/wp-json\/wp\/v2\/media?parent=3304"}],"wp:term":[{"taxonomy":"kollektion","embeddable":true,"href":"https:\/\/the-bath-shop.com\/\/wp-json\/wp\/v2\/kollektion?post=3304"},{"taxonomy":"product_brand","embeddable":true,"href":"https:\/\/the-bath-shop.com\/\/wp-json\/wp\/v2\/product_brand?post=3304"},{"taxonomy":"product_cat","embeddable":true,"href":"https:\/\/the-bath-shop.com\/\/wp-json\/wp\/v2\/product_cat?post=3304"},{"taxonomy":"product_tag","embeddable":true,"href":"https:\/\/the-bath-shop.com\/\/wp-json\/wp\/v2\/product_tag?post=3304"}],"curies":[{"name":"wp","href":"https:\/\/api.w.org\/{rel}","templated":true}]}}