{"id":3598,"date":"2021-12-09T17:33:20","date_gmt":"2021-12-09T15:33:20","guid":{"rendered":"https:\/\/the-bath-shop.com\/?post_type=product&#038;p=3598"},"modified":"2026-02-10T18:14:51","modified_gmt":"2026-02-10T17:14:51","slug":"regent-standklosett-77021","status":"publish","type":"product","link":"https:\/\/the-bath-shop.com\/produkt\/regent-standklosett-77021\/","title":{"rendered":"REGENT Standklosett"},"content":{"rendered":"<p>Die Serie REGENT wird in England nach unseren Entw\u00fcrfen gefertigt.<\/p>\n<p>Um eine optimale Sp\u00fclleistung zu erhalten, empfehlen wir einen Unterputz-Sp\u00fclkasten von Geberit (SIGMA 12cm, Montageh\u00f6he +\/- 97,5cm Mitte Dr\u00fcckerplatte). Dieser wird durch den Sanit\u00e4rinstallateur geliefert.<\/p>\n<p>Wir empfehlen eher die Einmengen-Sp\u00fclung f\u00fcr unsere Klosetts, die traditionelle Bauform der Toiletten sp\u00fclt besser mit einer gr\u00f6sseren Wassermenge. Nat\u00fcrlich kann auch die Zweimengen-Sp\u00fclung verbaut werden. Die Dr\u00fcckerplatten und weiteres Anschlussmaterial finden Sie auf den entsprechenden Seiten.<\/p>\n","protected":false},"excerpt":{"rendered":"<p>Die Serie REGENT wird in England nach unseren Entw\u00fcrfen gefertigt. Um eine optimale Sp\u00fclleistung zu erhalten, empfehlen wir einen Unterputz-Sp\u00fclkasten von Geberit (SIGMA 12cm, Montageh\u00f6he +\/- 97,5cm Mitte Dr\u00fcckerplatte). Dieser wird durch den Sanit\u00e4rinstallateur geliefert. Wir empfehlen eher die Einmengen-Sp\u00fclung f\u00fcr unsere Klosetts, die traditionelle Bauform der Toiletten sp\u00fclt besser mit einer gr\u00f6sseren Wassermenge. Nat\u00fcrlich [&hellip;]<\/p>\n","protected":false},"featured_media":7476,"menu_order":162,"template":"","meta":{"_acf_changed":false},"kollektion":[379],"product_brand":[],"product_cat":[324,272],"product_tag":[],"class_list":{"0":"post-3598","1":"product","2":"type-product","3":"status-publish","4":"has-post-thumbnail","6":"kollektion-regent","7":"product_cat-klosetts","8":"product_cat-standklosetts","9":"product_shipping_class-ab-lager","11":"first","12":"instock","13":"taxable","14":"shipping-taxable","15":"purchasable","16":"product-type-variable"},"acf":{"additional_info_image":"","additional_info_image_label":"","reduced_product":false},"_links":{"self":[{"href":"https:\/\/the-bath-shop.com\/\/wp-json\/wp\/v2\/product\/3598","targetHints":{"allow":["GET"]}}],"collection":[{"href":"https:\/\/the-bath-shop.com\/\/wp-json\/wp\/v2\/product"}],"about":[{"href":"https:\/\/the-bath-shop.com\/\/wp-json\/wp\/v2\/types\/product"}],"wp:featuredmedia":[{"embeddable":true,"href":"https:\/\/the-bath-shop.com\/\/wp-json\/wp\/v2\/media\/7476"}],"wp:attachment":[{"href":"https:\/\/the-bath-shop.com\/\/wp-json\/wp\/v2\/media?parent=3598"}],"wp:term":[{"taxonomy":"kollektion","embeddable":true,"href":"https:\/\/the-bath-shop.com\/\/wp-json\/wp\/v2\/kollektion?post=3598"},{"taxonomy":"product_brand","embeddable":true,"href":"https:\/\/the-bath-shop.com\/\/wp-json\/wp\/v2\/product_brand?post=3598"},{"taxonomy":"product_cat","embeddable":true,"href":"https:\/\/the-bath-shop.com\/\/wp-json\/wp\/v2\/product_cat?post=3598"},{"taxonomy":"product_tag","embeddable":true,"href":"https:\/\/the-bath-shop.com\/\/wp-json\/wp\/v2\/product_tag?post=3598"}],"curies":[{"name":"wp","href":"https:\/\/api.w.org\/{rel}","templated":true}]}}