{"id":3801,"date":"2024-01-23T16:11:43","date_gmt":"2024-01-23T14:11:43","guid":{"rendered":"https:\/\/the-bath-shop.com\/?post_type=product&#038;p=3801"},"modified":"2026-01-29T12:10:51","modified_gmt":"2026-01-29T11:10:51","slug":"regent-standklosett-mit-hochhaengendem-spuelkasten-77021_77026","status":"publish","type":"product","link":"https:\/\/the-bath-shop.com\/produkt\/regent-standklosett-mit-hochhaengendem-spuelkasten-77021_77026\/","title":{"rendered":"REGENT Standklosett mit hochh\u00e4ngendem Sp\u00fclkasten"},"content":{"rendered":"<p>Die Serie REGENT wird in England nach unseren Entw\u00fcrfen gefertigt.<\/p>\n<p>Der Mechanismus im Innern des Kastens ist aus Messing, die Sp\u00fclventile sind von Geberit.<\/p>\n<p>F\u00fcr eine komplette Anlage braucht es zus\u00e4tzlich zum Artikel 77021 Standklosett, alle Artikel B - F und bei einem Wandanschluss 1 x den Artikel 89590 Abdeckkappe f\u00fcr seitliche Anschl\u00fcsse.<\/p>\n<p>Das Anschlussmaterial sowie die Klosettdeckel sind auf den entsprechenden Seiten erh\u00e4ltlich.<\/p>\n","protected":false},"excerpt":{"rendered":"<p>Die Serie REGENT wird in England nach unseren Entw\u00fcrfen gefertigt. Der Mechanismus im Innern des Kastens ist aus Messing, die Sp\u00fclventile sind von Geberit. F\u00fcr eine komplette Anlage braucht es zus\u00e4tzlich zum Artikel 77021 Standklosett, alle Artikel B - F und bei einem Wandanschluss 1 x den Artikel 89590 Abdeckkappe f\u00fcr seitliche Anschl\u00fcsse. Das Anschlussmaterial [&hellip;]<\/p>\n","protected":false},"featured_media":3805,"menu_order":164,"template":"","meta":{"_acf_changed":false},"kollektion":[379],"product_brand":[],"product_cat":[324,274],"product_tag":[],"class_list":{"0":"post-3801","1":"product","2":"type-product","3":"status-publish","4":"has-post-thumbnail","6":"kollektion-regent","7":"product_cat-klosetts","8":"product_cat-standklosetts-mit-spuelkasten","9":"product_shipping_class-keramik-und-chrom-ab-lager-andere-oberflaechen-auf-anfrage","11":"first","12":"instock","13":"taxable","14":"shipping-taxable","15":"product-type-grouped"},"acf":{"additional_info_image":"","additional_info_image_label":"","reduced_product":false},"_links":{"self":[{"href":"https:\/\/the-bath-shop.com\/\/wp-json\/wp\/v2\/product\/3801","targetHints":{"allow":["GET"]}}],"collection":[{"href":"https:\/\/the-bath-shop.com\/\/wp-json\/wp\/v2\/product"}],"about":[{"href":"https:\/\/the-bath-shop.com\/\/wp-json\/wp\/v2\/types\/product"}],"wp:featuredmedia":[{"embeddable":true,"href":"https:\/\/the-bath-shop.com\/\/wp-json\/wp\/v2\/media\/3805"}],"wp:attachment":[{"href":"https:\/\/the-bath-shop.com\/\/wp-json\/wp\/v2\/media?parent=3801"}],"wp:term":[{"taxonomy":"kollektion","embeddable":true,"href":"https:\/\/the-bath-shop.com\/\/wp-json\/wp\/v2\/kollektion?post=3801"},{"taxonomy":"product_brand","embeddable":true,"href":"https:\/\/the-bath-shop.com\/\/wp-json\/wp\/v2\/product_brand?post=3801"},{"taxonomy":"product_cat","embeddable":true,"href":"https:\/\/the-bath-shop.com\/\/wp-json\/wp\/v2\/product_cat?post=3801"},{"taxonomy":"product_tag","embeddable":true,"href":"https:\/\/the-bath-shop.com\/\/wp-json\/wp\/v2\/product_tag?post=3801"}],"curies":[{"name":"wp","href":"https:\/\/api.w.org\/{rel}","templated":true}]}}