{"id":3910,"date":"2024-01-28T14:08:02","date_gmt":"2024-01-28T12:08:02","guid":{"rendered":"https:\/\/the-bath-shop.com\/?post_type=product&#038;p=3910"},"modified":"2026-02-20T18:29:26","modified_gmt":"2026-02-20T17:29:26","slug":"adapter-fuer-oe35-mm-spuelrohr-89740","status":"publish","type":"product","link":"https:\/\/the-bath-shop.com\/produkt\/adapter-fuer-oe35-mm-spuelrohr-89740\/","title":{"rendered":"REGENT E - Adapter f\u00fcr \u00f835 mm Sp\u00fclrohr"},"content":{"rendered":"","protected":false},"excerpt":{"rendered":"","protected":false},"featured_media":0,"menu_order":332,"template":"","meta":{"_acf_changed":false},"kollektion":[],"product_brand":[],"product_cat":[16],"product_tag":[],"class_list":{"0":"post-3910","1":"product","2":"type-product","3":"status-publish","5":"product_cat-unkategorisiert","6":"product_shipping_class-keramik-und-chrom-ab-lager-andere-oberflaechen-auf-anfrage","8":"first","9":"instock","10":"taxable","11":"shipping-taxable","12":"purchasable","13":"product-type-variable"},"acf":{"additional_info_image":null,"additional_info_image_label":"","reduced_product":false},"_links":{"self":[{"href":"https:\/\/the-bath-shop.com\/\/wp-json\/wp\/v2\/product\/3910","targetHints":{"allow":["GET"]}}],"collection":[{"href":"https:\/\/the-bath-shop.com\/\/wp-json\/wp\/v2\/product"}],"about":[{"href":"https:\/\/the-bath-shop.com\/\/wp-json\/wp\/v2\/types\/product"}],"wp:attachment":[{"href":"https:\/\/the-bath-shop.com\/\/wp-json\/wp\/v2\/media?parent=3910"}],"wp:term":[{"taxonomy":"kollektion","embeddable":true,"href":"https:\/\/the-bath-shop.com\/\/wp-json\/wp\/v2\/kollektion?post=3910"},{"taxonomy":"product_brand","embeddable":true,"href":"https:\/\/the-bath-shop.com\/\/wp-json\/wp\/v2\/product_brand?post=3910"},{"taxonomy":"product_cat","embeddable":true,"href":"https:\/\/the-bath-shop.com\/\/wp-json\/wp\/v2\/product_cat?post=3910"},{"taxonomy":"product_tag","embeddable":true,"href":"https:\/\/the-bath-shop.com\/\/wp-json\/wp\/v2\/product_tag?post=3910"}],"curies":[{"name":"wp","href":"https:\/\/api.w.org\/{rel}","templated":true}]}}