{"id":3928,"date":"2024-01-28T14:53:53","date_gmt":"2024-01-28T12:53:53","guid":{"rendered":"https:\/\/the-bath-shop.com\/?post_type=product&#038;p=3928"},"modified":"2025-01-20T14:02:04","modified_gmt":"2025-01-20T13:02:04","slug":"regent-lavabo-mit-untergestell-77650_77009","status":"publish","type":"product","link":"https:\/\/the-bath-shop.com\/produkt\/regent-lavabo-mit-untergestell-77650_77009\/","title":{"rendered":"REGENT Lavabo mit Untergestell  65 x 51 cm"},"content":{"rendered":"<p>Die Serie REGENT wird in England nach unseren Entw\u00fcrfen gefertigt.<\/p>\n<p>An der R\u00fcckwand ist ein kleiner Versatz angebracht, damit die Fugenzement- oder Silikon-Abdichtung nicht sichtbar ist.<\/p>\n<p>Erh\u00e4ltlich mit Ein-Loch- oder mit Drei-Loch-Bohrung f\u00fcr die Armatur.<\/p>\n<p>Die Untergestelle aus der Serie CYLINDRA, die ebenfalls aus England stamen, werden aus bestem Messing hergestellt, entweder in der Ausf\u00fchrung Chrom oder Nickel glanz. Die F\u00fcsse und die St\u00fctze unter dem Lavabo lassen sich in der H\u00f6he verstellen. Unter jedem Fuss hat es einen 10 mm langen Stift, der zur Verankerung im Boden dient. Er kann bei Bedarf gek\u00fcrzt oder entfernt werden.<\/p>\n","protected":false},"excerpt":{"rendered":"<p>Die Serie REGENT wird in England nach unseren Entw\u00fcrfen gefertigt. An der R\u00fcckwand ist ein kleiner Versatz angebracht, damit die Fugenzement- oder Silikon-Abdichtung nicht sichtbar ist. Erh\u00e4ltlich mit Ein-Loch- oder mit Drei-Loch-Bohrung f\u00fcr die Armatur. Die Untergestelle aus der Serie CYLINDRA, die ebenfalls aus England stamen, werden aus bestem Messing hergestellt, entweder in der Ausf\u00fchrung [&hellip;]<\/p>\n","protected":false},"featured_media":3932,"menu_order":109,"template":"","meta":{"_acf_changed":false},"kollektion":[379],"product_brand":[],"product_cat":[31,266],"product_tag":[],"class_list":{"0":"post-3928","1":"product","2":"type-product","3":"status-publish","4":"has-post-thumbnail","6":"kollektion-regent","7":"product_cat-lavabos","8":"product_cat-lavabos-einzeln","9":"product_shipping_class-keramik-und-chrom-ab-lager-andere-oberflaechen-auf-anfrage","11":"first","12":"instock","13":"taxable","14":"shipping-taxable","15":"product-type-grouped"},"acf":{"additional_info_image":"","additional_info_image_label":"","reduced_product":false},"_links":{"self":[{"href":"https:\/\/the-bath-shop.com\/\/wp-json\/wp\/v2\/product\/3928","targetHints":{"allow":["GET"]}}],"collection":[{"href":"https:\/\/the-bath-shop.com\/\/wp-json\/wp\/v2\/product"}],"about":[{"href":"https:\/\/the-bath-shop.com\/\/wp-json\/wp\/v2\/types\/product"}],"wp:featuredmedia":[{"embeddable":true,"href":"https:\/\/the-bath-shop.com\/\/wp-json\/wp\/v2\/media\/3932"}],"wp:attachment":[{"href":"https:\/\/the-bath-shop.com\/\/wp-json\/wp\/v2\/media?parent=3928"}],"wp:term":[{"taxonomy":"kollektion","embeddable":true,"href":"https:\/\/the-bath-shop.com\/\/wp-json\/wp\/v2\/kollektion?post=3928"},{"taxonomy":"product_brand","embeddable":true,"href":"https:\/\/the-bath-shop.com\/\/wp-json\/wp\/v2\/product_brand?post=3928"},{"taxonomy":"product_cat","embeddable":true,"href":"https:\/\/the-bath-shop.com\/\/wp-json\/wp\/v2\/product_cat?post=3928"},{"taxonomy":"product_tag","embeddable":true,"href":"https:\/\/the-bath-shop.com\/\/wp-json\/wp\/v2\/product_tag?post=3928"}],"curies":[{"name":"wp","href":"https:\/\/api.w.org\/{rel}","templated":true}]}}