{"id":3985,"date":"2024-01-28T15:34:17","date_gmt":"2024-01-28T13:34:17","guid":{"rendered":"https:\/\/the-bath-shop.com\/?post_type=product&#038;p=3985"},"modified":"2025-04-01T09:22:49","modified_gmt":"2025-04-01T08:22:49","slug":"regent-lavabo-mit-saeule-85-x-57-cm","status":"publish","type":"product","link":"https:\/\/the-bath-shop.com\/produkt\/regent-lavabo-mit-saeule-85-x-57-cm\/","title":{"rendered":"REGENT Lavabo mit S\u00e4ule 85 x 57 cm"},"content":{"rendered":"<p>Die Lavabos der Serie REGENT werden in England nach unseren Entw\u00fcrfen gefertigt.<\/p>\n<p>Dank eines klein konzipierten Beckens bietet dieses grosse Modell viel Ablagefl\u00e4che.<\/p>\n<p>Als Option ist das Lavabo mit beidseitigen Bohrungen f\u00fcr Handtuchstangen erh\u00e4ltlich. Ist nur einseitig Platz f\u00fcr Handt\u00fccher vorhanden, gibt es f\u00fcr die Bohrl\u00f6cher passende Abdeckungen. Die Artikel m\u00fcssen separat bestellt werden. Weitere Informationen finden Sie unten.<\/p>\n<p>An der R\u00fcckwand ist ein kleiner Versatz angebracht, damit die Fugenzement- oder Silikon-Abdichtung nicht sichtbar ist.<\/p>\n<p>Erh\u00e4ltlich mit Ein-Loch- oder mit Drei-Loch-Bohrung f\u00fcr die Armatur.<\/p>\n<p>Hinten an der S\u00e4ule hat es eine \u00d6ffnung f\u00fcr den Anschluss des Siphons.<\/p>\n","protected":false},"excerpt":{"rendered":"<p>Die Lavabos der Serie REGENT werden in England nach unseren Entw\u00fcrfen gefertigt. Dank eines klein konzipierten Beckens bietet dieses grosse Modell viel Ablagefl\u00e4che. Als Option ist das Lavabo mit beidseitigen Bohrungen f\u00fcr Handtuchstangen erh\u00e4ltlich. Ist nur einseitig Platz f\u00fcr Handt\u00fccher vorhanden, gibt es f\u00fcr die Bohrl\u00f6cher passende Abdeckungen. Die Artikel m\u00fcssen separat bestellt werden. Weitere [&hellip;]<\/p>\n","protected":false},"featured_media":3989,"menu_order":110,"template":"","meta":{"_acf_changed":false},"kollektion":[379],"product_brand":[],"product_cat":[31,266],"product_tag":[],"class_list":{"0":"post-3985","1":"product","2":"type-product","3":"status-publish","4":"has-post-thumbnail","6":"kollektion-regent","7":"product_cat-lavabos","8":"product_cat-lavabos-einzeln","9":"product_shipping_class-ab-lager","11":"first","12":"instock","13":"taxable","14":"shipping-taxable","15":"product-type-grouped"},"acf":{"additional_info_image":"","additional_info_image_label":"","reduced_product":false},"_links":{"self":[{"href":"https:\/\/the-bath-shop.com\/\/wp-json\/wp\/v2\/product\/3985","targetHints":{"allow":["GET"]}}],"collection":[{"href":"https:\/\/the-bath-shop.com\/\/wp-json\/wp\/v2\/product"}],"about":[{"href":"https:\/\/the-bath-shop.com\/\/wp-json\/wp\/v2\/types\/product"}],"wp:featuredmedia":[{"embeddable":true,"href":"https:\/\/the-bath-shop.com\/\/wp-json\/wp\/v2\/media\/3989"}],"wp:attachment":[{"href":"https:\/\/the-bath-shop.com\/\/wp-json\/wp\/v2\/media?parent=3985"}],"wp:term":[{"taxonomy":"kollektion","embeddable":true,"href":"https:\/\/the-bath-shop.com\/\/wp-json\/wp\/v2\/kollektion?post=3985"},{"taxonomy":"product_brand","embeddable":true,"href":"https:\/\/the-bath-shop.com\/\/wp-json\/wp\/v2\/product_brand?post=3985"},{"taxonomy":"product_cat","embeddable":true,"href":"https:\/\/the-bath-shop.com\/\/wp-json\/wp\/v2\/product_cat?post=3985"},{"taxonomy":"product_tag","embeddable":true,"href":"https:\/\/the-bath-shop.com\/\/wp-json\/wp\/v2\/product_tag?post=3985"}],"curies":[{"name":"wp","href":"https:\/\/api.w.org\/{rel}","templated":true}]}}