{"id":4086,"date":"2024-01-28T18:04:21","date_gmt":"2024-01-28T16:04:21","guid":{"rendered":"https:\/\/the-bath-shop.com\/?post_type=product&#038;p=4086"},"modified":"2025-04-01T16:06:37","modified_gmt":"2025-04-01T15:06:37","slug":"loft-wandlavabo-81900","status":"publish","type":"product","link":"https:\/\/the-bath-shop.com\/produkt\/loft-wandlavabo-81900\/","title":{"rendered":"LOFT Wandlavabo 60 x 44 cm"},"content":{"rendered":"<p>Die Reedition eines Beckens das in Industriegeb\u00e4uden, Schulh\u00e4usern und Werkst\u00e4tten gebraucht wurde. Erh\u00e4ltlich in uni-weiss oder aussen schwarz.<\/p>\n<p>Die abgebildete Wandarmatur ist der Artikel 25061_25051 ROCKWELL Lavaboarmatur Wand 130 mm. Weiter unten finden Sie den Artikel.<\/p>\n","protected":false},"excerpt":{"rendered":"<p>Die Reedition eines Beckens das in Industriegeb\u00e4uden, Schulh\u00e4usern und Werkst\u00e4tten gebraucht wurde. Erh\u00e4ltlich in uni-weiss oder aussen schwarz. Die abgebildete Wandarmatur ist der Artikel 25061_25051 ROCKWELL Lavaboarmatur Wand 130 mm. Weiter unten finden Sie den Artikel.<\/p>\n","protected":false},"featured_media":4090,"menu_order":135,"template":"","meta":{"_acf_changed":false},"kollektion":[375],"product_brand":[],"product_cat":[31,266,326],"product_tag":[],"class_list":{"0":"post-4086","1":"product","2":"type-product","3":"status-publish","4":"has-post-thumbnail","6":"kollektion-loft","7":"product_cat-lavabos","8":"product_cat-lavabos-einzeln","9":"product_cat-lavabos-klein","10":"product_shipping_class-ab-lager","12":"first","13":"instock","14":"taxable","15":"shipping-taxable","16":"purchasable","17":"product-type-variable"},"acf":{"additional_info_image":"","additional_info_image_label":"","reduced_product":false},"_links":{"self":[{"href":"https:\/\/the-bath-shop.com\/\/wp-json\/wp\/v2\/product\/4086","targetHints":{"allow":["GET"]}}],"collection":[{"href":"https:\/\/the-bath-shop.com\/\/wp-json\/wp\/v2\/product"}],"about":[{"href":"https:\/\/the-bath-shop.com\/\/wp-json\/wp\/v2\/types\/product"}],"wp:featuredmedia":[{"embeddable":true,"href":"https:\/\/the-bath-shop.com\/\/wp-json\/wp\/v2\/media\/4090"}],"wp:attachment":[{"href":"https:\/\/the-bath-shop.com\/\/wp-json\/wp\/v2\/media?parent=4086"}],"wp:term":[{"taxonomy":"kollektion","embeddable":true,"href":"https:\/\/the-bath-shop.com\/\/wp-json\/wp\/v2\/kollektion?post=4086"},{"taxonomy":"product_brand","embeddable":true,"href":"https:\/\/the-bath-shop.com\/\/wp-json\/wp\/v2\/product_brand?post=4086"},{"taxonomy":"product_cat","embeddable":true,"href":"https:\/\/the-bath-shop.com\/\/wp-json\/wp\/v2\/product_cat?post=4086"},{"taxonomy":"product_tag","embeddable":true,"href":"https:\/\/the-bath-shop.com\/\/wp-json\/wp\/v2\/product_tag?post=4086"}],"curies":[{"name":"wp","href":"https:\/\/api.w.org\/{rel}","templated":true}]}}