{"id":4206,"date":"2024-01-28T19:51:25","date_gmt":"2024-01-28T17:51:25","guid":{"rendered":"https:\/\/the-bath-shop.com\/?post_type=product&#038;p=4206"},"modified":"2025-04-01T16:06:37","modified_gmt":"2025-04-01T15:06:37","slug":"loft-doppel-wandlavabo-schwarz","status":"publish","type":"product","link":"https:\/\/the-bath-shop.com\/produkt\/loft-doppel-wandlavabo-schwarz\/","title":{"rendered":"LOFT Doppel-Wandlavabo Schwarz 120 x 44 cm"},"content":{"rendered":"<div id=\"-product-description-93-5145\" class=\"oxy-product-description oxy-woo-element\">\n<p>Die Reedition eines Beckens das in Industriegeb\u00e4uden, Schulh\u00e4usern und Werkst\u00e4tten gebraucht wurde. Erh\u00e4ltlich in uni-weiss oder aussen schwarz.<\/p>\n<p>Die abgebildete Wandarmatur ist der Artikel 25061_25051 ROCKWELL Lavaboarmatur Wand 130 mm. Weiter unten finden Sie den Artikel.<\/p>\n<\/div>\n","protected":false},"excerpt":{"rendered":"<p>Die Reedition eines Beckens das in Industriegeb\u00e4uden, Schulh\u00e4usern und Werkst\u00e4tten gebraucht wurde. Erh\u00e4ltlich in uni-weiss oder aussen schwarz. Die abgebildete Wandarmatur ist der Artikel 25061_25051 ROCKWELL Lavaboarmatur Wand 130 mm. Weiter unten finden Sie den Artikel.<\/p>\n","protected":false},"featured_media":4174,"menu_order":136,"template":"","meta":{"_acf_changed":false},"kollektion":[375],"product_brand":[],"product_cat":[31,267],"product_tag":[],"class_list":{"0":"post-4206","1":"product","2":"type-product","3":"status-publish","4":"has-post-thumbnail","6":"kollektion-loft","7":"product_cat-lavabos","8":"product_cat-lavabos-doppelt","9":"product_shipping_class-ab-lager","11":"first","12":"instock","13":"taxable","14":"shipping-taxable","15":"purchasable","16":"product-type-variable"},"acf":{"additional_info_image":"","additional_info_image_label":"","reduced_product":false},"_links":{"self":[{"href":"https:\/\/the-bath-shop.com\/\/wp-json\/wp\/v2\/product\/4206","targetHints":{"allow":["GET"]}}],"collection":[{"href":"https:\/\/the-bath-shop.com\/\/wp-json\/wp\/v2\/product"}],"about":[{"href":"https:\/\/the-bath-shop.com\/\/wp-json\/wp\/v2\/types\/product"}],"wp:featuredmedia":[{"embeddable":true,"href":"https:\/\/the-bath-shop.com\/\/wp-json\/wp\/v2\/media\/4174"}],"wp:attachment":[{"href":"https:\/\/the-bath-shop.com\/\/wp-json\/wp\/v2\/media?parent=4206"}],"wp:term":[{"taxonomy":"kollektion","embeddable":true,"href":"https:\/\/the-bath-shop.com\/\/wp-json\/wp\/v2\/kollektion?post=4206"},{"taxonomy":"product_brand","embeddable":true,"href":"https:\/\/the-bath-shop.com\/\/wp-json\/wp\/v2\/product_brand?post=4206"},{"taxonomy":"product_cat","embeddable":true,"href":"https:\/\/the-bath-shop.com\/\/wp-json\/wp\/v2\/product_cat?post=4206"},{"taxonomy":"product_tag","embeddable":true,"href":"https:\/\/the-bath-shop.com\/\/wp-json\/wp\/v2\/product_tag?post=4206"}],"curies":[{"name":"wp","href":"https:\/\/api.w.org\/{rel}","templated":true}]}}