{"id":4263,"date":"2024-01-29T17:30:27","date_gmt":"2024-01-29T15:30:27","guid":{"rendered":"https:\/\/the-bath-shop.com\/?post_type=product&#038;p=4263"},"modified":"2025-01-20T15:11:28","modified_gmt":"2025-01-20T14:11:28","slug":"palazzo-wandklosett-81822","status":"publish","type":"product","link":"https:\/\/the-bath-shop.com\/produkt\/palazzo-wandklosett-81822\/","title":{"rendered":"PALAZZO Wandklosett"},"content":{"rendered":"<p>Um eine optimale Sp\u00fclleistung zu erhalten, empfehlen wir einen Unterputzsp\u00fclkasten von Geberit: SIGMA 12cm, H\u00f6he +\/- 100 cm (Mitte Dr\u00fcckerplatte). Dieser wird durch den Sanit\u00e4rinstallateur geliefert.<\/p>\n<p>Wir empfehlen eher die Einmengen-Sp\u00fclung f\u00fcr unsere Klosetts, die traditionelle Bauform der Toiletten sp\u00fclt besser mit einer gr\u00f6sseren Wassermenge. Nat\u00fcrlich kann auch die Zweimengen-Sp\u00fclung verbaut werden.<br \/>\nDie Dr\u00fcckerplatten und weiteres Anschlussmaterial finden Sie auf den entsprechenden Zubeh\u00f6rseiten.<\/p>\n","protected":false},"excerpt":{"rendered":"<p>Um eine optimale Sp\u00fclleistung zu erhalten, empfehlen wir einen Unterputzsp\u00fclkasten von Geberit: SIGMA 12cm, H\u00f6he +\/- 100 cm (Mitte Dr\u00fcckerplatte). Dieser wird durch den Sanit\u00e4rinstallateur geliefert. Wir empfehlen eher die Einmengen-Sp\u00fclung f\u00fcr unsere Klosetts, die traditionelle Bauform der Toiletten sp\u00fclt besser mit einer gr\u00f6sseren Wassermenge. Nat\u00fcrlich kann auch die Zweimengen-Sp\u00fclung verbaut werden. Die Dr\u00fcckerplatten und [&hellip;]<\/p>\n","protected":false},"featured_media":4267,"menu_order":167,"template":"","meta":{"_acf_changed":false},"kollektion":[376],"product_brand":[],"product_cat":[324,273],"product_tag":[],"class_list":{"0":"post-4263","1":"product","2":"type-product","3":"status-publish","4":"has-post-thumbnail","6":"kollektion-palazzo","7":"product_cat-klosetts","8":"product_cat-wandklosetts","9":"product_shipping_class-ab-lager","11":"first","12":"instock","13":"taxable","14":"shipping-taxable","15":"purchasable","16":"product-type-variable"},"acf":{"additional_info_image":"","additional_info_image_label":"","reduced_product":false},"_links":{"self":[{"href":"https:\/\/the-bath-shop.com\/\/wp-json\/wp\/v2\/product\/4263","targetHints":{"allow":["GET"]}}],"collection":[{"href":"https:\/\/the-bath-shop.com\/\/wp-json\/wp\/v2\/product"}],"about":[{"href":"https:\/\/the-bath-shop.com\/\/wp-json\/wp\/v2\/types\/product"}],"wp:featuredmedia":[{"embeddable":true,"href":"https:\/\/the-bath-shop.com\/\/wp-json\/wp\/v2\/media\/4267"}],"wp:attachment":[{"href":"https:\/\/the-bath-shop.com\/\/wp-json\/wp\/v2\/media?parent=4263"}],"wp:term":[{"taxonomy":"kollektion","embeddable":true,"href":"https:\/\/the-bath-shop.com\/\/wp-json\/wp\/v2\/kollektion?post=4263"},{"taxonomy":"product_brand","embeddable":true,"href":"https:\/\/the-bath-shop.com\/\/wp-json\/wp\/v2\/product_brand?post=4263"},{"taxonomy":"product_cat","embeddable":true,"href":"https:\/\/the-bath-shop.com\/\/wp-json\/wp\/v2\/product_cat?post=4263"},{"taxonomy":"product_tag","embeddable":true,"href":"https:\/\/the-bath-shop.com\/\/wp-json\/wp\/v2\/product_tag?post=4263"}],"curies":[{"name":"wp","href":"https:\/\/api.w.org\/{rel}","templated":true}]}}