{"id":4359,"date":"2024-01-29T18:45:07","date_gmt":"2024-01-29T16:45:07","guid":{"rendered":"https:\/\/the-bath-shop.com\/?post_type=product&#038;p=4359"},"modified":"2025-01-21T15:19:02","modified_gmt":"2025-01-21T14:19:02","slug":"palazzo-basin-with-pedestal-81875_81815","status":"publish","type":"product","link":"https:\/\/the-bath-shop.com\/produkt\/palazzo-basin-with-pedestal-81875_81815\/","title":{"rendered":"PALAZZO Lavabo mit S\u00e4ule 75 x 52 cm"},"content":{"rendered":"<p>Diese geschwungene Form aus der Zeit von 1900 bis 1920 wird in traditioneller Manier von Hand in Italien hergestellt, in einer Gegend n\u00f6rdlich von Rom, die f\u00fcr ihre jahrhundertealte Keramikfabrikation ber\u00fchmt ist.<\/p>\n<p>Erh\u00e4ltlich in zwei Gr\u00f6ssen, jeweils mit Ein-Loch- oder mit Drei-Loch-Bohrung f\u00fcr die Armatur.<\/p>\n<p>Hinten an der S\u00e4ule hat es eine \u00d6ffnung f\u00fcr den Anschluss des Siphons.<\/p>\n","protected":false},"excerpt":{"rendered":"<p>Diese geschwungene Form aus der Zeit von 1900 bis 1920 wird in traditioneller Manier von Hand in Italien hergestellt, in einer Gegend n\u00f6rdlich von Rom, die f\u00fcr ihre jahrhundertealte Keramikfabrikation ber\u00fchmt ist. Erh\u00e4ltlich in zwei Gr\u00f6ssen, jeweils mit Ein-Loch- oder mit Drei-Loch-Bohrung f\u00fcr die Armatur. Hinten an der S\u00e4ule hat es eine \u00d6ffnung f\u00fcr den [&hellip;]<\/p>\n","protected":false},"featured_media":4363,"menu_order":116,"template":"","meta":{"_acf_changed":false},"kollektion":[376],"product_brand":[],"product_cat":[31,266],"product_tag":[],"class_list":{"0":"post-4359","1":"product","2":"type-product","3":"status-publish","4":"has-post-thumbnail","6":"kollektion-palazzo","7":"product_cat-lavabos","8":"product_cat-lavabos-einzeln","9":"product_shipping_class-ab-lager","11":"first","12":"instock","13":"taxable","14":"shipping-taxable","15":"product-type-grouped"},"acf":{"additional_info_image":"","additional_info_image_label":"","reduced_product":false},"_links":{"self":[{"href":"https:\/\/the-bath-shop.com\/\/wp-json\/wp\/v2\/product\/4359","targetHints":{"allow":["GET"]}}],"collection":[{"href":"https:\/\/the-bath-shop.com\/\/wp-json\/wp\/v2\/product"}],"about":[{"href":"https:\/\/the-bath-shop.com\/\/wp-json\/wp\/v2\/types\/product"}],"wp:featuredmedia":[{"embeddable":true,"href":"https:\/\/the-bath-shop.com\/\/wp-json\/wp\/v2\/media\/4363"}],"wp:attachment":[{"href":"https:\/\/the-bath-shop.com\/\/wp-json\/wp\/v2\/media?parent=4359"}],"wp:term":[{"taxonomy":"kollektion","embeddable":true,"href":"https:\/\/the-bath-shop.com\/\/wp-json\/wp\/v2\/kollektion?post=4359"},{"taxonomy":"product_brand","embeddable":true,"href":"https:\/\/the-bath-shop.com\/\/wp-json\/wp\/v2\/product_brand?post=4359"},{"taxonomy":"product_cat","embeddable":true,"href":"https:\/\/the-bath-shop.com\/\/wp-json\/wp\/v2\/product_cat?post=4359"},{"taxonomy":"product_tag","embeddable":true,"href":"https:\/\/the-bath-shop.com\/\/wp-json\/wp\/v2\/product_tag?post=4359"}],"curies":[{"name":"wp","href":"https:\/\/api.w.org\/{rel}","templated":true}]}}