{"id":4579,"date":"2024-02-05T13:20:40","date_gmt":"2024-02-05T11:20:40","guid":{"rendered":"https:\/\/the-bath-shop.com\/?post_type=product&#038;p=4579"},"modified":"2026-02-10T18:14:22","modified_gmt":"2026-02-10T17:14:22","slug":"rockwell-lavaboarmatur-25010","status":"publish","type":"product","link":"https:\/\/the-bath-shop.com\/produkt\/rockwell-lavaboarmatur-25010\/","title":{"rendered":"ROCKWELL Lavaboarmatur mit Kreuzgriffen aus Metall"},"content":{"rendered":"<p>Der massive Auslauf der Armatur ist fix, nicht schwenkbar. Der Metall-Knopf auf dem Auslauf bet\u00e4tigt das Ablaufventil im Lavabo.<\/p>\n<p>Als Lagerartikel bieten wir die Armaturen mit Kreuzgriffen aus Metall an. Zus\u00e4tzlich bieten wir die keramischen Griffe in diversen Farben auch einzeln an, so dass Sie diese nachtr\u00e4glich wechseln k\u00f6nnen.<\/p>\n<p>Zubeh\u00f6r wie Metallsiphon, Eckregulierventile usw. sind separat erh\u00e4ltlich.<\/p>\n<p>Lieferumfang: 2 Standventile, Auslauf, Ablaufventil, 2 Panzerschl\u00e4uche.<\/p>\n<p>&nbsp;<\/p>\n","protected":false},"excerpt":{"rendered":"<p>Der massive Auslauf der Armatur ist fix, nicht schwenkbar. Der Metall-Knopf auf dem Auslauf bet\u00e4tigt das Ablaufventil im Lavabo. Als Lagerartikel bieten wir die Armaturen mit Kreuzgriffen aus Metall an. Zus\u00e4tzlich bieten wir die keramischen Griffe in diversen Farben auch einzeln an, so dass Sie diese nachtr\u00e4glich wechseln k\u00f6nnen. Zubeh\u00f6r wie Metallsiphon, Eckregulierventile usw. sind [&hellip;]<\/p>\n","protected":false},"featured_media":4583,"menu_order":383,"template":"","meta":{"_acf_changed":false},"kollektion":[],"product_brand":[],"product_cat":[16],"product_tag":[],"class_list":{"0":"post-4579","1":"product","2":"type-product","3":"status-publish","4":"has-post-thumbnail","6":"product_cat-unkategorisiert","7":"product_shipping_class-chrom-ab-lager-andere-oberflaechen-auf-anfrage","9":"first","10":"instock","11":"taxable","12":"shipping-taxable","13":"purchasable","14":"product-type-variable"},"acf":{"additional_info_image":"","additional_info_image_label":"","reduced_product":false},"_links":{"self":[{"href":"https:\/\/the-bath-shop.com\/\/wp-json\/wp\/v2\/product\/4579","targetHints":{"allow":["GET"]}}],"collection":[{"href":"https:\/\/the-bath-shop.com\/\/wp-json\/wp\/v2\/product"}],"about":[{"href":"https:\/\/the-bath-shop.com\/\/wp-json\/wp\/v2\/types\/product"}],"wp:featuredmedia":[{"embeddable":true,"href":"https:\/\/the-bath-shop.com\/\/wp-json\/wp\/v2\/media\/4583"}],"wp:attachment":[{"href":"https:\/\/the-bath-shop.com\/\/wp-json\/wp\/v2\/media?parent=4579"}],"wp:term":[{"taxonomy":"kollektion","embeddable":true,"href":"https:\/\/the-bath-shop.com\/\/wp-json\/wp\/v2\/kollektion?post=4579"},{"taxonomy":"product_brand","embeddable":true,"href":"https:\/\/the-bath-shop.com\/\/wp-json\/wp\/v2\/product_brand?post=4579"},{"taxonomy":"product_cat","embeddable":true,"href":"https:\/\/the-bath-shop.com\/\/wp-json\/wp\/v2\/product_cat?post=4579"},{"taxonomy":"product_tag","embeddable":true,"href":"https:\/\/the-bath-shop.com\/\/wp-json\/wp\/v2\/product_tag?post=4579"}],"curies":[{"name":"wp","href":"https:\/\/api.w.org\/{rel}","templated":true}]}}