{"id":4739,"date":"2024-02-05T17:25:11","date_gmt":"2024-02-05T15:25:11","guid":{"rendered":"https:\/\/the-bath-shop.com\/?post_type=product&#038;p=4739"},"modified":"2026-03-19T17:50:37","modified_gmt":"2026-03-19T16:50:37","slug":"rockwell-lavaboarmatur-wand-25051-25910","status":"publish","type":"product","link":"https:\/\/the-bath-shop.com\/produkt\/rockwell-lavaboarmatur-wand-25051-25910\/","title":{"rendered":"ROCKWELL Lavaboarmatur Wand 170 mm"},"content":{"rendered":"<div id=\"-product-description-93-5145\" class=\"oxy-product-description oxy-woo-element\">\n<p>Als Lagerartikel bieten wir die Armaturen mit Kreuzgriffen aus Metall an. Zus\u00e4tzlich bieten wir die keramischen Griffe in diversen Farben auch einzeln an, so dass Sie diese nachtr\u00e4glich wechseln k\u00f6nnen.<\/p>\n<p>Verst\u00e4ndlicherweise sind diese nur mit der Serie ROCKWELL kompatibel.<\/p>\n<p>Auslauf, Unterputzmaterial und Fertigmontage-Set m\u00fcssen separat bestellt werden. F\u00fcr eine komplette Armatur braucht es die Artikel A, B und Auslauf C.<\/p>\n<p>Zubeh\u00f6r wie Metallsiphon, Eckregulierventile usw. sind separat erh\u00e4ltlich.<\/p>\n<\/div>\n","protected":false},"excerpt":{"rendered":"<p>Als Lagerartikel bieten wir die Armaturen mit Kreuzgriffen aus Metall an. Zus\u00e4tzlich bieten wir die keramischen Griffe in diversen Farben auch einzeln an, so dass Sie diese nachtr\u00e4glich wechseln k\u00f6nnen. Verst\u00e4ndlicherweise sind diese nur mit der Serie ROCKWELL kompatibel. Auslauf, Unterputzmaterial und Fertigmontage-Set m\u00fcssen separat bestellt werden. F\u00fcr eine komplette Armatur braucht es die Artikel [&hellip;]<\/p>\n","protected":false},"featured_media":4743,"menu_order":229,"template":"","meta":{"_acf_changed":false},"kollektion":[381],"product_brand":[],"product_cat":[43,264],"product_tag":[],"class_list":{"0":"post-4739","1":"product","2":"type-product","3":"status-publish","4":"has-post-thumbnail","6":"kollektion-rockwell","7":"product_cat-armaturen","8":"product_cat-lavaboarmaturen","10":"first","11":"instock","12":"taxable","13":"shipping-taxable","14":"product-type-grouped"},"acf":{"additional_info_image":"","additional_info_image_label":"","reduced_product":false},"_links":{"self":[{"href":"https:\/\/the-bath-shop.com\/\/wp-json\/wp\/v2\/product\/4739","targetHints":{"allow":["GET"]}}],"collection":[{"href":"https:\/\/the-bath-shop.com\/\/wp-json\/wp\/v2\/product"}],"about":[{"href":"https:\/\/the-bath-shop.com\/\/wp-json\/wp\/v2\/types\/product"}],"wp:featuredmedia":[{"embeddable":true,"href":"https:\/\/the-bath-shop.com\/\/wp-json\/wp\/v2\/media\/4743"}],"wp:attachment":[{"href":"https:\/\/the-bath-shop.com\/\/wp-json\/wp\/v2\/media?parent=4739"}],"wp:term":[{"taxonomy":"kollektion","embeddable":true,"href":"https:\/\/the-bath-shop.com\/\/wp-json\/wp\/v2\/kollektion?post=4739"},{"taxonomy":"product_brand","embeddable":true,"href":"https:\/\/the-bath-shop.com\/\/wp-json\/wp\/v2\/product_brand?post=4739"},{"taxonomy":"product_cat","embeddable":true,"href":"https:\/\/the-bath-shop.com\/\/wp-json\/wp\/v2\/product_cat?post=4739"},{"taxonomy":"product_tag","embeddable":true,"href":"https:\/\/the-bath-shop.com\/\/wp-json\/wp\/v2\/product_tag?post=4739"}],"curies":[{"name":"wp","href":"https:\/\/api.w.org\/{rel}","templated":true}]}}