{"id":4777,"date":"2024-02-05T17:44:18","date_gmt":"2024-02-05T15:44:18","guid":{"rendered":"https:\/\/the-bath-shop.com\/?post_type=product&#038;p=4777"},"modified":"2026-03-19T17:44:21","modified_gmt":"2026-03-19T16:44:21","slug":"rockwell-lavaboarmatur-wand-25051-25061","status":"publish","type":"product","link":"https:\/\/the-bath-shop.com\/produkt\/rockwell-lavaboarmatur-wand-25051-25061\/","title":{"rendered":"ROCKWELL Lavaboarmatur Wand 130 mm"},"content":{"rendered":"<p>Als Lagerartikel bieten wir die Armaturen mit Kreuzgriffen aus Metall an. Zus\u00e4tzlich bieten wir die keramischen Griffe in diversen Farben auch einzeln an, so dass Sie diese nachtr\u00e4glich wechseln k\u00f6nnen.<\/p>\n<p>Verst\u00e4ndlicherweise sind diese nur mit der Serie ROCKWELL kompatibel.<\/p>\n<p>F\u00fcr eine komplette Armatur braucht es die Artikel A, B und Auslauf C.<\/p>\n<p>Auslauf, Unterputzmaterial und Fertigmontage-Set m\u00fcssen separat bestellt werden.<\/p>\n<p>Zubeh\u00f6r wie Metallsiphon, usw. sind separat erh\u00e4ltlich.<\/p>\n","protected":false},"excerpt":{"rendered":"<p>Als Lagerartikel bieten wir die Armaturen mit Kreuzgriffen aus Metall an. Zus\u00e4tzlich bieten wir die keramischen Griffe in diversen Farben auch einzeln an, so dass Sie diese nachtr\u00e4glich wechseln k\u00f6nnen. Verst\u00e4ndlicherweise sind diese nur mit der Serie ROCKWELL kompatibel. F\u00fcr eine komplette Armatur braucht es die Artikel A, B und Auslauf C. Auslauf, Unterputzmaterial und [&hellip;]<\/p>\n","protected":false},"featured_media":4778,"menu_order":227,"template":"","meta":{"_acf_changed":false},"kollektion":[381],"product_brand":[],"product_cat":[43,264],"product_tag":[],"class_list":{"0":"post-4777","1":"product","2":"type-product","3":"status-publish","4":"has-post-thumbnail","6":"kollektion-rockwell","7":"product_cat-armaturen","8":"product_cat-lavaboarmaturen","10":"first","11":"instock","12":"taxable","13":"shipping-taxable","14":"product-type-grouped"},"acf":{"additional_info_image":"","additional_info_image_label":"","reduced_product":false},"_links":{"self":[{"href":"https:\/\/the-bath-shop.com\/\/wp-json\/wp\/v2\/product\/4777","targetHints":{"allow":["GET"]}}],"collection":[{"href":"https:\/\/the-bath-shop.com\/\/wp-json\/wp\/v2\/product"}],"about":[{"href":"https:\/\/the-bath-shop.com\/\/wp-json\/wp\/v2\/types\/product"}],"wp:featuredmedia":[{"embeddable":true,"href":"https:\/\/the-bath-shop.com\/\/wp-json\/wp\/v2\/media\/4778"}],"wp:attachment":[{"href":"https:\/\/the-bath-shop.com\/\/wp-json\/wp\/v2\/media?parent=4777"}],"wp:term":[{"taxonomy":"kollektion","embeddable":true,"href":"https:\/\/the-bath-shop.com\/\/wp-json\/wp\/v2\/kollektion?post=4777"},{"taxonomy":"product_brand","embeddable":true,"href":"https:\/\/the-bath-shop.com\/\/wp-json\/wp\/v2\/product_brand?post=4777"},{"taxonomy":"product_cat","embeddable":true,"href":"https:\/\/the-bath-shop.com\/\/wp-json\/wp\/v2\/product_cat?post=4777"},{"taxonomy":"product_tag","embeddable":true,"href":"https:\/\/the-bath-shop.com\/\/wp-json\/wp\/v2\/product_tag?post=4777"}],"curies":[{"name":"wp","href":"https:\/\/api.w.org\/{rel}","templated":true}]}}