{"id":4809,"date":"2024-02-06T15:08:48","date_gmt":"2024-02-06T13:08:48","guid":{"rendered":"https:\/\/the-bath-shop.com\/?post_type=product&#038;p=4809"},"modified":"2026-03-19T17:49:57","modified_gmt":"2026-03-19T16:49:57","slug":"rockwell-lavaboarmatur-wand-25063_25051","status":"publish","type":"product","link":"https:\/\/the-bath-shop.com\/produkt\/rockwell-lavaboarmatur-wand-25063_25051\/","title":{"rendered":"ROCKWELL Lavaboarmatur Wand 200 mm"},"content":{"rendered":"<p>Als Lagerartikel bieten wir die Armaturen mit Kreuzgriffen aus Metall an. Zus\u00e4tzlich bieten wir die keramischen Griffe in diversen Farben auch einzeln an, so dass Sie diese nachtr\u00e4glich wechseln k\u00f6nnen.<\/p>\n<p>Auslauf, Unterputzmaterial und Fertigmontage-Set m\u00fcssen separat bestellt werden. F\u00fcr eine komplette Armatur braucht es die Artikel A, B und Auslauf C.<\/p>\n<p>Zubeh\u00f6r wie Metallsiphon, usw. sind separat erh\u00e4ltlich.<\/p>\n","protected":false},"excerpt":{"rendered":"<p>Als Lagerartikel bieten wir die Armaturen mit Kreuzgriffen aus Metall an. Zus\u00e4tzlich bieten wir die keramischen Griffe in diversen Farben auch einzeln an, so dass Sie diese nachtr\u00e4glich wechseln k\u00f6nnen. Auslauf, Unterputzmaterial und Fertigmontage-Set m\u00fcssen separat bestellt werden. F\u00fcr eine komplette Armatur braucht es die Artikel A, B und Auslauf C. Zubeh\u00f6r wie Metallsiphon, usw. [&hellip;]<\/p>\n","protected":false},"featured_media":4778,"menu_order":228,"template":"","meta":{"_acf_changed":false},"kollektion":[381],"product_brand":[],"product_cat":[43,264],"product_tag":[],"class_list":{"0":"post-4809","1":"product","2":"type-product","3":"status-publish","4":"has-post-thumbnail","6":"kollektion-rockwell","7":"product_cat-armaturen","8":"product_cat-lavaboarmaturen","9":"product_shipping_class-chrom-ab-lager-andere-oberflaechen-auf-anfrage","11":"first","12":"instock","13":"taxable","14":"shipping-taxable","15":"product-type-grouped"},"acf":{"additional_info_image":"","additional_info_image_label":"","reduced_product":false},"_links":{"self":[{"href":"https:\/\/the-bath-shop.com\/\/wp-json\/wp\/v2\/product\/4809","targetHints":{"allow":["GET"]}}],"collection":[{"href":"https:\/\/the-bath-shop.com\/\/wp-json\/wp\/v2\/product"}],"about":[{"href":"https:\/\/the-bath-shop.com\/\/wp-json\/wp\/v2\/types\/product"}],"wp:featuredmedia":[{"embeddable":true,"href":"https:\/\/the-bath-shop.com\/\/wp-json\/wp\/v2\/media\/4778"}],"wp:attachment":[{"href":"https:\/\/the-bath-shop.com\/\/wp-json\/wp\/v2\/media?parent=4809"}],"wp:term":[{"taxonomy":"kollektion","embeddable":true,"href":"https:\/\/the-bath-shop.com\/\/wp-json\/wp\/v2\/kollektion?post=4809"},{"taxonomy":"product_brand","embeddable":true,"href":"https:\/\/the-bath-shop.com\/\/wp-json\/wp\/v2\/product_brand?post=4809"},{"taxonomy":"product_cat","embeddable":true,"href":"https:\/\/the-bath-shop.com\/\/wp-json\/wp\/v2\/product_cat?post=4809"},{"taxonomy":"product_tag","embeddable":true,"href":"https:\/\/the-bath-shop.com\/\/wp-json\/wp\/v2\/product_tag?post=4809"}],"curies":[{"name":"wp","href":"https:\/\/api.w.org\/{rel}","templated":true}]}}