{"id":4942,"date":"2024-02-09T16:16:08","date_gmt":"2024-02-09T14:16:08","guid":{"rendered":"https:\/\/the-bath-shop.com\/?post_type=product&#038;p=4942"},"modified":"2026-03-19T17:42:58","modified_gmt":"2026-03-19T16:42:58","slug":"rockwell-absperrventil-unterputz-25170_25151","status":"publish","type":"product","link":"https:\/\/the-bath-shop.com\/produkt\/rockwell-absperrventil-unterputz-25170_25151\/","title":{"rendered":"ROCKWELL Umsteller Unterputz 3\/4''"},"content":{"rendered":"<p>Der 2-Weg-Umsteller wird zusammen mit Warm- und Kaltwasser Absperrventilen eingesetzt.<\/p>\n<p>F\u00fcr eine komplette Installation werden beide Artikel ben\u00f6tigt: das Unterputzmaterial sowie das Fertigmontage-Set.<\/p>\n<p>Wandduschen, Handbrausen und Wanneneinl\u00e4ufe finden Sie auf den entsprechenden Seiten.<\/p>\n<p>Als Lagerartikel bieten wir die Armaturen mit Kreuzgriffen aus Metall an. Zus\u00e4tzlich bieten wir die keramischen Griffe in diversen Farben auch einzeln an, so dass Sie diese nachtr\u00e4glich wechseln k\u00f6nnen.<\/p>\n<p>Verst\u00e4ndlicherweise sind diese nur mit der Serie ROCKWELL kompatibel.<\/p>\n","protected":false},"excerpt":{"rendered":"<p>Der 2-Weg-Umsteller wird zusammen mit Warm- und Kaltwasser Absperrventilen eingesetzt. F\u00fcr eine komplette Installation werden beide Artikel ben\u00f6tigt: das Unterputzmaterial sowie das Fertigmontage-Set. Wandduschen, Handbrausen und Wanneneinl\u00e4ufe finden Sie auf den entsprechenden Seiten. Als Lagerartikel bieten wir die Armaturen mit Kreuzgriffen aus Metall an. Zus\u00e4tzlich bieten wir die keramischen Griffe in diversen Farben auch einzeln [&hellip;]<\/p>\n","protected":false},"featured_media":4905,"menu_order":236,"template":"","meta":{"_acf_changed":false},"kollektion":[381],"product_brand":[],"product_cat":[43,261],"product_tag":[],"class_list":{"0":"post-4942","1":"product","2":"type-product","3":"status-publish","4":"has-post-thumbnail","6":"kollektion-rockwell","7":"product_cat-armaturen","8":"product_cat-wannenarmaturen","9":"product_shipping_class-chrom-ab-lager-andere-oberflaechen-auf-anfrage","11":"first","12":"instock","13":"taxable","14":"shipping-taxable","15":"product-type-grouped"},"acf":{"additional_info_image":"","additional_info_image_label":"","reduced_product":false},"_links":{"self":[{"href":"https:\/\/the-bath-shop.com\/\/wp-json\/wp\/v2\/product\/4942","targetHints":{"allow":["GET"]}}],"collection":[{"href":"https:\/\/the-bath-shop.com\/\/wp-json\/wp\/v2\/product"}],"about":[{"href":"https:\/\/the-bath-shop.com\/\/wp-json\/wp\/v2\/types\/product"}],"wp:featuredmedia":[{"embeddable":true,"href":"https:\/\/the-bath-shop.com\/\/wp-json\/wp\/v2\/media\/4905"}],"wp:attachment":[{"href":"https:\/\/the-bath-shop.com\/\/wp-json\/wp\/v2\/media?parent=4942"}],"wp:term":[{"taxonomy":"kollektion","embeddable":true,"href":"https:\/\/the-bath-shop.com\/\/wp-json\/wp\/v2\/kollektion?post=4942"},{"taxonomy":"product_brand","embeddable":true,"href":"https:\/\/the-bath-shop.com\/\/wp-json\/wp\/v2\/product_brand?post=4942"},{"taxonomy":"product_cat","embeddable":true,"href":"https:\/\/the-bath-shop.com\/\/wp-json\/wp\/v2\/product_cat?post=4942"},{"taxonomy":"product_tag","embeddable":true,"href":"https:\/\/the-bath-shop.com\/\/wp-json\/wp\/v2\/product_tag?post=4942"}],"curies":[{"name":"wp","href":"https:\/\/api.w.org\/{rel}","templated":true}]}}