{"id":5142,"date":"2024-02-09T17:57:44","date_gmt":"2024-02-09T15:57:44","guid":{"rendered":"https:\/\/the-bath-shop.com\/?post_type=product&#038;p=5142"},"modified":"2025-01-15T16:39:16","modified_gmt":"2025-01-15T15:39:16","slug":"rockwell-wannenarmatur-mit-standrohren-25330","status":"publish","type":"product","link":"https:\/\/the-bath-shop.com\/produkt\/rockwell-wannenarmatur-mit-standrohren-25330\/","title":{"rendered":"ROCKWELL Wannenarmatur mit Standrohren"},"content":{"rendered":"<p>Als Lagerartikel bieten wir die Armaturen mit Kreuzgriffen aus Metall an. Zus\u00e4tzlich bieten wir die keramischen Griffe auch einzeln an, so dass Sie diese nachtr\u00e4glich wechseln k\u00f6nnen.<\/p>\n<p>Verst\u00e4ndlicherweise sind diese nur mit der Serie ROCKWELL kompatibel.<\/p>\n<p>Ebenso kann der Handbrausengriff und Umsteller auf Wunsch aus Keramik sein. Bitte kontaktieren Sie uns f\u00fcr weitere Informationen.<\/p>\n<p>Eine komplette Installation ben\u00f6tigt die beiden Artikel 25300 Wannenarmatur und 25330 Standrohre.<\/p>\n<p>Anschluss: 3\/4\"<\/p>\n<p>Anschlussdistanz: 200 mm<\/p>\n<p>Komplett mit Handbrause und 150 cm Schlauch.<\/p>\n","protected":false},"excerpt":{"rendered":"<p>Als Lagerartikel bieten wir die Armaturen mit Kreuzgriffen aus Metall an. Zus\u00e4tzlich bieten wir die keramischen Griffe auch einzeln an, so dass Sie diese nachtr\u00e4glich wechseln k\u00f6nnen. Verst\u00e4ndlicherweise sind diese nur mit der Serie ROCKWELL kompatibel. Ebenso kann der Handbrausengriff und Umsteller auf Wunsch aus Keramik sein. Bitte kontaktieren Sie uns f\u00fcr weitere Informationen. Eine [&hellip;]<\/p>\n","protected":false},"featured_media":5130,"menu_order":232,"template":"","meta":{"_acf_changed":false},"kollektion":[381],"product_brand":[],"product_cat":[43,261],"product_tag":[],"class_list":{"0":"post-5142","1":"product","2":"type-product","3":"status-publish","4":"has-post-thumbnail","6":"kollektion-rockwell","7":"product_cat-armaturen","8":"product_cat-wannenarmaturen","9":"product_shipping_class-chrom-ab-lager-andere-oberflaechen-auf-anfrage","11":"first","12":"instock","13":"taxable","14":"shipping-taxable","15":"product-type-grouped"},"acf":{"additional_info_image":"","additional_info_image_label":"","reduced_product":false},"_links":{"self":[{"href":"https:\/\/the-bath-shop.com\/\/wp-json\/wp\/v2\/product\/5142","targetHints":{"allow":["GET"]}}],"collection":[{"href":"https:\/\/the-bath-shop.com\/\/wp-json\/wp\/v2\/product"}],"about":[{"href":"https:\/\/the-bath-shop.com\/\/wp-json\/wp\/v2\/types\/product"}],"wp:featuredmedia":[{"embeddable":true,"href":"https:\/\/the-bath-shop.com\/\/wp-json\/wp\/v2\/media\/5130"}],"wp:attachment":[{"href":"https:\/\/the-bath-shop.com\/\/wp-json\/wp\/v2\/media?parent=5142"}],"wp:term":[{"taxonomy":"kollektion","embeddable":true,"href":"https:\/\/the-bath-shop.com\/\/wp-json\/wp\/v2\/kollektion?post=5142"},{"taxonomy":"product_brand","embeddable":true,"href":"https:\/\/the-bath-shop.com\/\/wp-json\/wp\/v2\/product_brand?post=5142"},{"taxonomy":"product_cat","embeddable":true,"href":"https:\/\/the-bath-shop.com\/\/wp-json\/wp\/v2\/product_cat?post=5142"},{"taxonomy":"product_tag","embeddable":true,"href":"https:\/\/the-bath-shop.com\/\/wp-json\/wp\/v2\/product_tag?post=5142"}],"curies":[{"name":"wp","href":"https:\/\/api.w.org\/{rel}","templated":true}]}}