{"id":5911,"date":"2024-02-20T17:38:52","date_gmt":"2024-02-20T15:38:52","guid":{"rendered":"https:\/\/the-bath-shop.com\/?post_type=product&#038;p=5911"},"modified":"2026-03-28T13:59:39","modified_gmt":"2026-03-28T12:59:39","slug":"paris-absperrventil-unterputz-28401","status":"publish","type":"product","link":"https:\/\/the-bath-shop.com\/produkt\/paris-absperrventil-unterputz-28401\/","title":{"rendered":"PARIS Absperrventil Unterputz 3\/4\u201d"},"content":{"rendered":"<p>Die gew\u00fcnschte Temperatur wird traditionell mit separatem Kalt- und Warmwasser eingestellt. Einsetzbar f\u00fcr Dusche wie Badewanne. Ein 2-Weg-Umsteller f\u00fcr die Handbrause ist separat erh\u00e4ltlich.<\/p>\n<p>Wandduschen und Handbrausen finden Sie auf den entsprechenden Seiten.<\/p>\n<p>Das Unterputzmaterial und das Fertigmontage-Set m\u00fcssen separat bestellt werden.<\/p>\n<p>Anschluss: 3\/4\u201d<\/p>\n","protected":false},"excerpt":{"rendered":"<p>Die gew\u00fcnschte Temperatur wird traditionell mit separatem Kalt- und Warmwasser eingestellt. Einsetzbar f\u00fcr Dusche wie Badewanne. Ein 2-Weg-Umsteller f\u00fcr die Handbrause ist separat erh\u00e4ltlich. Wandduschen und Handbrausen finden Sie auf den entsprechenden Seiten. Das Unterputzmaterial und das Fertigmontage-Set m\u00fcssen separat bestellt werden. Anschluss: 3\/4\u201d<\/p>\n","protected":false},"featured_media":5927,"menu_order":283,"template":"","meta":{"_acf_changed":false},"kollektion":[377],"product_brand":[],"product_cat":[43,262],"product_tag":[],"class_list":{"0":"post-5911","1":"product","2":"type-product","3":"status-publish","4":"has-post-thumbnail","6":"kollektion-paris","7":"product_cat-armaturen","8":"product_cat-duscharmaturen","10":"first","11":"instock","12":"taxable","13":"shipping-taxable","14":"product-type-grouped"},"acf":{"additional_info_image":"","additional_info_image_label":"","reduced_product":false},"_links":{"self":[{"href":"https:\/\/the-bath-shop.com\/\/wp-json\/wp\/v2\/product\/5911","targetHints":{"allow":["GET"]}}],"collection":[{"href":"https:\/\/the-bath-shop.com\/\/wp-json\/wp\/v2\/product"}],"about":[{"href":"https:\/\/the-bath-shop.com\/\/wp-json\/wp\/v2\/types\/product"}],"wp:featuredmedia":[{"embeddable":true,"href":"https:\/\/the-bath-shop.com\/\/wp-json\/wp\/v2\/media\/5927"}],"wp:attachment":[{"href":"https:\/\/the-bath-shop.com\/\/wp-json\/wp\/v2\/media?parent=5911"}],"wp:term":[{"taxonomy":"kollektion","embeddable":true,"href":"https:\/\/the-bath-shop.com\/\/wp-json\/wp\/v2\/kollektion?post=5911"},{"taxonomy":"product_brand","embeddable":true,"href":"https:\/\/the-bath-shop.com\/\/wp-json\/wp\/v2\/product_brand?post=5911"},{"taxonomy":"product_cat","embeddable":true,"href":"https:\/\/the-bath-shop.com\/\/wp-json\/wp\/v2\/product_cat?post=5911"},{"taxonomy":"product_tag","embeddable":true,"href":"https:\/\/the-bath-shop.com\/\/wp-json\/wp\/v2\/product_tag?post=5911"}],"curies":[{"name":"wp","href":"https:\/\/api.w.org\/{rel}","templated":true}]}}