{"id":6468,"date":"2024-08-05T18:11:21","date_gmt":"2024-08-05T17:11:21","guid":{"rendered":"https:\/\/new.the-bath-shop.com\/?post_type=product&#038;p=6468"},"modified":"2025-04-11T16:32:08","modified_gmt":"2025-04-11T15:32:08","slug":"bridge-badewannenbruecke","status":"publish","type":"product","link":"https:\/\/the-bath-shop.com\/produkt\/bridge-badewannenbruecke\/","title":{"rendered":"BRIDGE Badewannenbr\u00fccke"},"content":{"rendered":"<p>Dank der ausziehbaren Halteb\u00fcgel passen diese hervorragend verarbeiteten \"Br\u00fccken\" auf jede Badewanne. F\u00fcr das einfache Modell ist optional eine stufenlos verstellbare Buchst\u00fctze erh\u00e4ltlich.<\/p>\n","protected":false},"excerpt":{"rendered":"<p>Dank der ausziehbaren Halteb\u00fcgel passen diese hervorragend verarbeiteten \"Br\u00fccken\" auf jede Badewanne. F\u00fcr das einfache Modell ist optional eine stufenlos verstellbare Buchst\u00fctze erh\u00e4ltlich.<\/p>\n","protected":false},"featured_media":6469,"menu_order":54,"template":"","meta":{"_acf_changed":false},"kollektion":[385],"product_brand":[],"product_cat":[46,328],"product_tag":[],"class_list":{"0":"post-6468","1":"product","2":"type-product","3":"status-publish","4":"has-post-thumbnail","6":"kollektion-universal","7":"product_cat-accessoires","8":"product_cat-badewannen-accessoires","9":"product_shipping_class-chrom-ab-lager-andere-oberflaechen-auf-anfrage","11":"first","12":"instock","13":"taxable","14":"shipping-taxable","15":"product-type-grouped"},"acf":{"additional_info_image":"","additional_info_image_label":"","reduced_product":false},"_links":{"self":[{"href":"https:\/\/the-bath-shop.com\/\/wp-json\/wp\/v2\/product\/6468","targetHints":{"allow":["GET"]}}],"collection":[{"href":"https:\/\/the-bath-shop.com\/\/wp-json\/wp\/v2\/product"}],"about":[{"href":"https:\/\/the-bath-shop.com\/\/wp-json\/wp\/v2\/types\/product"}],"wp:featuredmedia":[{"embeddable":true,"href":"https:\/\/the-bath-shop.com\/\/wp-json\/wp\/v2\/media\/6469"}],"wp:attachment":[{"href":"https:\/\/the-bath-shop.com\/\/wp-json\/wp\/v2\/media?parent=6468"}],"wp:term":[{"taxonomy":"kollektion","embeddable":true,"href":"https:\/\/the-bath-shop.com\/\/wp-json\/wp\/v2\/kollektion?post=6468"},{"taxonomy":"product_brand","embeddable":true,"href":"https:\/\/the-bath-shop.com\/\/wp-json\/wp\/v2\/product_brand?post=6468"},{"taxonomy":"product_cat","embeddable":true,"href":"https:\/\/the-bath-shop.com\/\/wp-json\/wp\/v2\/product_cat?post=6468"},{"taxonomy":"product_tag","embeddable":true,"href":"https:\/\/the-bath-shop.com\/\/wp-json\/wp\/v2\/product_tag?post=6468"}],"curies":[{"name":"wp","href":"https:\/\/api.w.org\/{rel}","templated":true}]}}