{"id":6489,"date":"2024-08-05T18:48:10","date_gmt":"2024-08-05T17:48:10","guid":{"rendered":"https:\/\/new.the-bath-shop.com\/?post_type=product&#038;p=6489"},"modified":"2025-04-22T09:17:24","modified_gmt":"2025-04-22T08:17:24","slug":"chateau-badewanne-gusseisen","status":"publish","type":"product","link":"https:\/\/the-bath-shop.com\/produkt\/chateau-badewanne-gusseisen\/","title":{"rendered":"CHATEAU Badewanne Gusseisen"},"content":{"rendered":"<div id=\"-product-description-93-5145\" class=\"oxy-product-description oxy-woo-element\">\n<div id=\"-product-description-93-5145\" class=\"oxy-product-description oxy-woo-element\">\n<p>Der Klassiker unter den Gusseisenwannen. Je nach Geschmack l\u00e4sst sich die Wanne freistehend in den Raum oder l\u00e4ngs- oder stirnseitig an eine Wand stellen.<\/p>\n<p>Die Wanne und F\u00fcsse sind wie fr\u00fcher aus massivem Gusseisen gefertigt. Die Wanne wird innen weiss emailliert ausgeliefert. Die Aussenseite ist grundiert und sollte bauseits mit einem Radiatorenlack gestrichen werden.<\/p>\n<p>Inhalt: 190 Liter<\/p>\n<p>Die Wanne und F\u00fcsse sind separat zu bestellen. Zus\u00e4tzlich ben\u00f6tigt es die Ablauf- und \u00dcberlaufgarnitur sowie das Ablaufrohr. Bei den F\u00fcssen gibt es eine Auswahl aus zwei Varianten.<\/p>\n<\/div>\n<\/div>\n","protected":false},"excerpt":{"rendered":"<p>Der Klassiker unter den Gusseisenwannen. Je nach Geschmack l\u00e4sst sich die Wanne freistehend in den Raum oder l\u00e4ngs- oder stirnseitig an eine Wand stellen. Die Wanne und F\u00fcsse sind wie fr\u00fcher aus massivem Gusseisen gefertigt. Die Wanne wird innen weiss emailliert ausgeliefert. Die Aussenseite ist grundiert und sollte bauseits mit einem Radiatorenlack gestrichen werden. Inhalt: [&hellip;]<\/p>\n","protected":false},"featured_media":6492,"menu_order":117,"template":"","meta":{"_acf_changed":false},"kollektion":[370],"product_brand":[],"product_cat":[38,39],"product_tag":[],"class_list":{"0":"post-6489","1":"product","2":"type-product","3":"status-publish","4":"has-post-thumbnail","6":"kollektion-de-la-fonte","7":"product_cat-badewannen","8":"product_cat-gusseisen","10":"first","11":"instock","12":"taxable","13":"shipping-taxable","14":"product-type-grouped"},"acf":{"additional_info_image":"","additional_info_image_label":"","reduced_product":false},"_links":{"self":[{"href":"https:\/\/the-bath-shop.com\/\/wp-json\/wp\/v2\/product\/6489","targetHints":{"allow":["GET"]}}],"collection":[{"href":"https:\/\/the-bath-shop.com\/\/wp-json\/wp\/v2\/product"}],"about":[{"href":"https:\/\/the-bath-shop.com\/\/wp-json\/wp\/v2\/types\/product"}],"wp:featuredmedia":[{"embeddable":true,"href":"https:\/\/the-bath-shop.com\/\/wp-json\/wp\/v2\/media\/6492"}],"wp:attachment":[{"href":"https:\/\/the-bath-shop.com\/\/wp-json\/wp\/v2\/media?parent=6489"}],"wp:term":[{"taxonomy":"kollektion","embeddable":true,"href":"https:\/\/the-bath-shop.com\/\/wp-json\/wp\/v2\/kollektion?post=6489"},{"taxonomy":"product_brand","embeddable":true,"href":"https:\/\/the-bath-shop.com\/\/wp-json\/wp\/v2\/product_brand?post=6489"},{"taxonomy":"product_cat","embeddable":true,"href":"https:\/\/the-bath-shop.com\/\/wp-json\/wp\/v2\/product_cat?post=6489"},{"taxonomy":"product_tag","embeddable":true,"href":"https:\/\/the-bath-shop.com\/\/wp-json\/wp\/v2\/product_tag?post=6489"}],"curies":[{"name":"wp","href":"https:\/\/api.w.org\/{rel}","templated":true}]}}