{"id":6538,"date":"2024-08-05T19:43:43","date_gmt":"2024-08-05T18:43:43","guid":{"rendered":"https:\/\/new.the-bath-shop.com\/?post_type=product&#038;p=6538"},"modified":"2026-02-11T15:37:29","modified_gmt":"2026-02-11T14:37:29","slug":"paris-anschlusszubehoer-fuer-die-schweiz","status":"publish","type":"product","link":"https:\/\/the-bath-shop.com\/produkt\/paris-anschlusszubehoer-fuer-die-schweiz\/","title":{"rendered":"ADAPTER Adapterset f\u00fcr die Schweiz"},"content":{"rendered":"<p>Adapterset f\u00fcr Wanne ohne F\u00fcsse<\/p>\n","protected":false},"excerpt":{"rendered":"<p>Adapterset f\u00fcr Wanne ohne F\u00fcsse<\/p>\n","protected":false},"featured_media":0,"menu_order":8,"template":"","meta":{"_acf_changed":false},"kollektion":[],"product_brand":[],"product_cat":[16],"product_tag":[],"class_list":{"0":"post-6538","1":"product","2":"type-product","3":"status-publish","5":"product_cat-unkategorisiert","7":"first","8":"instock","9":"taxable","10":"shipping-taxable","11":"purchasable","12":"product-type-simple"},"acf":{"additional_info_image":"","additional_info_image_label":"","reduced_product":false},"_links":{"self":[{"href":"https:\/\/the-bath-shop.com\/\/wp-json\/wp\/v2\/product\/6538","targetHints":{"allow":["GET"]}}],"collection":[{"href":"https:\/\/the-bath-shop.com\/\/wp-json\/wp\/v2\/product"}],"about":[{"href":"https:\/\/the-bath-shop.com\/\/wp-json\/wp\/v2\/types\/product"}],"wp:attachment":[{"href":"https:\/\/the-bath-shop.com\/\/wp-json\/wp\/v2\/media?parent=6538"}],"wp:term":[{"taxonomy":"kollektion","embeddable":true,"href":"https:\/\/the-bath-shop.com\/\/wp-json\/wp\/v2\/kollektion?post=6538"},{"taxonomy":"product_brand","embeddable":true,"href":"https:\/\/the-bath-shop.com\/\/wp-json\/wp\/v2\/product_brand?post=6538"},{"taxonomy":"product_cat","embeddable":true,"href":"https:\/\/the-bath-shop.com\/\/wp-json\/wp\/v2\/product_cat?post=6538"},{"taxonomy":"product_tag","embeddable":true,"href":"https:\/\/the-bath-shop.com\/\/wp-json\/wp\/v2\/product_tag?post=6538"}],"curies":[{"name":"wp","href":"https:\/\/api.w.org\/{rel}","templated":true}]}}