{"id":6595,"date":"2024-08-06T11:55:43","date_gmt":"2024-08-06T10:55:43","guid":{"rendered":"https:\/\/new.the-bath-shop.com\/?post_type=product&#038;p=6595"},"modified":"2025-05-12T13:52:49","modified_gmt":"2025-05-12T12:52:49","slug":"grand-duc-badewanne-aussen-und-innen-verzinnt","status":"publish","type":"product","link":"https:\/\/the-bath-shop.com\/produkt\/grand-duc-badewanne-aussen-und-innen-verzinnt\/","title":{"rendered":"GRAND-DUC Badewanne Kupfer, verzinnt"},"content":{"rendered":"<div id=\"-product-description-93-5145\" class=\"oxy-product-description oxy-woo-element\">\n<p>Die Wanne wird wie fr\u00fcher aus Kupferblech von Hand getrieben und verl\u00f6tet. Innen wird sie mit Zinn ausgestrichen.<\/p>\n<p>Diese Wanne gibt es in zwei Ausf\u00fchrungen: Aussen Kupfer \/ innen verzinnt \u2013 oder vollst\u00e4ndig verzinnt.<\/p>\n<p>Inhalt: 250 Liter<\/p>\n<p>Die Wanne wird mit vormontierter Ablauf-\u00dcberlaufgarnitur geliefert.<\/p>\n<\/div>\n","protected":false},"excerpt":{"rendered":"<p>Die Wanne wird wie fr\u00fcher aus Kupferblech von Hand getrieben und verl\u00f6tet. Innen wird sie mit Zinn ausgestrichen. Diese Wanne gibt es in zwei Ausf\u00fchrungen: Aussen Kupfer \/ innen verzinnt \u2013 oder vollst\u00e4ndig verzinnt. Inhalt: 250 Liter Die Wanne wird mit vormontierter Ablauf-\u00dcberlaufgarnitur geliefert.<\/p>\n","protected":false},"featured_media":8580,"menu_order":145,"template":"","meta":{"_acf_changed":false},"kollektion":[372],"product_brand":[],"product_cat":[38,41],"product_tag":[],"class_list":{"0":"post-6595","1":"product","2":"type-product","3":"status-publish","4":"has-post-thumbnail","6":"kollektion-grand-duc","7":"product_cat-badewannen","8":"product_cat-kupfer","10":"first","11":"instock","12":"taxable","13":"shipping-taxable","14":"product-type-grouped"},"acf":{"additional_info_image":"","additional_info_image_label":"","reduced_product":false},"_links":{"self":[{"href":"https:\/\/the-bath-shop.com\/\/wp-json\/wp\/v2\/product\/6595","targetHints":{"allow":["GET"]}}],"collection":[{"href":"https:\/\/the-bath-shop.com\/\/wp-json\/wp\/v2\/product"}],"about":[{"href":"https:\/\/the-bath-shop.com\/\/wp-json\/wp\/v2\/types\/product"}],"wp:featuredmedia":[{"embeddable":true,"href":"https:\/\/the-bath-shop.com\/\/wp-json\/wp\/v2\/media\/8580"}],"wp:attachment":[{"href":"https:\/\/the-bath-shop.com\/\/wp-json\/wp\/v2\/media?parent=6595"}],"wp:term":[{"taxonomy":"kollektion","embeddable":true,"href":"https:\/\/the-bath-shop.com\/\/wp-json\/wp\/v2\/kollektion?post=6595"},{"taxonomy":"product_brand","embeddable":true,"href":"https:\/\/the-bath-shop.com\/\/wp-json\/wp\/v2\/product_brand?post=6595"},{"taxonomy":"product_cat","embeddable":true,"href":"https:\/\/the-bath-shop.com\/\/wp-json\/wp\/v2\/product_cat?post=6595"},{"taxonomy":"product_tag","embeddable":true,"href":"https:\/\/the-bath-shop.com\/\/wp-json\/wp\/v2\/product_tag?post=6595"}],"curies":[{"name":"wp","href":"https:\/\/api.w.org\/{rel}","templated":true}]}}