{"id":7029,"date":"2024-10-18T12:48:17","date_gmt":"2024-10-18T11:48:17","guid":{"rendered":"https:\/\/new.the-bath-shop.com\/?post_type=product&#038;p=7029"},"modified":"2026-02-20T14:28:37","modified_gmt":"2026-02-20T13:28:37","slug":"butler-buerstengarnitur-wandmodell","status":"publish","type":"product","link":"https:\/\/the-bath-shop.com\/produkt\/butler-buerstengarnitur-wandmodell\/","title":{"rendered":"BUTLER B\u00fcrstengarnitur Wandmodell"},"content":{"rendered":"<p>Die B\u00fcrste mit Porzellangriff h\u00e4ngt frei, so dass sie gut trocknen kann. Der Keramikbeh\u00e4lter l\u00e4sst sich zur Reinigung leicht entfernen.<\/p>\n<p>H\u00f6he: 46 cm<br \/>\nAusladung: 16 cm<\/p>\n","protected":false},"excerpt":{"rendered":"<p>Die B\u00fcrste mit Porzellangriff h\u00e4ngt frei, so dass sie gut trocknen kann. Der Keramikbeh\u00e4lter l\u00e4sst sich zur Reinigung leicht entfernen. H\u00f6he: 46 cm Ausladung: 16 cm<\/p>\n","protected":false},"featured_media":7030,"menu_order":56,"template":"","meta":{"_acf_changed":false},"kollektion":[385],"product_brand":[],"product_cat":[46,329],"product_tag":[],"class_list":{"0":"post-7029","1":"product","2":"type-product","3":"status-publish","4":"has-post-thumbnail","6":"kollektion-universal","7":"product_cat-accessoires","8":"product_cat-klosett-accessoires","9":"product_shipping_class-chrom-ab-lager-andere-oberflaechen-auf-anfrage","11":"first","12":"instock","13":"taxable","14":"shipping-taxable","15":"purchasable","16":"product-type-variable"},"acf":{"additional_info_image":"","additional_info_image_label":"","reduced_product":false},"_links":{"self":[{"href":"https:\/\/the-bath-shop.com\/\/wp-json\/wp\/v2\/product\/7029","targetHints":{"allow":["GET"]}}],"collection":[{"href":"https:\/\/the-bath-shop.com\/\/wp-json\/wp\/v2\/product"}],"about":[{"href":"https:\/\/the-bath-shop.com\/\/wp-json\/wp\/v2\/types\/product"}],"wp:featuredmedia":[{"embeddable":true,"href":"https:\/\/the-bath-shop.com\/\/wp-json\/wp\/v2\/media\/7030"}],"wp:attachment":[{"href":"https:\/\/the-bath-shop.com\/\/wp-json\/wp\/v2\/media?parent=7029"}],"wp:term":[{"taxonomy":"kollektion","embeddable":true,"href":"https:\/\/the-bath-shop.com\/\/wp-json\/wp\/v2\/kollektion?post=7029"},{"taxonomy":"product_brand","embeddable":true,"href":"https:\/\/the-bath-shop.com\/\/wp-json\/wp\/v2\/product_brand?post=7029"},{"taxonomy":"product_cat","embeddable":true,"href":"https:\/\/the-bath-shop.com\/\/wp-json\/wp\/v2\/product_cat?post=7029"},{"taxonomy":"product_tag","embeddable":true,"href":"https:\/\/the-bath-shop.com\/\/wp-json\/wp\/v2\/product_tag?post=7029"}],"curies":[{"name":"wp","href":"https:\/\/api.w.org\/{rel}","templated":true}]}}