{"id":7034,"date":"2024-10-18T12:54:35","date_gmt":"2024-10-18T11:54:35","guid":{"rendered":"https:\/\/new.the-bath-shop.com\/?post_type=product&#038;p=7034"},"modified":"2026-02-20T14:35:00","modified_gmt":"2026-02-20T13:35:00","slug":"butler-buerstengarnitur-freistehend","status":"publish","type":"product","link":"https:\/\/the-bath-shop.com\/produkt\/butler-buerstengarnitur-freistehend\/","title":{"rendered":"BUTLER B\u00fcrstengarnitur freistehend"},"content":{"rendered":"<p>Die B\u00fcrste mit Porzellangriff h\u00e4ngt frei, so dass sie gut trocknen kann. Der Keramikbeh\u00e4lter l\u00e4sst sich zur Reinigung leicht entfernen.<\/p>\n<p>H\u00f6he: 45 cm<br \/>\nDurchmesser: 12 cm<\/p>\n","protected":false},"excerpt":{"rendered":"<p>Die B\u00fcrste mit Porzellangriff h\u00e4ngt frei, so dass sie gut trocknen kann. Der Keramikbeh\u00e4lter l\u00e4sst sich zur Reinigung leicht entfernen. H\u00f6he: 45 cm Durchmesser: 12 cm<\/p>\n","protected":false},"featured_media":7035,"menu_order":55,"template":"","meta":{"_acf_changed":false},"kollektion":[385],"product_brand":[],"product_cat":[46,329],"product_tag":[],"class_list":{"0":"post-7034","1":"product","2":"type-product","3":"status-publish","4":"has-post-thumbnail","6":"kollektion-universal","7":"product_cat-accessoires","8":"product_cat-klosett-accessoires","9":"product_shipping_class-chrom-ab-lager-andere-oberflaechen-auf-anfrage","11":"first","12":"instock","13":"taxable","14":"shipping-taxable","15":"purchasable","16":"product-type-variable"},"acf":{"additional_info_image":"","additional_info_image_label":"","reduced_product":false},"_links":{"self":[{"href":"https:\/\/the-bath-shop.com\/\/wp-json\/wp\/v2\/product\/7034","targetHints":{"allow":["GET"]}}],"collection":[{"href":"https:\/\/the-bath-shop.com\/\/wp-json\/wp\/v2\/product"}],"about":[{"href":"https:\/\/the-bath-shop.com\/\/wp-json\/wp\/v2\/types\/product"}],"wp:featuredmedia":[{"embeddable":true,"href":"https:\/\/the-bath-shop.com\/\/wp-json\/wp\/v2\/media\/7035"}],"wp:attachment":[{"href":"https:\/\/the-bath-shop.com\/\/wp-json\/wp\/v2\/media?parent=7034"}],"wp:term":[{"taxonomy":"kollektion","embeddable":true,"href":"https:\/\/the-bath-shop.com\/\/wp-json\/wp\/v2\/kollektion?post=7034"},{"taxonomy":"product_brand","embeddable":true,"href":"https:\/\/the-bath-shop.com\/\/wp-json\/wp\/v2\/product_brand?post=7034"},{"taxonomy":"product_cat","embeddable":true,"href":"https:\/\/the-bath-shop.com\/\/wp-json\/wp\/v2\/product_cat?post=7034"},{"taxonomy":"product_tag","embeddable":true,"href":"https:\/\/the-bath-shop.com\/\/wp-json\/wp\/v2\/product_tag?post=7034"}],"curies":[{"name":"wp","href":"https:\/\/api.w.org\/{rel}","templated":true}]}}