{"id":7168,"date":"2024-11-25T15:42:04","date_gmt":"2024-11-25T14:42:04","guid":{"rendered":"https:\/\/new.the-bath-shop.com\/?post_type=product&#038;p=7168"},"modified":"2026-02-10T18:14:28","modified_gmt":"2026-02-10T17:14:28","slug":"universal-leuchtenglas-tulpe","status":"publish","type":"product","link":"https:\/\/the-bath-shop.com\/produkt\/universal-leuchtenglas-tulpe\/","title":{"rendered":"UNIVERSAL Leuchtenglas Tulpe"},"content":{"rendered":"<p>Die Fassung und das Glas ben\u00f6tigen jeweils die gleiche Aufnahme (\u00f8).<\/p>\n<p>Opal Tulpe kurz<\/p>\n<p>\u00f8 60 mm Aufnahme<\/p>\n","protected":false},"excerpt":{"rendered":"<p>Die Fassung und das Glas ben\u00f6tigen jeweils die gleiche Aufnahme (\u00f8). Opal Tulpe kurz \u00f8 60 mm Aufnahme<\/p>\n","protected":false},"featured_media":7170,"menu_order":96,"template":"","meta":{"_acf_changed":false},"kollektion":[],"product_brand":[],"product_cat":[46,51],"product_tag":[],"class_list":{"0":"post-7168","1":"product","2":"type-product","3":"status-publish","4":"has-post-thumbnail","6":"product_cat-accessoires","7":"product_cat-leuchten","8":"product_shipping_class-ab-lager","10":"first","11":"instock","12":"taxable","13":"shipping-taxable","14":"purchasable","15":"product-type-simple"},"acf":{"additional_info_image":"","additional_info_image_label":"","reduced_product":false},"_links":{"self":[{"href":"https:\/\/the-bath-shop.com\/\/wp-json\/wp\/v2\/product\/7168","targetHints":{"allow":["GET"]}}],"collection":[{"href":"https:\/\/the-bath-shop.com\/\/wp-json\/wp\/v2\/product"}],"about":[{"href":"https:\/\/the-bath-shop.com\/\/wp-json\/wp\/v2\/types\/product"}],"wp:featuredmedia":[{"embeddable":true,"href":"https:\/\/the-bath-shop.com\/\/wp-json\/wp\/v2\/media\/7170"}],"wp:attachment":[{"href":"https:\/\/the-bath-shop.com\/\/wp-json\/wp\/v2\/media?parent=7168"}],"wp:term":[{"taxonomy":"kollektion","embeddable":true,"href":"https:\/\/the-bath-shop.com\/\/wp-json\/wp\/v2\/kollektion?post=7168"},{"taxonomy":"product_brand","embeddable":true,"href":"https:\/\/the-bath-shop.com\/\/wp-json\/wp\/v2\/product_brand?post=7168"},{"taxonomy":"product_cat","embeddable":true,"href":"https:\/\/the-bath-shop.com\/\/wp-json\/wp\/v2\/product_cat?post=7168"},{"taxonomy":"product_tag","embeddable":true,"href":"https:\/\/the-bath-shop.com\/\/wp-json\/wp\/v2\/product_tag?post=7168"}],"curies":[{"name":"wp","href":"https:\/\/api.w.org\/{rel}","templated":true}]}}