{"id":7187,"date":"2024-11-25T16:01:19","date_gmt":"2024-11-25T15:01:19","guid":{"rendered":"https:\/\/new.the-bath-shop.com\/?post_type=product&#038;p=7187"},"modified":"2026-02-10T18:14:28","modified_gmt":"2026-02-10T17:14:28","slug":"universal-leuchtenglas-zylindrisch","status":"publish","type":"product","link":"https:\/\/the-bath-shop.com\/produkt\/universal-leuchtenglas-zylindrisch\/","title":{"rendered":"UNIVERSAL Leuchtenglas gerade"},"content":{"rendered":"<h2 class=\"product-brand\"><\/h2>\n<div class=\"product-description\">\n<p>Die Fassung und das Glas ben\u00f6tigen jeweils die gleiche Aufnahme (\u00f8).<\/p>\n<\/div>\n<p class=\"wishlist-container\">Opalglas gerade<\/p>\n<p class=\"wishlist-container\">\u00f8 80 mm Aufnahme<\/p>\n","protected":false},"excerpt":{"rendered":"<p>Die Fassung und das Glas ben\u00f6tigen jeweils die gleiche Aufnahme (\u00f8). Opalglas gerade \u00f8 80 mm Aufnahme<\/p>\n","protected":false},"featured_media":7188,"menu_order":105,"template":"","meta":{"_acf_changed":false},"kollektion":[],"product_brand":[],"product_cat":[46,51],"product_tag":[],"class_list":{"0":"post-7187","1":"product","2":"type-product","3":"status-publish","4":"has-post-thumbnail","6":"product_cat-accessoires","7":"product_cat-leuchten","8":"product_shipping_class-ab-lager","10":"first","11":"instock","12":"taxable","13":"shipping-taxable","14":"purchasable","15":"product-type-simple"},"acf":{"additional_info_image":"","additional_info_image_label":"","reduced_product":false},"_links":{"self":[{"href":"https:\/\/the-bath-shop.com\/\/wp-json\/wp\/v2\/product\/7187","targetHints":{"allow":["GET"]}}],"collection":[{"href":"https:\/\/the-bath-shop.com\/\/wp-json\/wp\/v2\/product"}],"about":[{"href":"https:\/\/the-bath-shop.com\/\/wp-json\/wp\/v2\/types\/product"}],"wp:featuredmedia":[{"embeddable":true,"href":"https:\/\/the-bath-shop.com\/\/wp-json\/wp\/v2\/media\/7188"}],"wp:attachment":[{"href":"https:\/\/the-bath-shop.com\/\/wp-json\/wp\/v2\/media?parent=7187"}],"wp:term":[{"taxonomy":"kollektion","embeddable":true,"href":"https:\/\/the-bath-shop.com\/\/wp-json\/wp\/v2\/kollektion?post=7187"},{"taxonomy":"product_brand","embeddable":true,"href":"https:\/\/the-bath-shop.com\/\/wp-json\/wp\/v2\/product_brand?post=7187"},{"taxonomy":"product_cat","embeddable":true,"href":"https:\/\/the-bath-shop.com\/\/wp-json\/wp\/v2\/product_cat?post=7187"},{"taxonomy":"product_tag","embeddable":true,"href":"https:\/\/the-bath-shop.com\/\/wp-json\/wp\/v2\/product_tag?post=7187"}],"curies":[{"name":"wp","href":"https:\/\/api.w.org\/{rel}","templated":true}]}}