{"id":7229,"date":"2024-11-25T16:39:21","date_gmt":"2024-11-25T15:39:21","guid":{"rendered":"https:\/\/new.the-bath-shop.com\/?post_type=product&#038;p=7229"},"modified":"2025-01-06T16:46:47","modified_gmt":"2025-01-06T15:46:47","slug":"universal-deckenleuchte-gross","status":"publish","type":"product","link":"https:\/\/the-bath-shop.com\/produkt\/universal-deckenleuchte-gross\/","title":{"rendered":"UNIVERSAL Deckenleuchte gross"},"content":{"rendered":"<p class=\"product-brand\">\u00f8 250 mm Aufnahme<br \/>\nabgebildet mit Leuchtenglas No. 31251<\/p>\n<div class=\"product-description\">\n<p>Max. 60 Watt<br \/>\nE-27 Fassung<br \/>\nSchutz: IP 21<br \/>\nDie Fassung und das Glas ben\u00f6tigen jeweils die gleiche Aufnahme (\u00f8).<\/p>\n<p>Nickel glanz: Nur solange Vorrat erh\u00e4ltlich<\/p>\n<\/div>\n","protected":false},"excerpt":{"rendered":"<p>\u00f8 250 mm Aufnahme abgebildet mit Leuchtenglas No. 31251 Max. 60 Watt E-27 Fassung Schutz: IP 21 Die Fassung und das Glas ben\u00f6tigen jeweils die gleiche Aufnahme (\u00f8). Nickel glanz: Nur solange Vorrat erh\u00e4ltlich<\/p>\n","protected":false},"featured_media":7230,"menu_order":92,"template":"","meta":{"_acf_changed":false},"kollektion":[],"product_brand":[],"product_cat":[46,51],"product_tag":[],"class_list":{"0":"post-7229","1":"product","2":"type-product","3":"status-publish","4":"has-post-thumbnail","6":"product_cat-accessoires","7":"product_cat-leuchten","8":"product_shipping_class-ab-lager","10":"first","11":"instock","12":"taxable","13":"shipping-taxable","14":"product-type-grouped"},"acf":{"additional_info_image":"","additional_info_image_label":"","reduced_product":false},"_links":{"self":[{"href":"https:\/\/the-bath-shop.com\/\/wp-json\/wp\/v2\/product\/7229","targetHints":{"allow":["GET"]}}],"collection":[{"href":"https:\/\/the-bath-shop.com\/\/wp-json\/wp\/v2\/product"}],"about":[{"href":"https:\/\/the-bath-shop.com\/\/wp-json\/wp\/v2\/types\/product"}],"wp:featuredmedia":[{"embeddable":true,"href":"https:\/\/the-bath-shop.com\/\/wp-json\/wp\/v2\/media\/7230"}],"wp:attachment":[{"href":"https:\/\/the-bath-shop.com\/\/wp-json\/wp\/v2\/media?parent=7229"}],"wp:term":[{"taxonomy":"kollektion","embeddable":true,"href":"https:\/\/the-bath-shop.com\/\/wp-json\/wp\/v2\/kollektion?post=7229"},{"taxonomy":"product_brand","embeddable":true,"href":"https:\/\/the-bath-shop.com\/\/wp-json\/wp\/v2\/product_brand?post=7229"},{"taxonomy":"product_cat","embeddable":true,"href":"https:\/\/the-bath-shop.com\/\/wp-json\/wp\/v2\/product_cat?post=7229"},{"taxonomy":"product_tag","embeddable":true,"href":"https:\/\/the-bath-shop.com\/\/wp-json\/wp\/v2\/product_tag?post=7229"}],"curies":[{"name":"wp","href":"https:\/\/api.w.org\/{rel}","templated":true}]}}