{"id":7441,"date":"2025-01-09T11:56:34","date_gmt":"2025-01-09T10:56:34","guid":{"rendered":"https:\/\/new.the-bath-shop.com\/?post_type=product&#038;p=7441"},"modified":"2026-02-13T14:42:29","modified_gmt":"2026-02-13T13:42:29","slug":"paris-beispiel-traditioneller-mischer-fuer-bad-und-dusche","status":"publish","type":"product","link":"https:\/\/the-bath-shop.com\/produkt\/paris-beispiel-traditioneller-mischer-fuer-bad-und-dusche\/","title":{"rendered":"PARIS Beispiel: Traditioneller Mischer f\u00fcr Bad und Dusche"},"content":{"rendered":"<p>Die gew\u00fcnschte Temperatur wird traditionell mit separatem Kalt- und Warmwasser eingestellt. Hierzu ist ein 2-Weg-Umsteller f\u00fcr die Handbrause erh\u00e4ltlich. F\u00fcr eine komplette Installation braucht es die Artikel 28401 (2 Stk.), 28420 (1 Stk.) und 28410 (3 Stk.).<\/p>\n<p>Die Installation wird wahlweise mit entsprechenden Elementen aus der Serie PARIS komplettiert. Beispielsweise mit den Artikeln: <a href=\"https:\/\/the-bath-shop.com\/produkt\/paris-handbrauseset-mit-fixer-halterung-28530\/\">28530 PARIS Handbrauseset mit fixer Halterung<\/a> und <a href=\"https:\/\/the-bath-shop.com\/produkt\/paris-wanddusche-28560\/\">28560 PARIS Wanddusche<\/a>.<\/p>\n","protected":false},"excerpt":{"rendered":"<p>Die gew\u00fcnschte Temperatur wird traditionell mit separatem Kalt- und Warmwasser eingestellt. Hierzu ist ein 2-Weg-Umsteller f\u00fcr die Handbrause erh\u00e4ltlich. F\u00fcr eine komplette Installation braucht es die Artikel 28401 (2 Stk.), 28420 (1 Stk.) und 28410 (3 Stk.). Die Installation wird wahlweise mit entsprechenden Elementen aus der Serie PARIS komplettiert. Beispielsweise mit den Artikeln: 28530 PARIS [&hellip;]<\/p>\n","protected":false},"featured_media":7442,"menu_order":267,"template":"","meta":{"_acf_changed":false},"kollektion":[377],"product_brand":[],"product_cat":[43,262],"product_tag":[],"class_list":{"0":"post-7441","1":"product","2":"type-product","3":"status-publish","4":"has-post-thumbnail","6":"kollektion-paris","7":"product_cat-armaturen","8":"product_cat-duscharmaturen","10":"first","11":"instock","12":"taxable","13":"shipping-taxable","14":"product-type-grouped"},"acf":{"additional_info_image":"","additional_info_image_label":"","reduced_product":false},"_links":{"self":[{"href":"https:\/\/the-bath-shop.com\/\/wp-json\/wp\/v2\/product\/7441","targetHints":{"allow":["GET"]}}],"collection":[{"href":"https:\/\/the-bath-shop.com\/\/wp-json\/wp\/v2\/product"}],"about":[{"href":"https:\/\/the-bath-shop.com\/\/wp-json\/wp\/v2\/types\/product"}],"wp:featuredmedia":[{"embeddable":true,"href":"https:\/\/the-bath-shop.com\/\/wp-json\/wp\/v2\/media\/7442"}],"wp:attachment":[{"href":"https:\/\/the-bath-shop.com\/\/wp-json\/wp\/v2\/media?parent=7441"}],"wp:term":[{"taxonomy":"kollektion","embeddable":true,"href":"https:\/\/the-bath-shop.com\/\/wp-json\/wp\/v2\/kollektion?post=7441"},{"taxonomy":"product_brand","embeddable":true,"href":"https:\/\/the-bath-shop.com\/\/wp-json\/wp\/v2\/product_brand?post=7441"},{"taxonomy":"product_cat","embeddable":true,"href":"https:\/\/the-bath-shop.com\/\/wp-json\/wp\/v2\/product_cat?post=7441"},{"taxonomy":"product_tag","embeddable":true,"href":"https:\/\/the-bath-shop.com\/\/wp-json\/wp\/v2\/product_tag?post=7441"}],"curies":[{"name":"wp","href":"https:\/\/api.w.org\/{rel}","templated":true}]}}