{"id":8095,"date":"2025-03-22T18:24:15","date_gmt":"2025-03-22T17:24:15","guid":{"rendered":"https:\/\/new.the-bath-shop.com\/?post_type=product&#038;p=8095"},"modified":"2026-02-20T12:21:12","modified_gmt":"2026-02-20T11:21:12","slug":"universal-auszugsspiegel","status":"publish","type":"product","link":"https:\/\/the-bath-shop.com\/produkt\/universal-auszugsspiegel\/","title":{"rendered":"UNIVERSAL Auszugsspiegel"},"content":{"rendered":"<p>Eine Seite normal, andere Seite 3 x vergr\u00f6ssernd. Der Spiegel l\u00e4sst sich in alle Richtungen drehen.<\/p>\n<p>Durchmesser: \u00f8 18 cm<\/p>\n","protected":false},"excerpt":{"rendered":"<p>Eine Seite normal, andere Seite 3 x vergr\u00f6ssernd. Der Spiegel l\u00e4sst sich in alle Richtungen drehen. Durchmesser: \u00f8 18 cm<\/p>\n","protected":false},"featured_media":7129,"menu_order":71,"template":"","meta":{"_acf_changed":false},"kollektion":[385],"product_brand":[],"product_cat":[46,291],"product_tag":[],"class_list":{"0":"post-8095","1":"product","2":"type-product","3":"status-publish","4":"has-post-thumbnail","6":"kollektion-universal","7":"product_cat-accessoires","8":"product_cat-spiegel","9":"product_shipping_class-chrom-ab-lager-andere-oberflaechen-auf-anfrage","11":"first","12":"instock","13":"taxable","14":"shipping-taxable","15":"purchasable","16":"product-type-variable"},"acf":{"additional_info_image":"","additional_info_image_label":"","reduced_product":false},"_links":{"self":[{"href":"https:\/\/the-bath-shop.com\/\/wp-json\/wp\/v2\/product\/8095","targetHints":{"allow":["GET"]}}],"collection":[{"href":"https:\/\/the-bath-shop.com\/\/wp-json\/wp\/v2\/product"}],"about":[{"href":"https:\/\/the-bath-shop.com\/\/wp-json\/wp\/v2\/types\/product"}],"wp:featuredmedia":[{"embeddable":true,"href":"https:\/\/the-bath-shop.com\/\/wp-json\/wp\/v2\/media\/7129"}],"wp:attachment":[{"href":"https:\/\/the-bath-shop.com\/\/wp-json\/wp\/v2\/media?parent=8095"}],"wp:term":[{"taxonomy":"kollektion","embeddable":true,"href":"https:\/\/the-bath-shop.com\/\/wp-json\/wp\/v2\/kollektion?post=8095"},{"taxonomy":"product_brand","embeddable":true,"href":"https:\/\/the-bath-shop.com\/\/wp-json\/wp\/v2\/product_brand?post=8095"},{"taxonomy":"product_cat","embeddable":true,"href":"https:\/\/the-bath-shop.com\/\/wp-json\/wp\/v2\/product_cat?post=8095"},{"taxonomy":"product_tag","embeddable":true,"href":"https:\/\/the-bath-shop.com\/\/wp-json\/wp\/v2\/product_tag?post=8095"}],"curies":[{"name":"wp","href":"https:\/\/api.w.org\/{rel}","templated":true}]}}