{"id":8099,"date":"2025-03-22T18:27:41","date_gmt":"2025-03-22T17:27:41","guid":{"rendered":"https:\/\/new.the-bath-shop.com\/?post_type=product&#038;p=8099"},"modified":"2025-03-22T18:31:05","modified_gmt":"2025-03-22T17:31:05","slug":"universal-buerstengarnitur-freistehend-keramikbehaelter-2","status":"publish","type":"product","link":"https:\/\/the-bath-shop.com\/produkt\/universal-buerstengarnitur-freistehend-keramikbehaelter-2\/","title":{"rendered":"UNIVERSAL B\u00fcrstengarnitur freistehend Keramikbeh\u00e4lter"},"content":{"rendered":"<p>H\u00f6he: 41 cm<br \/>\nDurchmesser: 10 cm<\/p>\n","protected":false},"excerpt":{"rendered":"<p>H\u00f6he: 41 cm Durchmesser: 10 cm<\/p>\n","protected":false},"featured_media":7019,"menu_order":59,"template":"","meta":{"_acf_changed":false},"kollektion":[385],"product_brand":[],"product_cat":[46,329],"product_tag":[],"class_list":{"0":"post-8099","1":"product","2":"type-product","3":"status-publish","4":"has-post-thumbnail","6":"kollektion-universal","7":"product_cat-accessoires","8":"product_cat-klosett-accessoires","9":"product_shipping_class-chrom-ab-lager-andere-oberflaechen-auf-anfrage","11":"first","12":"instock","13":"taxable","14":"shipping-taxable","15":"product-type-grouped"},"acf":{"additional_info_image":"","additional_info_image_label":"","reduced_product":false},"_links":{"self":[{"href":"https:\/\/the-bath-shop.com\/\/wp-json\/wp\/v2\/product\/8099","targetHints":{"allow":["GET"]}}],"collection":[{"href":"https:\/\/the-bath-shop.com\/\/wp-json\/wp\/v2\/product"}],"about":[{"href":"https:\/\/the-bath-shop.com\/\/wp-json\/wp\/v2\/types\/product"}],"wp:featuredmedia":[{"embeddable":true,"href":"https:\/\/the-bath-shop.com\/\/wp-json\/wp\/v2\/media\/7019"}],"wp:attachment":[{"href":"https:\/\/the-bath-shop.com\/\/wp-json\/wp\/v2\/media?parent=8099"}],"wp:term":[{"taxonomy":"kollektion","embeddable":true,"href":"https:\/\/the-bath-shop.com\/\/wp-json\/wp\/v2\/kollektion?post=8099"},{"taxonomy":"product_brand","embeddable":true,"href":"https:\/\/the-bath-shop.com\/\/wp-json\/wp\/v2\/product_brand?post=8099"},{"taxonomy":"product_cat","embeddable":true,"href":"https:\/\/the-bath-shop.com\/\/wp-json\/wp\/v2\/product_cat?post=8099"},{"taxonomy":"product_tag","embeddable":true,"href":"https:\/\/the-bath-shop.com\/\/wp-json\/wp\/v2\/product_tag?post=8099"}],"curies":[{"name":"wp","href":"https:\/\/api.w.org\/{rel}","templated":true}]}}