{"id":8102,"date":"2025-03-22T18:31:48","date_gmt":"2025-03-22T17:31:48","guid":{"rendered":"https:\/\/new.the-bath-shop.com\/?post_type=product&#038;p=8102"},"modified":"2025-03-22T18:33:50","modified_gmt":"2025-03-22T17:33:50","slug":"universal-buerstengarnitur-freistehend-metallbehaelter-2","status":"publish","type":"product","link":"https:\/\/the-bath-shop.com\/produkt\/universal-buerstengarnitur-freistehend-metallbehaelter-2\/","title":{"rendered":"UNIVERSAL B\u00fcrstengarnitur freistehend Metallbeh\u00e4lter"},"content":{"rendered":"<p>H\u00f6he: 41 cm<br \/>\nDurchmesser: 10 cm<\/p>\n","protected":false},"excerpt":{"rendered":"<p>H\u00f6he: 41 cm Durchmesser: 10 cm<\/p>\n","protected":false},"featured_media":7025,"menu_order":61,"template":"","meta":{"_acf_changed":false},"kollektion":[385],"product_brand":[],"product_cat":[46,329],"product_tag":[],"class_list":{"0":"post-8102","1":"product","2":"type-product","3":"status-publish","4":"has-post-thumbnail","6":"kollektion-universal","7":"product_cat-accessoires","8":"product_cat-klosett-accessoires","9":"product_shipping_class-chrom-ab-lager-andere-oberflaechen-auf-anfrage","11":"first","12":"instock","13":"taxable","14":"shipping-taxable","15":"product-type-grouped"},"acf":{"additional_info_image":"","additional_info_image_label":"","reduced_product":false},"_links":{"self":[{"href":"https:\/\/the-bath-shop.com\/\/wp-json\/wp\/v2\/product\/8102","targetHints":{"allow":["GET"]}}],"collection":[{"href":"https:\/\/the-bath-shop.com\/\/wp-json\/wp\/v2\/product"}],"about":[{"href":"https:\/\/the-bath-shop.com\/\/wp-json\/wp\/v2\/types\/product"}],"wp:featuredmedia":[{"embeddable":true,"href":"https:\/\/the-bath-shop.com\/\/wp-json\/wp\/v2\/media\/7025"}],"wp:attachment":[{"href":"https:\/\/the-bath-shop.com\/\/wp-json\/wp\/v2\/media?parent=8102"}],"wp:term":[{"taxonomy":"kollektion","embeddable":true,"href":"https:\/\/the-bath-shop.com\/\/wp-json\/wp\/v2\/kollektion?post=8102"},{"taxonomy":"product_brand","embeddable":true,"href":"https:\/\/the-bath-shop.com\/\/wp-json\/wp\/v2\/product_brand?post=8102"},{"taxonomy":"product_cat","embeddable":true,"href":"https:\/\/the-bath-shop.com\/\/wp-json\/wp\/v2\/product_cat?post=8102"},{"taxonomy":"product_tag","embeddable":true,"href":"https:\/\/the-bath-shop.com\/\/wp-json\/wp\/v2\/product_tag?post=8102"}],"curies":[{"name":"wp","href":"https:\/\/api.w.org\/{rel}","templated":true}]}}