{"id":8154,"date":"2025-03-31T11:09:33","date_gmt":"2025-03-31T10:09:33","guid":{"rendered":"https:\/\/new.the-bath-shop.com\/?post_type=product&#038;p=8154"},"modified":"2026-03-28T11:37:14","modified_gmt":"2026-03-28T10:37:14","slug":"parklane-handtuchwaermer-elektrisch-wandmodell","status":"publish","type":"product","link":"https:\/\/the-bath-shop.com\/produkt\/parklane-handtuchwaermer-elektrisch-wandmodell\/","title":{"rendered":"PARKLANE Handtuchw\u00e4rmer elektrisch Wandmodell"},"content":{"rendered":"<p>Das elektrische Element ist selbstregulierend, der Strombedarf sehr gering. Am Handtuchw\u00e4rmer selbst hat es keinen Schalter oder Regler. Wir empfehlen, einen externen Schalter oder eine externe Zeitschaltuhr zu installieren, die den W\u00e4rmer zu den gew\u00fcnschten Zeiten an- und abstellt.<\/p>\n<p>Unsere Handtuchw\u00e4rmer sind elektrisch beheizt, geben aber keine Heizleistung an den Raum ab. Dadurch sind sie auch im Sommer einsetzbar. In dieser Jahresperiode verz\u00f6gert die Raumfeuchtigkeit das nat\u00fcrliche Trocknen der Hand- und Badet\u00fccher weit mehr als in der Heizperiode.<\/p>\n<p>Diese Serie hat keine sichtbaren Befestigungsschrauben.<\/p>\n<p>Das Wandmodell ist in zwei verschiedenen Gr\u00f6ssen (H\u00f6he x Breite) in Chrom ab Lager erh\u00e4ltlich. Auf Anfrage k\u00f6nnen andere Masse bestellt werden.<\/p>\n","protected":false},"excerpt":{"rendered":"<p>Das elektrische Element ist selbstregulierend, der Strombedarf sehr gering. Am Handtuchw\u00e4rmer selbst hat es keinen Schalter oder Regler. Wir empfehlen, einen externen Schalter oder eine externe Zeitschaltuhr zu installieren, die den W\u00e4rmer zu den gew\u00fcnschten Zeiten an- und abstellt. Unsere Handtuchw\u00e4rmer sind elektrisch beheizt, geben aber keine Heizleistung an den Raum ab. Dadurch sind sie [&hellip;]<\/p>\n","protected":false},"featured_media":8656,"menu_order":322,"template":"","meta":{"_acf_changed":false},"kollektion":[378],"product_brand":[],"product_cat":[52,296],"product_tag":[],"class_list":{"0":"post-8154","1":"product","2":"type-product","3":"status-publish","4":"has-post-thumbnail","6":"kollektion-parklane","7":"product_cat-handtuchwaermer","8":"product_cat-wandmodelle","9":"product_shipping_class-chrom-ab-lager-andere-oberflaechen-auf-anfrage","11":"first","12":"instock","13":"taxable","14":"shipping-taxable","15":"product-type-grouped"},"acf":{"additional_info_image":"","additional_info_image_label":"","reduced_product":false},"_links":{"self":[{"href":"https:\/\/the-bath-shop.com\/\/wp-json\/wp\/v2\/product\/8154","targetHints":{"allow":["GET"]}}],"collection":[{"href":"https:\/\/the-bath-shop.com\/\/wp-json\/wp\/v2\/product"}],"about":[{"href":"https:\/\/the-bath-shop.com\/\/wp-json\/wp\/v2\/types\/product"}],"wp:featuredmedia":[{"embeddable":true,"href":"https:\/\/the-bath-shop.com\/\/wp-json\/wp\/v2\/media\/8656"}],"wp:attachment":[{"href":"https:\/\/the-bath-shop.com\/\/wp-json\/wp\/v2\/media?parent=8154"}],"wp:term":[{"taxonomy":"kollektion","embeddable":true,"href":"https:\/\/the-bath-shop.com\/\/wp-json\/wp\/v2\/kollektion?post=8154"},{"taxonomy":"product_brand","embeddable":true,"href":"https:\/\/the-bath-shop.com\/\/wp-json\/wp\/v2\/product_brand?post=8154"},{"taxonomy":"product_cat","embeddable":true,"href":"https:\/\/the-bath-shop.com\/\/wp-json\/wp\/v2\/product_cat?post=8154"},{"taxonomy":"product_tag","embeddable":true,"href":"https:\/\/the-bath-shop.com\/\/wp-json\/wp\/v2\/product_tag?post=8154"}],"curies":[{"name":"wp","href":"https:\/\/api.w.org\/{rel}","templated":true}]}}