{"id":8203,"date":"2025-04-01T12:58:37","date_gmt":"2025-04-01T11:58:37","guid":{"rendered":"https:\/\/new.the-bath-shop.com\/?post_type=product&#038;p=8203"},"modified":"2025-04-01T13:02:13","modified_gmt":"2025-04-01T12:02:13","slug":"universal-abgangsrohr-gerade-3","status":"publish","type":"product","link":"https:\/\/the-bath-shop.com\/produkt\/universal-abgangsrohr-gerade-3\/","title":{"rendered":"UNIVERSAL Abgangsrohr gerade"},"content":{"rendered":"<p>Abgangsrohr gerade Kunststoff weiss.<\/p>\n<p>Anschluss zur Wand \u00f8 90 mm. (mit Gummimanschette \u00f8 100 mm)<\/p>\n<p>F\u00fcr Toiletten mit \u00f8 100 mm Ausgang.<\/p>\n","protected":false},"excerpt":{"rendered":"<p>Abgangsrohr gerade Kunststoff weiss. Anschluss zur Wand \u00f8 90 mm. (mit Gummimanschette \u00f8 100 mm) F\u00fcr Toiletten mit \u00f8 100 mm Ausgang.<\/p>\n","protected":false},"featured_media":3171,"menu_order":188,"template":"","meta":{"_acf_changed":false},"kollektion":[],"product_brand":[],"product_cat":[324,325],"product_tag":[],"class_list":{"0":"post-8203","1":"product","2":"type-product","3":"status-publish","4":"has-post-thumbnail","6":"product_cat-klosetts","7":"product_cat-zubehoer-klosetts","8":"product_shipping_class-ab-lager","10":"first","11":"instock","12":"taxable","13":"shipping-taxable","14":"product-type-grouped"},"acf":{"additional_info_image":"","additional_info_image_label":"","reduced_product":false},"_links":{"self":[{"href":"https:\/\/the-bath-shop.com\/\/wp-json\/wp\/v2\/product\/8203","targetHints":{"allow":["GET"]}}],"collection":[{"href":"https:\/\/the-bath-shop.com\/\/wp-json\/wp\/v2\/product"}],"about":[{"href":"https:\/\/the-bath-shop.com\/\/wp-json\/wp\/v2\/types\/product"}],"wp:featuredmedia":[{"embeddable":true,"href":"https:\/\/the-bath-shop.com\/\/wp-json\/wp\/v2\/media\/3171"}],"wp:attachment":[{"href":"https:\/\/the-bath-shop.com\/\/wp-json\/wp\/v2\/media?parent=8203"}],"wp:term":[{"taxonomy":"kollektion","embeddable":true,"href":"https:\/\/the-bath-shop.com\/\/wp-json\/wp\/v2\/kollektion?post=8203"},{"taxonomy":"product_brand","embeddable":true,"href":"https:\/\/the-bath-shop.com\/\/wp-json\/wp\/v2\/product_brand?post=8203"},{"taxonomy":"product_cat","embeddable":true,"href":"https:\/\/the-bath-shop.com\/\/wp-json\/wp\/v2\/product_cat?post=8203"},{"taxonomy":"product_tag","embeddable":true,"href":"https:\/\/the-bath-shop.com\/\/wp-json\/wp\/v2\/product_tag?post=8203"}],"curies":[{"name":"wp","href":"https:\/\/api.w.org\/{rel}","templated":true}]}}