{"id":8246,"date":"2025-04-02T14:17:40","date_gmt":"2025-04-02T13:17:40","guid":{"rendered":"https:\/\/new.the-bath-shop.com\/?post_type=product&#038;p=8246"},"modified":"2025-06-23T16:47:31","modified_gmt":"2025-06-23T15:47:31","slug":"jackson-lavabo-mit-untergestell-68-x-50-cm","status":"publish","type":"product","link":"https:\/\/the-bath-shop.com\/produkt\/jackson-lavabo-mit-untergestell-68-x-50-cm\/","title":{"rendered":"JACKSON Lavabo mit Untergestell 68 x 50 cm"},"content":{"rendered":"<p>Die Lavabos der Serie JACKSON werden in England nach unseren Entw\u00fcrfen gefertigt.<\/p>\n<p>Erh\u00e4ltlich mit Ein-Loch- oder mit Drei-Loch-Bohrung f\u00fcr die Armatur.<\/p>\n<p>Die Untergestelle aus der Serie BOULE, die ebenfalls aus England stammen, werden aus bestem Messing hergestellt, entweder in der Ausf\u00fchrung Chrom oder Nickel glanz. Falls der Boden uneben ist, lassen sich die Beine bis zu 10 mm k\u00fcrzen. Die St\u00fctzplatte unterhalb des Lavabos kann in der H\u00f6he reguliert werden, um die Herstellungstoleranzen des Lavabos auszugleichen. Unter jedem Fuss hat es einen 10 mm langen Stift, der zur Verankerung im Boden dient. Er kann bei Bedarf gek\u00fcrzt werden.<\/p>\n","protected":false},"excerpt":{"rendered":"<p>Die Lavabos der Serie JACKSON werden in England nach unseren Entw\u00fcrfen gefertigt. Erh\u00e4ltlich mit Ein-Loch- oder mit Drei-Loch-Bohrung f\u00fcr die Armatur. Die Untergestelle aus der Serie BOULE, die ebenfalls aus England stammen, werden aus bestem Messing hergestellt, entweder in der Ausf\u00fchrung Chrom oder Nickel glanz. Falls der Boden uneben ist, lassen sich die Beine bis [&hellip;]<\/p>\n","protected":false},"featured_media":8255,"menu_order":89,"template":"","meta":{"_acf_changed":false},"kollektion":[374],"product_brand":[],"product_cat":[31,266],"product_tag":[],"class_list":{"0":"post-8246","1":"product","2":"type-product","3":"status-publish","4":"has-post-thumbnail","6":"kollektion-jackson","7":"product_cat-lavabos","8":"product_cat-lavabos-einzeln","9":"product_shipping_class-chrom-ab-lager-andere-oberflaechen-auf-anfrage","11":"first","12":"instock","13":"taxable","14":"shipping-taxable","15":"product-type-grouped"},"acf":{"additional_info_image":"","additional_info_image_label":"","reduced_product":false},"_links":{"self":[{"href":"https:\/\/the-bath-shop.com\/\/wp-json\/wp\/v2\/product\/8246","targetHints":{"allow":["GET"]}}],"collection":[{"href":"https:\/\/the-bath-shop.com\/\/wp-json\/wp\/v2\/product"}],"about":[{"href":"https:\/\/the-bath-shop.com\/\/wp-json\/wp\/v2\/types\/product"}],"wp:featuredmedia":[{"embeddable":true,"href":"https:\/\/the-bath-shop.com\/\/wp-json\/wp\/v2\/media\/8255"}],"wp:attachment":[{"href":"https:\/\/the-bath-shop.com\/\/wp-json\/wp\/v2\/media?parent=8246"}],"wp:term":[{"taxonomy":"kollektion","embeddable":true,"href":"https:\/\/the-bath-shop.com\/\/wp-json\/wp\/v2\/kollektion?post=8246"},{"taxonomy":"product_brand","embeddable":true,"href":"https:\/\/the-bath-shop.com\/\/wp-json\/wp\/v2\/product_brand?post=8246"},{"taxonomy":"product_cat","embeddable":true,"href":"https:\/\/the-bath-shop.com\/\/wp-json\/wp\/v2\/product_cat?post=8246"},{"taxonomy":"product_tag","embeddable":true,"href":"https:\/\/the-bath-shop.com\/\/wp-json\/wp\/v2\/product_tag?post=8246"}],"curies":[{"name":"wp","href":"https:\/\/api.w.org\/{rel}","templated":true}]}}