{"id":8256,"date":"2025-04-02T15:23:50","date_gmt":"2025-04-02T14:23:50","guid":{"rendered":"https:\/\/new.the-bath-shop.com\/?post_type=product&#038;p=8256"},"modified":"2025-04-02T16:27:58","modified_gmt":"2025-04-02T15:27:58","slug":"jackson-lavabo-mit-saeule-68-x-50","status":"publish","type":"product","link":"https:\/\/the-bath-shop.com\/produkt\/jackson-lavabo-mit-saeule-68-x-50\/","title":{"rendered":"JACKSON Lavabo mit S\u00e4ule 68 x 50 cm"},"content":{"rendered":"<div id=\"-product-description-93-5145\" class=\"oxy-product-description oxy-woo-element\">\n<p>Die Lavabos der Serie JACKSON werden in England nach unseren Entw\u00fcrfen gefertigt.<\/p>\n<p>Erh\u00e4ltlich mit Ein-Loch- oder mit Drei-Loch-Bohrung f\u00fcr die Armatur.<\/p>\n<p>Hinten an der S\u00e4ule hat es eine \u00d6ffnung f\u00fcr den Anschluss des Siphons.<\/p>\n<\/div>\n","protected":false},"excerpt":{"rendered":"<p>Die Lavabos der Serie JACKSON werden in England nach unseren Entw\u00fcrfen gefertigt. Erh\u00e4ltlich mit Ein-Loch- oder mit Drei-Loch-Bohrung f\u00fcr die Armatur. Hinten an der S\u00e4ule hat es eine \u00d6ffnung f\u00fcr den Anschluss des Siphons.<\/p>\n","protected":false},"featured_media":8278,"menu_order":85,"template":"","meta":{"_acf_changed":false},"kollektion":[374],"product_brand":[],"product_cat":[31,266],"product_tag":[],"class_list":{"0":"post-8256","1":"product","2":"type-product","3":"status-publish","4":"has-post-thumbnail","6":"kollektion-jackson","7":"product_cat-lavabos","8":"product_cat-lavabos-einzeln","9":"product_shipping_class-weiss-ab-lager-farben-auf-anfrage","11":"first","12":"instock","13":"taxable","14":"shipping-taxable","15":"product-type-grouped"},"acf":{"additional_info_image":"","additional_info_image_label":"","reduced_product":false},"_links":{"self":[{"href":"https:\/\/the-bath-shop.com\/\/wp-json\/wp\/v2\/product\/8256","targetHints":{"allow":["GET"]}}],"collection":[{"href":"https:\/\/the-bath-shop.com\/\/wp-json\/wp\/v2\/product"}],"about":[{"href":"https:\/\/the-bath-shop.com\/\/wp-json\/wp\/v2\/types\/product"}],"wp:featuredmedia":[{"embeddable":true,"href":"https:\/\/the-bath-shop.com\/\/wp-json\/wp\/v2\/media\/8278"}],"wp:attachment":[{"href":"https:\/\/the-bath-shop.com\/\/wp-json\/wp\/v2\/media?parent=8256"}],"wp:term":[{"taxonomy":"kollektion","embeddable":true,"href":"https:\/\/the-bath-shop.com\/\/wp-json\/wp\/v2\/kollektion?post=8256"},{"taxonomy":"product_brand","embeddable":true,"href":"https:\/\/the-bath-shop.com\/\/wp-json\/wp\/v2\/product_brand?post=8256"},{"taxonomy":"product_cat","embeddable":true,"href":"https:\/\/the-bath-shop.com\/\/wp-json\/wp\/v2\/product_cat?post=8256"},{"taxonomy":"product_tag","embeddable":true,"href":"https:\/\/the-bath-shop.com\/\/wp-json\/wp\/v2\/product_tag?post=8256"}],"curies":[{"name":"wp","href":"https:\/\/api.w.org\/{rel}","templated":true}]}}