{"id":9039,"date":"2026-02-12T14:43:07","date_gmt":"2026-02-12T13:43:07","guid":{"rendered":"https:\/\/the-bath-shop.com\/?post_type=product&#038;p=9039"},"modified":"2026-03-28T13:57:55","modified_gmt":"2026-03-28T12:57:55","slug":"sinclair-lavaboarmatur-wand-215-mm","status":"publish","type":"product","link":"https:\/\/the-bath-shop.com\/produkt\/sinclair-lavaboarmatur-wand-215-mm\/","title":{"rendered":"SINCLAIR Lavaboarmatur Wand 215 mm"},"content":{"rendered":"<p>F\u00fcr eine komplette Armatur braucht es das Unterputzmaterial und das Fertigmontageset.<\/p>\n<p>Ablaufventile sowie weiteres Zubeh\u00f6r wie Metallsiphon, sind separat erh\u00e4ltlich.<\/p>\n","protected":false},"excerpt":{"rendered":"<p>F\u00fcr eine komplette Armatur braucht es das Unterputzmaterial und das Fertigmontageset. Ablaufventile sowie weiteres Zubeh\u00f6r wie Metallsiphon, sind separat erh\u00e4ltlich.<\/p>\n","protected":false},"featured_media":9035,"menu_order":255,"template":"","meta":{"_acf_changed":false},"kollektion":[387],"product_brand":[],"product_cat":[43,264],"product_tag":[],"class_list":{"0":"post-9039","1":"product","2":"type-product","3":"status-publish","4":"has-post-thumbnail","6":"kollektion-sinclair","7":"product_cat-armaturen","8":"product_cat-lavaboarmaturen","9":"product_shipping_class-chrom-ab-lager-andere-oberflaechen-auf-anfrage","11":"first","12":"instock","13":"taxable","14":"shipping-taxable","15":"product-type-grouped"},"acf":{"additional_info_image":"","additional_info_image_label":"","reduced_product":false},"_links":{"self":[{"href":"https:\/\/the-bath-shop.com\/\/wp-json\/wp\/v2\/product\/9039","targetHints":{"allow":["GET"]}}],"collection":[{"href":"https:\/\/the-bath-shop.com\/\/wp-json\/wp\/v2\/product"}],"about":[{"href":"https:\/\/the-bath-shop.com\/\/wp-json\/wp\/v2\/types\/product"}],"wp:featuredmedia":[{"embeddable":true,"href":"https:\/\/the-bath-shop.com\/\/wp-json\/wp\/v2\/media\/9035"}],"wp:attachment":[{"href":"https:\/\/the-bath-shop.com\/\/wp-json\/wp\/v2\/media?parent=9039"}],"wp:term":[{"taxonomy":"kollektion","embeddable":true,"href":"https:\/\/the-bath-shop.com\/\/wp-json\/wp\/v2\/kollektion?post=9039"},{"taxonomy":"product_brand","embeddable":true,"href":"https:\/\/the-bath-shop.com\/\/wp-json\/wp\/v2\/product_brand?post=9039"},{"taxonomy":"product_cat","embeddable":true,"href":"https:\/\/the-bath-shop.com\/\/wp-json\/wp\/v2\/product_cat?post=9039"},{"taxonomy":"product_tag","embeddable":true,"href":"https:\/\/the-bath-shop.com\/\/wp-json\/wp\/v2\/product_tag?post=9039"}],"curies":[{"name":"wp","href":"https:\/\/api.w.org\/{rel}","templated":true}]}}