{"id":9069,"date":"2026-02-12T15:20:16","date_gmt":"2026-02-12T14:20:16","guid":{"rendered":"https:\/\/the-bath-shop.com\/?post_type=product&#038;p=9069"},"modified":"2026-02-13T18:10:06","modified_gmt":"2026-02-13T17:10:06","slug":"sinclair-duscharmatur-2","status":"publish","type":"product","link":"https:\/\/the-bath-shop.com\/produkt\/sinclair-duscharmatur-2\/","title":{"rendered":"SINCLAIR Duscharmatur"},"content":{"rendered":"<p>Komplett mit Duschkopf \u00f8 22 cm und Handbrause \u00f8 75 mm mit Porzellangriff. Beide mit Antikalk-Noppen, fixer Wandhalterung f\u00fcr Handbrause und 150 cm Schlauch. Die H\u00f6he ist verstellbar.<\/p>\n<p>Eine Gleitstange ist mit dieser Armatur nicht n\u00f6tig. Wir empfehlen die Handbrausehalterung auf Schulterh\u00f6he zu montieren, damit die Haare beim Duschen nicht nass werden.<\/p>\n<p>Anschluss: 1\/2'', 175 mm +\/- 30 mm<\/p>\n","protected":false},"excerpt":{"rendered":"<p>Komplett mit Duschkopf \u00f8 22 cm und Handbrause \u00f8 75 mm mit Porzellangriff. Beide mit Antikalk-Noppen, fixer Wandhalterung f\u00fcr Handbrause und 150 cm Schlauch. Die H\u00f6he ist verstellbar. Eine Gleitstange ist mit dieser Armatur nicht n\u00f6tig. Wir empfehlen die Handbrausehalterung auf Schulterh\u00f6he zu montieren, damit die Haare beim Duschen nicht nass werden. Anschluss: 1\/2'', 175 [&hellip;]<\/p>\n","protected":false},"featured_media":9065,"menu_order":259,"template":"","meta":{"_acf_changed":false},"kollektion":[387],"product_brand":[],"product_cat":[43,262],"product_tag":[],"class_list":{"0":"post-9069","1":"product","2":"type-product","3":"status-publish","4":"has-post-thumbnail","6":"kollektion-sinclair","7":"product_cat-armaturen","8":"product_cat-duscharmaturen","10":"first","11":"instock","12":"taxable","13":"shipping-taxable","14":"product-type-grouped"},"acf":{"additional_info_image":"","additional_info_image_label":"","reduced_product":false},"_links":{"self":[{"href":"https:\/\/the-bath-shop.com\/\/wp-json\/wp\/v2\/product\/9069","targetHints":{"allow":["GET"]}}],"collection":[{"href":"https:\/\/the-bath-shop.com\/\/wp-json\/wp\/v2\/product"}],"about":[{"href":"https:\/\/the-bath-shop.com\/\/wp-json\/wp\/v2\/types\/product"}],"wp:featuredmedia":[{"embeddable":true,"href":"https:\/\/the-bath-shop.com\/\/wp-json\/wp\/v2\/media\/9065"}],"wp:attachment":[{"href":"https:\/\/the-bath-shop.com\/\/wp-json\/wp\/v2\/media?parent=9069"}],"wp:term":[{"taxonomy":"kollektion","embeddable":true,"href":"https:\/\/the-bath-shop.com\/\/wp-json\/wp\/v2\/kollektion?post=9069"},{"taxonomy":"product_brand","embeddable":true,"href":"https:\/\/the-bath-shop.com\/\/wp-json\/wp\/v2\/product_brand?post=9069"},{"taxonomy":"product_cat","embeddable":true,"href":"https:\/\/the-bath-shop.com\/\/wp-json\/wp\/v2\/product_cat?post=9069"},{"taxonomy":"product_tag","embeddable":true,"href":"https:\/\/the-bath-shop.com\/\/wp-json\/wp\/v2\/product_tag?post=9069"}],"curies":[{"name":"wp","href":"https:\/\/api.w.org\/{rel}","templated":true}]}}