{"id":9162,"date":"2026-02-13T09:40:18","date_gmt":"2026-02-13T08:40:18","guid":{"rendered":"https:\/\/the-bath-shop.com\/?post_type=product&#038;p=9162"},"modified":"2026-02-13T14:04:32","modified_gmt":"2026-02-13T13:04:32","slug":"sinclair-beispiel-thermostatenmischer-fuer-bad-und-dusche","status":"publish","type":"product","link":"https:\/\/the-bath-shop.com\/produkt\/sinclair-beispiel-thermostatenmischer-fuer-bad-und-dusche\/","title":{"rendered":"SINCLAIR Beispiel: Thermostatenmischer f\u00fcr Bad und Dusche"},"content":{"rendered":"<p>Richten Sie sich Ihr Bad ganz individuell ein. Die Kombinationen mit einem Thermostatenmischer sind unbeschr\u00e4nkt. Duschkopf, Handbrause undWannenauslauf k\u00f6nnen einzeln oder gleichzeitig laufen.<\/p>\n<p>Diese Kombination l\u00e4sst sich sowohl f\u00fcr die Dusche wie auch f\u00fcr die Wanne einsetzen. Wandduschen, Handbrausen und Wanneneinl\u00e4ufe finden Sie auf den entsprechenden Seiten.<\/p>\n","protected":false},"excerpt":{"rendered":"<p>Richten Sie sich Ihr Bad ganz individuell ein. Die Kombinationen mit einem Thermostatenmischer sind unbeschr\u00e4nkt. Duschkopf, Handbrause undWannenauslauf k\u00f6nnen einzeln oder gleichzeitig laufen. Diese Kombination l\u00e4sst sich sowohl f\u00fcr die Dusche wie auch f\u00fcr die Wanne einsetzen. Wandduschen, Handbrausen und Wanneneinl\u00e4ufe finden Sie auf den entsprechenden Seiten.<\/p>\n","protected":false},"featured_media":9163,"menu_order":252,"template":"","meta":{"_acf_changed":false},"kollektion":[387],"product_brand":[],"product_cat":[43,262],"product_tag":[],"class_list":{"0":"post-9162","1":"product","2":"type-product","3":"status-publish","4":"has-post-thumbnail","6":"kollektion-sinclair","7":"product_cat-armaturen","8":"product_cat-duscharmaturen","10":"first","11":"instock","12":"taxable","13":"shipping-taxable","14":"product-type-grouped"},"acf":{"additional_info_image":"","additional_info_image_label":"","reduced_product":false},"_links":{"self":[{"href":"https:\/\/the-bath-shop.com\/\/wp-json\/wp\/v2\/product\/9162","targetHints":{"allow":["GET"]}}],"collection":[{"href":"https:\/\/the-bath-shop.com\/\/wp-json\/wp\/v2\/product"}],"about":[{"href":"https:\/\/the-bath-shop.com\/\/wp-json\/wp\/v2\/types\/product"}],"wp:featuredmedia":[{"embeddable":true,"href":"https:\/\/the-bath-shop.com\/\/wp-json\/wp\/v2\/media\/9163"}],"wp:attachment":[{"href":"https:\/\/the-bath-shop.com\/\/wp-json\/wp\/v2\/media?parent=9162"}],"wp:term":[{"taxonomy":"kollektion","embeddable":true,"href":"https:\/\/the-bath-shop.com\/\/wp-json\/wp\/v2\/kollektion?post=9162"},{"taxonomy":"product_brand","embeddable":true,"href":"https:\/\/the-bath-shop.com\/\/wp-json\/wp\/v2\/product_brand?post=9162"},{"taxonomy":"product_cat","embeddable":true,"href":"https:\/\/the-bath-shop.com\/\/wp-json\/wp\/v2\/product_cat?post=9162"},{"taxonomy":"product_tag","embeddable":true,"href":"https:\/\/the-bath-shop.com\/\/wp-json\/wp\/v2\/product_tag?post=9162"}],"curies":[{"name":"wp","href":"https:\/\/api.w.org\/{rel}","templated":true}]}}